{"id":123088,"date":"2022-01-31T11:53:17","date_gmt":"2022-01-31T11:53:17","guid":{"rendered":"https:\/\/moto-oprema.com\/Artikel\/alpinestars-sp-8-hdry-handschuhe-schwarz\/"},"modified":"2022-01-31T11:53:17","modified_gmt":"2022-01-31T11:53:17","slug":"alpinestars-sp-8-hdry-handschuhe-schwarz","status":"publish","type":"product","link":"https:\/\/moto-oprema.com\/de\/Artikel\/alpinestars-sp-8-hdry-handschuhe-schwarz\/","title":{"rendered":"ALPINESTARS SP-8 HDRY HANDSCHUHE SCHWARZ"},"content":{"rendered":"<p>Der Alpinestars SP-8 HDry\u00ae Glove ist ein vollst\u00e4ndig wasserdichter und atmungsaktiver Sport-Reithandschuh, der mit der fortschrittlichen HDry\u00ae-Membran-Laminierungstechnologie hergestellt wird, um einen wasserdichten Handschuh zu schaffen. Dieser Handschuh basiert auf dem legend\u00e4ren Alpinestars SP-8 Handschuh und besteht aus einer Kombination aus Ziegenleder und Synthetikleder f\u00fcr geringes Gewicht und Leistung. Ausgestattet mit dem SP-Kn\u00f6chelschutz mit doppelter Dichte, einem doppelten Verschlusssystem und mehrschichtigen Verst\u00e4rkungen mit Akkordeon- und Stretch-Zonen bietet dieser wetterfeste Handschuh effektive Leistung bei allen Wetterbedingungen.<\/p>\n","protected":false},"excerpt":{"rendered":"<p>Der Alpinestars SP-8 HDry\u00ae Glove ist ein vollst\u00e4ndig wasserdichter und atmungsaktiver Sport-Reithandschuh, der mit der fortschrittlichen&#8230;<\/p>\n","protected":false},"featured_media":16667,"comment_status":"open","ping_status":"open","template":"","meta":{"_acf_changed":false},"brand":[2111],"gender":[],"product_brand":[],"product_cat":[1357,2086,2188],"product_tag":[],"class_list":{"0":"post-123088","1":"product","2":"type-product","3":"status-publish","4":"has-post-thumbnail","6":"brand-alpinestars-de","7":"product_cat-ausrustung-fur-motorradfahrer","8":"product_cat-handschuhe","9":"product_cat-lederhandschuhe","10":"pa_size-l-de","11":"pa_size-m-de","12":"pa_size-s-de","13":"pa_size-xl-de","14":"pa_size-xxl-de","15":"pa_size-xxxl-de","17":"first","18":"instock","19":"sale","20":"taxable","21":"shipping-taxable","22":"purchasable","23":"product-type-variable"},"acf":[],"_links":{"self":[{"href":"https:\/\/moto-oprema.com\/de\/wp-json\/wp\/v2\/product\/123088","targetHints":{"allow":["GET"]}}],"collection":[{"href":"https:\/\/moto-oprema.com\/de\/wp-json\/wp\/v2\/product"}],"about":[{"href":"https:\/\/moto-oprema.com\/de\/wp-json\/wp\/v2\/types\/product"}],"replies":[{"embeddable":true,"href":"https:\/\/moto-oprema.com\/de\/wp-json\/wp\/v2\/comments?post=123088"}],"wp:featuredmedia":[{"embeddable":true,"href":"https:\/\/moto-oprema.com\/de\/wp-json\/wp\/v2\/media\/16667"}],"wp:attachment":[{"href":"https:\/\/moto-oprema.com\/de\/wp-json\/wp\/v2\/media?parent=123088"}],"wp:term":[{"taxonomy":"brand","embeddable":true,"href":"https:\/\/moto-oprema.com\/de\/wp-json\/wp\/v2\/brand?post=123088"},{"taxonomy":"gender","embeddable":true,"href":"https:\/\/moto-oprema.com\/de\/wp-json\/wp\/v2\/gender?post=123088"},{"taxonomy":"product_brand","embeddable":true,"href":"https:\/\/moto-oprema.com\/de\/wp-json\/wp\/v2\/product_brand?post=123088"},{"taxonomy":"product_cat","embeddable":true,"href":"https:\/\/moto-oprema.com\/de\/wp-json\/wp\/v2\/product_cat?post=123088"},{"taxonomy":"product_tag","embeddable":true,"href":"https:\/\/moto-oprema.com\/de\/wp-json\/wp\/v2\/product_tag?post=123088"}],"curies":[{"name":"wp","href":"https:\/\/api.w.org\/{rel}","templated":true}]}}