{"id":123072,"date":"2022-01-31T10:57:37","date_gmt":"2022-01-31T10:57:37","guid":{"rendered":"https:\/\/moto-oprema.com\/Artikel\/alpinestars-handschuhe-stella-andes-v3-drystar\/"},"modified":"2022-01-31T10:57:37","modified_gmt":"2022-01-31T10:57:37","slug":"alpinestars-handschuhe-stella-andes-v3-drystar","status":"publish","type":"product","link":"https:\/\/moto-oprema.com\/de\/Artikel\/alpinestars-handschuhe-stella-andes-v3-drystar\/","title":{"rendered":"ALPINESTARS HANDSCHUHE STELLA ANDES V3 DRYSTAR"},"content":{"rendered":"<p>Die Stella Andes v3 Drystar Handschuhe sind perfekt f\u00fcr die \u00dcbergangszeit und wurden speziell f\u00fcr die weibliche Anatomie entwickelt. Mit einer Handfl\u00e4che aus Ziegenleder und einem Handr\u00fccken aus Micro RipStop sorgen die Handschuhe f\u00fcr hervorragende Abriebfestigkeit und optimale Passform und Komfort. Au\u00dferdem verf\u00fcgt er \u00fcber einen viskoelastischen Kn\u00f6chelschutz und Stretcheins\u00e4tze f\u00fcr verbesserte Flexibilit\u00e4t. Der Handschuh ist auch an den Seiten verst\u00e4rkt und hat Touchscreen-kompatible Fingerspitzen. Vollst\u00e4ndig CE-zertifiziert: CE Stufe 1 KP    <\/p>\n<\/p>\n<p xml_lang=\"sl-si\" lang=\"sl-si\">\n<p xml_lang=\"sl-si\" lang=\"sl-si\">\n","protected":false},"excerpt":{"rendered":"<p>Die Stella Andes v3 Drystar Handschuhe sind perfekt f\u00fcr die \u00dcbergangszeit und wurden speziell f\u00fcr die&#8230;<\/p>\n","protected":false},"featured_media":16652,"comment_status":"open","ping_status":"closed","template":"","meta":{"_acf_changed":false},"brand":[2111],"gender":[],"product_brand":[],"product_cat":[1357,2086,2092],"product_tag":[],"class_list":{"0":"post-123072","1":"product","2":"type-product","3":"status-publish","4":"has-post-thumbnail","6":"brand-alpinestars-de","7":"product_cat-ausrustung-fur-motorradfahrer","8":"product_cat-handschuhe","9":"product_cat-textil-handschuhe","10":"pa_size-xs-de","11":"pa_velikost-st-l-de","12":"pa_velikost-st-m-de","13":"pa_velikost-st-s-de","14":"pa_velikost-st-xl-de","16":"first","17":"outofstock","18":"sale","19":"taxable","20":"shipping-taxable","21":"purchasable","22":"product-type-variable"},"acf":[],"_links":{"self":[{"href":"https:\/\/moto-oprema.com\/de\/wp-json\/wp\/v2\/product\/123072","targetHints":{"allow":["GET"]}}],"collection":[{"href":"https:\/\/moto-oprema.com\/de\/wp-json\/wp\/v2\/product"}],"about":[{"href":"https:\/\/moto-oprema.com\/de\/wp-json\/wp\/v2\/types\/product"}],"replies":[{"embeddable":true,"href":"https:\/\/moto-oprema.com\/de\/wp-json\/wp\/v2\/comments?post=123072"}],"wp:featuredmedia":[{"embeddable":true,"href":"https:\/\/moto-oprema.com\/de\/wp-json\/wp\/v2\/media\/16652"}],"wp:attachment":[{"href":"https:\/\/moto-oprema.com\/de\/wp-json\/wp\/v2\/media?parent=123072"}],"wp:term":[{"taxonomy":"brand","embeddable":true,"href":"https:\/\/moto-oprema.com\/de\/wp-json\/wp\/v2\/brand?post=123072"},{"taxonomy":"gender","embeddable":true,"href":"https:\/\/moto-oprema.com\/de\/wp-json\/wp\/v2\/gender?post=123072"},{"taxonomy":"product_brand","embeddable":true,"href":"https:\/\/moto-oprema.com\/de\/wp-json\/wp\/v2\/product_brand?post=123072"},{"taxonomy":"product_cat","embeddable":true,"href":"https:\/\/moto-oprema.com\/de\/wp-json\/wp\/v2\/product_cat?post=123072"},{"taxonomy":"product_tag","embeddable":true,"href":"https:\/\/moto-oprema.com\/de\/wp-json\/wp\/v2\/product_tag?post=123072"}],"curies":[{"name":"wp","href":"https:\/\/api.w.org\/{rel}","templated":true}]}}