{"id":123065,"date":"2022-02-21T11:47:54","date_gmt":"2022-02-21T11:47:54","guid":{"rendered":"https:\/\/moto-oprema.com\/Artikel\/dainese-plaza-3-d-dry-frauen-handschuhe-schwarz\/"},"modified":"2022-02-21T11:47:54","modified_gmt":"2022-02-21T11:47:54","slug":"dainese-plaza-3-d-dry-frauen-handschuhe-schwarz","status":"publish","type":"product","link":"https:\/\/moto-oprema.com\/de\/Artikel\/dainese-plaza-3-d-dry-frauen-handschuhe-schwarz\/","title":{"rendered":"DAINESE PLAZA 3 D-DRY FRAUEN HANDSCHUHE SCHWARZ"},"content":{"rendered":"<p>Die speziell an die Form einer Frauenhand angepassten, zertifizierten Plaza 3 Lady D-Dry\u00ae City Gloves wurden f\u00fcr all jene Motorradfahrerinnen entwickelt, die auch bei widrigen Wetterverh\u00e4ltnissen nicht auf ihr Zweirad verzichten wollen. Die Dainese D-Dry\u00ae Membran sorgt f\u00fcr vollst\u00e4ndige Wasserdichtigkeit und Atmungsaktivit\u00e4t. Das Thermofutter und das Windschutzsystem halten Ihre H\u00e4nde auch an den k\u00e4ltesten Tagen warm. Weiche Eins\u00e4tze, Stretchmaterial, das sich der Form der Hand anpasst, und vorgekr\u00fcmmte Finger sorgen f\u00fcr maximalen Komfort. Die Handschuhe sind mit dem Smart Touch-Einsatz von Dainese ausgestattet, der die Verwendung von Smartphones und GPS-Systemen erm\u00f6glicht. Kontrastierende, reflektierende Details und verst\u00e4rktes Gewebe an der Handfl\u00e4che runden die Ausstattung der Plaza 3 Lady D-Dry\u00ae Handschuhe ab.     <\/p>\n<p>100% Polyester<\/p>\n","protected":false},"excerpt":{"rendered":"<p>Die speziell an die Form einer Frauenhand angepassten, zertifizierten Plaza 3 Lady D-Dry\u00ae City Gloves wurden&#8230;<\/p>\n","protected":false},"featured_media":16826,"comment_status":"open","ping_status":"open","template":"","meta":{"_acf_changed":false},"brand":[2113],"gender":[2170],"product_brand":[],"product_cat":[1357,2086,2092],"product_tag":[],"class_list":{"0":"post-123065","1":"product","2":"type-product","3":"status-publish","4":"has-post-thumbnail","6":"brand-dainese-de","7":"gender-zenska-de","8":"product_cat-ausrustung-fur-motorradfahrer","9":"product_cat-handschuhe","10":"product_cat-textil-handschuhe","11":"pa_size-l-de","12":"pa_size-m-de","13":"pa_size-s-de","14":"pa_size-xs-de","16":"first","17":"onbackorder","18":"taxable","19":"shipping-taxable","20":"purchasable","21":"product-type-variable"},"acf":[],"_links":{"self":[{"href":"https:\/\/moto-oprema.com\/de\/wp-json\/wp\/v2\/product\/123065","targetHints":{"allow":["GET"]}}],"collection":[{"href":"https:\/\/moto-oprema.com\/de\/wp-json\/wp\/v2\/product"}],"about":[{"href":"https:\/\/moto-oprema.com\/de\/wp-json\/wp\/v2\/types\/product"}],"replies":[{"embeddable":true,"href":"https:\/\/moto-oprema.com\/de\/wp-json\/wp\/v2\/comments?post=123065"}],"wp:featuredmedia":[{"embeddable":true,"href":"https:\/\/moto-oprema.com\/de\/wp-json\/wp\/v2\/media\/16826"}],"wp:attachment":[{"href":"https:\/\/moto-oprema.com\/de\/wp-json\/wp\/v2\/media?parent=123065"}],"wp:term":[{"taxonomy":"brand","embeddable":true,"href":"https:\/\/moto-oprema.com\/de\/wp-json\/wp\/v2\/brand?post=123065"},{"taxonomy":"gender","embeddable":true,"href":"https:\/\/moto-oprema.com\/de\/wp-json\/wp\/v2\/gender?post=123065"},{"taxonomy":"product_brand","embeddable":true,"href":"https:\/\/moto-oprema.com\/de\/wp-json\/wp\/v2\/product_brand?post=123065"},{"taxonomy":"product_cat","embeddable":true,"href":"https:\/\/moto-oprema.com\/de\/wp-json\/wp\/v2\/product_cat?post=123065"},{"taxonomy":"product_tag","embeddable":true,"href":"https:\/\/moto-oprema.com\/de\/wp-json\/wp\/v2\/product_tag?post=123065"}],"curies":[{"name":"wp","href":"https:\/\/api.w.org\/{rel}","templated":true}]}}