{"id":123057,"date":"2022-08-11T11:08:02","date_gmt":"2022-08-11T11:08:02","guid":{"rendered":"https:\/\/moto-oprema.com\/Artikel\/alpinestars-chrom-zuendung-hoodie-schwarz-rot-fluo\/"},"modified":"2022-08-11T11:08:02","modified_gmt":"2022-08-11T11:08:02","slug":"alpinestars-chrom-zuendung-hoodie-schwarz-rot-fluo","status":"publish","type":"product","link":"https:\/\/moto-oprema.com\/de\/Artikel\/alpinestars-chrom-zuendung-hoodie-schwarz-rot-fluo\/","title":{"rendered":"ALPINESTARS CHROM Z\u00dcNDUNG HOODIE SCHWARZ ROT FLUO"},"content":{"rendered":"<p>Der leichte Chrome Ignition Kapuzenpullover ist f\u00fcr die Stadt und die Arbeit gemacht. Dank der Aramid-Verst\u00e4rkungen an Schultern, Ellbogen und R\u00fccken bietet er eine hervorragende Abriebfestigkeit. Dieser Kapuzenpullover hat Nucleon Flex Plus Verst\u00e4rkungen an den Schultern und Ellbogen f\u00fcr hervorragenden Aufprallschutz, ist Tech-Air\u00ae ready und kann mit dem Tech-Air\u00ae 5 Airbagsystem ausgestattet werden.  <\/p>\n<p>Merkmale:<\/p>\n<p>  Der &#8222;baumwollartige&#8220; Stoff bietet dem Fahrer einen verbesserten Fahrkomfort.<br \/>  Dieser Freizeitpullover mit Kapuze bietet Schutz: Er ist mit der Nucleon Flex Plus Panzerung ausgestattet und kann das Tech-Air\u00ae 5 Airbagsystem aufnehmen, das den Oberk\u00f6rper vollst\u00e4ndig sch\u00fctzt.<br \/>  Innere Verst\u00e4rkungen aus Aramidfasern sorgen f\u00fcr optimale Abriebfestigkeit und zus\u00e4tzliche Haltbarkeit.<br \/>  \u00c4u\u00dfere Schicht aus gestricktem Stoff mit einem &#8222;Baumwoll&#8220;-Gef\u00fchl f\u00fcr einen l\u00e4ssigen Look.<br \/>  Aramidfaser-Innenverst\u00e4rkung an Schultern, Ellbogen und R\u00fccken f\u00fcr h\u00f6here Abriebfestigkeit.<br \/>  Mehrere Taschen auf der Vorderseite zur bequemen und sicheren Aufbewahrung machen den Kapuzenpulli praktisch.<br \/>  Der hohe Kragen sch\u00fctzt vor Wind und Wetter und bietet mehr Komfort.<br \/>  Die abnehmbare Kapuze passt den Hoodie an das Klima an und macht ihn auch abseits des Fahrrads praktisch.<br \/>  Verstellbare Kordeln f\u00fcr eine vereinfachte Passform.<br \/>  Nucleon Flex Plus Verst\u00e4rkungen an den Schultern und Ellbogen f\u00fcr hervorragenden Aufprallschutz.<br \/>  Tasche auf der R\u00fcckseite f\u00fcr den Nucleon R\u00fcckenprotektor, der als Zubeh\u00f6r erh\u00e4ltlich ist.<br \/>  Wasserdichte Innentasche zur sicheren Aufbewahrung von Wertsachen.<br \/>  Pers\u00f6nliche Schutzausr\u00fcstung Verordnung Kategorie II EN17092 &#8211; Klasse A<br \/> Level 2 EN1621-2:2014 Alpinestars Nucleon R\u00fcckenprotektor, erh\u00e4ltlich als Zubeh\u00f6r.<br \/>  1. Stufe EN1621-1:2012 Alpinestars Nucleon Flex Plus Schulter- und Ellbogenschoner.<\/p>\n<p>Enthalten:<\/p>\n<p>  1x Alpinestars Chrome Ignition Motorrad Textiljacke<br \/> 1x Paar Nucleon Flex Plus Schulterpolster<br \/> 1x Paar Nucleon Flex Plus Ellbogenpolster<\/p>\n","protected":false},"excerpt":{"rendered":"<p>Der leichte Chrome Ignition Kapuzenpullover ist f\u00fcr die Stadt und die Arbeit gemacht. Dank der Aramid-Verst\u00e4rkungen&#8230;<\/p>\n","protected":false},"featured_media":18342,"comment_status":"open","ping_status":"open","template":"","meta":{"_acf_changed":false},"brand":[2111],"gender":[],"product_brand":[],"product_cat":[1357,2045,2048],"product_tag":[],"class_list":{"0":"post-123057","1":"product","2":"type-product","3":"status-publish","4":"has-post-thumbnail","6":"brand-alpinestars-de","7":"product_cat-ausrustung-fur-motorradfahrer","8":"product_cat-jakne-de","9":"product_cat-textil-jacken","10":"pa_size-l-de","11":"pa_size-m-de","12":"pa_size-s-de","13":"pa_size-xl-de","14":"pa_size-xxl-de","16":"first","17":"onbackorder","18":"sale","19":"taxable","20":"shipping-taxable","21":"purchasable","22":"product-type-variable"},"acf":[],"_links":{"self":[{"href":"https:\/\/moto-oprema.com\/de\/wp-json\/wp\/v2\/product\/123057","targetHints":{"allow":["GET"]}}],"collection":[{"href":"https:\/\/moto-oprema.com\/de\/wp-json\/wp\/v2\/product"}],"about":[{"href":"https:\/\/moto-oprema.com\/de\/wp-json\/wp\/v2\/types\/product"}],"replies":[{"embeddable":true,"href":"https:\/\/moto-oprema.com\/de\/wp-json\/wp\/v2\/comments?post=123057"}],"wp:featuredmedia":[{"embeddable":true,"href":"https:\/\/moto-oprema.com\/de\/wp-json\/wp\/v2\/media\/18342"}],"wp:attachment":[{"href":"https:\/\/moto-oprema.com\/de\/wp-json\/wp\/v2\/media?parent=123057"}],"wp:term":[{"taxonomy":"brand","embeddable":true,"href":"https:\/\/moto-oprema.com\/de\/wp-json\/wp\/v2\/brand?post=123057"},{"taxonomy":"gender","embeddable":true,"href":"https:\/\/moto-oprema.com\/de\/wp-json\/wp\/v2\/gender?post=123057"},{"taxonomy":"product_brand","embeddable":true,"href":"https:\/\/moto-oprema.com\/de\/wp-json\/wp\/v2\/product_brand?post=123057"},{"taxonomy":"product_cat","embeddable":true,"href":"https:\/\/moto-oprema.com\/de\/wp-json\/wp\/v2\/product_cat?post=123057"},{"taxonomy":"product_tag","embeddable":true,"href":"https:\/\/moto-oprema.com\/de\/wp-json\/wp\/v2\/product_tag?post=123057"}],"curies":[{"name":"wp","href":"https:\/\/api.w.org\/{rel}","templated":true}]}}