{"id":123037,"date":"2022-06-13T09:25:36","date_gmt":"2022-06-13T09:25:36","guid":{"rendered":"https:\/\/moto-oprema.com\/Artikel\/alpinestars-gp-plus-r-v2-handschuhe-2\/"},"modified":"2022-06-13T09:25:36","modified_gmt":"2022-06-13T09:25:36","slug":"alpinestars-gp-plus-r-v2-handschuhe-2","status":"publish","type":"product","link":"https:\/\/moto-oprema.com\/de\/Artikel\/alpinestars-gp-plus-r-v2-handschuhe-2\/","title":{"rendered":"ALPINESTARS GP PLUS R V2 Handschuhe"},"content":{"rendered":"<div id=\"tw-target-text-container\" class=\"tw-ta-container tw-nfl\">\n<p id=\"tw-target-text\" class=\"tw-data-text tw-text-large tw-ta\" dir=\"ltr\" style=\"text-align: left\"><span lang=\"sl\" xml_lang=\"sl\">Mit aktualisierten ergonomischen und Design-Details bieten die GP Plus R V2 Handschuhe den besten Schutz f\u00fcr sportliches Fahren. \u00dcberlegenes Gef\u00fchl, Flexibilit\u00e4t und Komfort. Diese innovative Konstruktion aus Leder und anderen Materialien bietet eine pr\u00e4zise Passform, Ergonomie und Sicherheit. Der Handschuh verf\u00fcgt \u00fcber eine von Alpinestars patentierte Fingerbr\u00fccke, die ein Verdrehen und Trennen der Finger verhindert.   <\/span><\/p>\n<\/div>\n<div id=\"z6maec\" class=\"tw-ta-container tw-nfl\"><\/div>\n<p><strong>Zusammensetzung des Rohmaterials:<\/strong><br \/>\nAu\u00dfen: 70% Leder, 30% <span id=\"result_box\" class=\"short_text\" lang=\"sl\" xml_lang=\"sl\">Polyurethan<\/span><span class=\"short_text\" lang=\"de\" xml_lang=\"de\"><br \/>\nFutter: 74% Polyester, 17% Aramid, 9% Baumwolle<br \/>\n<\/span><\/p>\n<p><strong>ZUSAMMENSETZUNG<\/strong><\/p>\n<p>&#8211; Lokale Perforationen auf der Handfl\u00e4che und der Oberhand sowie bel\u00fcftete Finger-Vierkanten halten die H\u00e4nde k\u00fchl.<\/p>\n<p>&#8211; Ergonomisch geformte Lederverst\u00e4rkungen auf der Handfl\u00e4che und den Landezonen der Au\u00dfenhand bieten maximale Abriebfestigkeit in den wichtigsten Aufprallzonen.<\/p>\n<p>&#8211; Der von Alpinestars entwickelte ergonomische Stretch-Einsatz zwischen Daumen und Handfl\u00e4che bietet Flexibilit\u00e4t, um die Bewegung der Hand erheblich zu verbessern.<\/p>\n<p>&#8211; Die vorgekr\u00fcmmte Fingerkonstruktion reduziert die Erm\u00fcdung des Fahrers und bietet mehr Komfort.<\/p>\n<p>&#8211; Handfl\u00e4chen- und Fingergleiter aus einer fortschrittlichen Polymerverbindung f\u00fcr Schlag- und Abriebfestigkeit.<\/p>\n<p>&#8211; Der sch\u00fctzende doppelte Stulpenverschluss mit TPR-Logo umschlie\u00dft das Handgelenk und hebt das gesamte Profil des Handschuhs an, um die Handgelenksknochen bei einem Aufprall zu sch\u00fctzen.<\/p>\n<p>&#8211; Der Verschluss ist mit einem verstellbaren Klettverschluss am Handgelenk ausgestattet, der f\u00fcr eine sichere, individuelle Passform sorgt.<\/p>\n<p>&#8211; Doppelter Manschettenverschluss am Handgelenk f\u00fcr einen sicheren Sitz und eine pr\u00e4zise Anpassung.<\/p>\n<p>&#8211; Stretch-Lederakkordeons an Fingern und Daumen f\u00fcr hervorragende Passform und Flexibilit\u00e4t.<\/p>\n<p>&#8211; Innovative mehrschichtige Lederkonstruktion, die ergonomisch profiliert ist. Dichte Polymerformkonstruktion f\u00fcr \u00fcberlegene Leistung bei wiederholten St\u00f6\u00dfen sowie Abriebfestigkeit. SCHUTZ  <\/p>\n<p>&#8211; Der GP Plus R Handschuh ist CE-zertifiziert nach Level 1<\/p>\n<p>&#8211; Die exklusiven Dynamic Friction Shield (DFS) Protektoren von Alpinestars verf\u00fcgen \u00fcber eine fortschrittliche Bel\u00fcftung und ein duales KEY FEATURES<\/p>\n<p>&#8211; Interne Aramidfaser-Verst\u00e4rkung an Hand und Daumen sowie eine Aramidfaser-Schicht um den kleinen Finger sorgen f\u00fcr hervorragende Abriebfestigkeit.<\/p>\n<p>&#8211; Der von Alpinestars patentierte dritte und vierte Fingersteg verhindert, dass sich das Leder an den Fingern verdreht, und beugt m\u00f6glichen geplatzten N\u00e4hten und der Abtrennung der Finger vor.<\/p>\n<p>&#8211; Handfl\u00e4chenpolster kombiniert mit einer Verst\u00e4rkung f\u00fcr Handfl\u00e4che, Daumen und kleinen Finger.<\/p>\n<p>&#8211; Au\u00dfenliegende Finger- und Handfl\u00e4chenn\u00e4hte f\u00fcr eine enge Passform und ein hervorragendes Gef\u00fchl.<\/p>\n<p>&#8211; Gedruckte Logos f\u00fcr Gewichtsersparnis und Materialintegrit\u00e4t.<\/p>\n","protected":false},"excerpt":{"rendered":"<p>Farbe: Grau &#8211; Schwarz &#8211; Fluo Gelb und Rot<\/p>\n","protected":false},"featured_media":17740,"comment_status":"open","ping_status":"open","template":"","meta":{"_acf_changed":false},"brand":[2111],"gender":[],"product_brand":[],"product_cat":[1357,2086,2188],"product_tag":[],"class_list":{"0":"post-123037","1":"product","2":"type-product","3":"status-publish","4":"has-post-thumbnail","6":"brand-alpinestars-de","7":"product_cat-ausrustung-fur-motorradfahrer","8":"product_cat-handschuhe","9":"product_cat-lederhandschuhe","10":"pa_velikost-st-l-de","11":"pa_velikost-st-m-de","12":"pa_velikost-st-s-de","13":"pa_velikost-st-xl-de","14":"pa_velikost-st-xxl-de","16":"first","17":"onbackorder","18":"sale","19":"taxable","20":"shipping-taxable","21":"purchasable","22":"product-type-variable"},"acf":[],"_links":{"self":[{"href":"https:\/\/moto-oprema.com\/de\/wp-json\/wp\/v2\/product\/123037","targetHints":{"allow":["GET"]}}],"collection":[{"href":"https:\/\/moto-oprema.com\/de\/wp-json\/wp\/v2\/product"}],"about":[{"href":"https:\/\/moto-oprema.com\/de\/wp-json\/wp\/v2\/types\/product"}],"replies":[{"embeddable":true,"href":"https:\/\/moto-oprema.com\/de\/wp-json\/wp\/v2\/comments?post=123037"}],"wp:featuredmedia":[{"embeddable":true,"href":"https:\/\/moto-oprema.com\/de\/wp-json\/wp\/v2\/media\/17740"}],"wp:attachment":[{"href":"https:\/\/moto-oprema.com\/de\/wp-json\/wp\/v2\/media?parent=123037"}],"wp:term":[{"taxonomy":"brand","embeddable":true,"href":"https:\/\/moto-oprema.com\/de\/wp-json\/wp\/v2\/brand?post=123037"},{"taxonomy":"gender","embeddable":true,"href":"https:\/\/moto-oprema.com\/de\/wp-json\/wp\/v2\/gender?post=123037"},{"taxonomy":"product_brand","embeddable":true,"href":"https:\/\/moto-oprema.com\/de\/wp-json\/wp\/v2\/product_brand?post=123037"},{"taxonomy":"product_cat","embeddable":true,"href":"https:\/\/moto-oprema.com\/de\/wp-json\/wp\/v2\/product_cat?post=123037"},{"taxonomy":"product_tag","embeddable":true,"href":"https:\/\/moto-oprema.com\/de\/wp-json\/wp\/v2\/product_tag?post=123037"}],"curies":[{"name":"wp","href":"https:\/\/api.w.org\/{rel}","templated":true}]}}