{"id":122946,"date":"2022-05-09T09:52:45","date_gmt":"2022-05-09T09:52:45","guid":{"rendered":"https:\/\/moto-oprema.com\/Artikel\/interphone-aktive-kommunikation-doppelt\/"},"modified":"2022-05-09T09:52:45","modified_gmt":"2022-05-09T09:52:45","slug":"interphone-aktive-kommunikation-doppelt","status":"publish","type":"product","link":"https:\/\/moto-oprema.com\/de\/Artikel\/interphone-aktive-kommunikation-doppelt\/","title":{"rendered":"INTERPHONE AKTIVE KOMMUNIKATION DOPPELT"},"content":{"rendered":"<p>Interphone Active wurde entwickelt, um alle Fahrer zufrieden zu stellen, die sich \u00fcber die Klangqualit\u00e4t ihres Ger\u00e4ts Gedanken machen, selbst bei Gruppengespr\u00e4chen. Die IQAL, Interphone Quality Audio Lab, Technologie wurde entwickelt, um die beste Klangqualit\u00e4t unter allen Fahrbedingungen zu gew\u00e4hrleisten. <\/p>\n<p>Merkmale:<\/p>\n<ul>\n<li>  Dauer der Nutzung: bis zu 20 Stunden<\/li>\n<li>  Standby-Zeit: 1000 Stunden<\/li>\n<li>  80MHz Digitaler Signalprozessor (DSP) f\u00fcr das beste Klangerlebnis<\/li>\n<li>  Direkte Funktionstasten (Quick Touch)<\/li>\n<li>  Intuitive Benutzeroberfl\u00e4che<\/li>\n<li>  Smartphone-App: kompatibel mit iOS und Android.<\/li>\n<li>  Erm\u00f6glicht es Ihnen, Ihre Gegensprechanlage direkt von Ihrem Smartphone aus einzurichten und zu bedienen<\/li>\n<li>  VOX: INTERCOM-Aktivierung \u00fcber Sprachbefehle (VOX)<\/li>\n<li>  Anycom: Erm\u00f6glicht die Kommunikation mit INTERCOM Bluetooth-Ger\u00e4ten aller Marken im Vollduplex-Modus<\/li>\n<li>  Automatische Wiederherstellung der Verbindung: Wenn die Verbindung in der INTERCOM-Funktion unterbrochen wird, wird diese automatisch wieder aktiviert, sobald Sie sich wieder im Meldebereich befinden.<\/li>\n<\/ul>\n<p>Interkom-Modus:<\/p>\n<ul>\n<li>  4 Benutzer: Konferenz zwischen 4 Motoren oder 2 Motoren mit Fahrer und Beifahrer<\/li>\n<li>  3 Benutzer: 3 Motorr\u00e4der oder 1 Motorrad + 1 Motorrad mit Fahrer und Beifahrer<\/li>\n<li>  2 Benutzer: Motorrad oder Fahrer-Passagier<\/li>\n<\/ul>\n<p>Reichweite der Gegensprechanlage:<\/p>\n<p>  Bis zu 1 km in Vollduplex<\/p>\n<p>Mobiltelefon:<\/p>\n<p>  Kurzwahl: M\u00f6glichkeit zum Speichern einer Kurzwahlnummer mit dem Befehl<br \/> Sprachanruf (je nach Mobiltelefonmodell)<br \/> Wahlwiederholung des letzten Anrufs<\/p>\n<p>Integriertes FM-Radio:<\/p>\n<p>  Empfang von 88,0MHz bis 108MHz<br \/> RDS-Funktion (Auswahl der besten Frequenzen nach Zonen)<br \/> 8 Sender zum Speichern<br \/> St\u00e4rkere automatische Speicherung der ersten 8 Sender<br \/> Automatische Stummschaltung des Tons bei eingehenden Anrufen<\/p>\n<p>GPS:<\/p>\n<p>  Kompatibel mit den g\u00e4ngigen Bluetooth\u00ae-Motorrad-Navigationsger\u00e4ten<br \/> GPS-Sprachf\u00fchrung<br \/> Kompatibel mit den g\u00e4ngigen Smartphone-Navigations-Apps<\/p>\n<p>MP3\/Musik:<\/p>\n<p>  Kabellose MP3-Wiedergabe (A2DP \/ AVRCP) von Smartphones und MP3-Playern<br \/> Song Sharing: gemeinsame Nutzung von Musik durch Fahrer und Beifahrer<\/p>\n<p>Firmware-Updates:<\/p>\n<p>  Firmware-Update von einem PC aus (Windows und MacO)<\/p>\n<p>Kompatibel mit:<\/p>\n<p>  Die meisten Helme auf dem Markt<br \/> Alle Smartphones mit Bluetooth-Technologie<br \/> GPS-Navigatoren mit Bluetooth-Technologie und HFP-Profil<br \/> Gegensprechanlagen anderer Marken<br \/> Gegensprechanlagen fr\u00fcherer Serien<\/p>\n<p>Wasserdicht:<\/p>\n<p>  Wasserdicht nach IP67<\/p>\n<p>Ton:<\/p>\n<p>  Aufgezeichnete Sprachnachrichten (mit mehrsprachigen Paketen), die aufger\u00fcstet werden k\u00f6nnen<br \/> Winddichtes Richtmikrofon<br \/> NDVC &#8211; Automatische Lautst\u00e4rkeregelung<br \/> Lautst\u00e4rkeanpassungsmodus<\/p>\n<p>Chip\/Batterie\/Compiler:<\/p>\n<p>  Chipsatz: Hochleistungsf\u00e4higer Low-Power-Prozessor<br \/> Bluetooth Version 4.2<br \/> &#8222;Infinity&#8220;-Akku mit rekordverd\u00e4chtiger Autonomie<br \/> USB-Kabel mit Micro-USB-Ladeanschluss<br \/> Mikrofon- und Lautsprecheranschl\u00fcsse (MINI USB) sowie Lade-, Daten- und AUX-Anschluss (MICRO USB)<\/p>\n","protected":false},"excerpt":{"rendered":"<p>Interphone Active Dual &#8211; Set f\u00fcr zwei Helme.<\/p>\n","protected":false},"featured_media":17558,"comment_status":"open","ping_status":"open","template":"","meta":{"_acf_changed":false},"brand":[2669],"gender":[],"product_brand":[],"product_cat":[1357,1360,2064],"product_tag":[],"class_list":{"0":"post-122946","1":"product","2":"type-product","3":"status-publish","4":"has-post-thumbnail","6":"brand-interphone-de","7":"product_cat-ausrustung-fur-motorradfahrer","8":"product_cat-helme","9":"product_cat-kommunikation","11":"first","12":"onbackorder","13":"taxable","14":"shipping-taxable","15":"purchasable","16":"product-type-simple"},"acf":[],"_links":{"self":[{"href":"https:\/\/moto-oprema.com\/de\/wp-json\/wp\/v2\/product\/122946","targetHints":{"allow":["GET"]}}],"collection":[{"href":"https:\/\/moto-oprema.com\/de\/wp-json\/wp\/v2\/product"}],"about":[{"href":"https:\/\/moto-oprema.com\/de\/wp-json\/wp\/v2\/types\/product"}],"replies":[{"embeddable":true,"href":"https:\/\/moto-oprema.com\/de\/wp-json\/wp\/v2\/comments?post=122946"}],"wp:featuredmedia":[{"embeddable":true,"href":"https:\/\/moto-oprema.com\/de\/wp-json\/wp\/v2\/media\/17558"}],"wp:attachment":[{"href":"https:\/\/moto-oprema.com\/de\/wp-json\/wp\/v2\/media?parent=122946"}],"wp:term":[{"taxonomy":"brand","embeddable":true,"href":"https:\/\/moto-oprema.com\/de\/wp-json\/wp\/v2\/brand?post=122946"},{"taxonomy":"gender","embeddable":true,"href":"https:\/\/moto-oprema.com\/de\/wp-json\/wp\/v2\/gender?post=122946"},{"taxonomy":"product_brand","embeddable":true,"href":"https:\/\/moto-oprema.com\/de\/wp-json\/wp\/v2\/product_brand?post=122946"},{"taxonomy":"product_cat","embeddable":true,"href":"https:\/\/moto-oprema.com\/de\/wp-json\/wp\/v2\/product_cat?post=122946"},{"taxonomy":"product_tag","embeddable":true,"href":"https:\/\/moto-oprema.com\/de\/wp-json\/wp\/v2\/product_tag?post=122946"}],"curies":[{"name":"wp","href":"https:\/\/api.w.org\/{rel}","templated":true}]}}