{"id":122574,"date":"2022-04-04T11:07:42","date_gmt":"2022-04-04T11:07:42","guid":{"rendered":"https:\/\/moto-oprema.com\/Artikel\/dainese-druid-4-handschuhe-b-g-fy\/"},"modified":"2022-04-04T11:07:42","modified_gmt":"2022-04-04T11:07:42","slug":"dainese-druid-4-handschuhe-b-g-fy","status":"publish","type":"product","link":"https:\/\/moto-oprema.com\/de\/Artikel\/dainese-druid-4-handschuhe-b-g-fy\/","title":{"rendered":"DAINESE DRUID 4 HANDSCHUHE B\/G\/FY"},"content":{"rendered":"<p>Motorrad-Rennhandschuhe aus Schafsleder mit Kn\u00f6chelpolstern aus Carbon, Polyurethaneins\u00e4tzen und vorgeformten, thermogeformten Fingern.<\/p>\n<p>BESCHREIBUNG<\/p>\n<p>Die Dainese Druid 4 Leder-Rennhandschuhe sind ein Ausdruck h\u00f6chster Schutzstandards, entwickelt f\u00fcr maximale Leistung auf der Rennstrecke und der Stra\u00dfe. Weltmeisterliche Sicherheit und Ergonomie werden durch vorgekr\u00fcmmte und thermogeformte Finger, Carboneins\u00e4tze an den Kn\u00f6cheln und am R\u00fccken sowie einen thermoplastischen Protektor im Schritt gew\u00e4hrleistet. <\/p>\n<p>TEMPERATUR<\/p>\n<p>  Perforation an der Innenseite des Fingers<\/p>\n<p>ERGONOMIE<\/p>\n<p>  Verstellbares Manschettenband<br \/> Verst\u00e4rkung mit Mikroinjektionen auf der Handfl\u00e4che<br \/> Vorgekr\u00fcmmte Finger<br \/> Spannband<br \/> Elastischer Einsatz am \u00e4u\u00dferen Daumen<br \/> Elastische Eins\u00e4tze<\/p>\n<p>FEATURES<\/p>\n<p>  Abdeckung am Spannband<br \/> Weiche Eins\u00e4tze<\/p>\n<p>HAUPTMATERIALIEN<\/p>\n<p>  Superweiche Handfl\u00e4che aus gef\u00e4rbtem Ziegenleder<br \/> Mikro-Schafsleder<br \/> Verst\u00e4rkung aus Ziegenleder zwischen Daumen, Zeigefinger und Handfl\u00e4che<br \/> Schafsleder<\/p>\n<p>SCHUTZ<\/p>\n<p>  Eins\u00e4tze aus Kohlefaserverbundstoff an Kn\u00f6cheln und R\u00fccken<br \/> DCP-System an der Manschette<br \/> Polyurethan-Einsatz an der Handfl\u00e4che<br \/> Polyurethan-Eins\u00e4tze an den Fingergelenken<br \/> Thermoplastische Harzeins\u00e4tze an der Seite der Kn\u00f6chel<br \/> Verst\u00e4rkte Manschettenkonstruktion<br \/> Vierfacher Gummizug zwischen Kn\u00f6cheln und Handr\u00fccken<br \/> Handschuhe mit CE-Zertifizierung &#8211; Kat. II &#8211; EN 13594\/2015 Norm Kat. II lev. 1<\/p>\n","protected":false},"excerpt":{"rendered":"<p>Erste Lieferung Juli 2022!<\/p>\n","protected":false},"featured_media":17477,"comment_status":"open","ping_status":"open","template":"","meta":{"_acf_changed":false},"brand":[2113],"gender":[],"product_brand":[],"product_cat":[1357,2086,2188],"product_tag":[],"class_list":{"0":"post-122574","1":"product","2":"type-product","3":"status-publish","4":"has-post-thumbnail","6":"brand-dainese-de","7":"product_cat-ausrustung-fur-motorradfahrer","8":"product_cat-handschuhe","9":"product_cat-lederhandschuhe","10":"pa_size-l-de","11":"pa_size-m-de","12":"pa_size-s-de","13":"pa_size-xl-de","14":"pa_size-xs-de","15":"pa_size-xxl-de","16":"pa_size-xxxl-de","18":"first","19":"onbackorder","20":"taxable","21":"shipping-taxable","22":"purchasable","23":"product-type-variable"},"acf":[],"_links":{"self":[{"href":"https:\/\/moto-oprema.com\/de\/wp-json\/wp\/v2\/product\/122574","targetHints":{"allow":["GET"]}}],"collection":[{"href":"https:\/\/moto-oprema.com\/de\/wp-json\/wp\/v2\/product"}],"about":[{"href":"https:\/\/moto-oprema.com\/de\/wp-json\/wp\/v2\/types\/product"}],"replies":[{"embeddable":true,"href":"https:\/\/moto-oprema.com\/de\/wp-json\/wp\/v2\/comments?post=122574"}],"wp:featuredmedia":[{"embeddable":true,"href":"https:\/\/moto-oprema.com\/de\/wp-json\/wp\/v2\/media\/17477"}],"wp:attachment":[{"href":"https:\/\/moto-oprema.com\/de\/wp-json\/wp\/v2\/media?parent=122574"}],"wp:term":[{"taxonomy":"brand","embeddable":true,"href":"https:\/\/moto-oprema.com\/de\/wp-json\/wp\/v2\/brand?post=122574"},{"taxonomy":"gender","embeddable":true,"href":"https:\/\/moto-oprema.com\/de\/wp-json\/wp\/v2\/gender?post=122574"},{"taxonomy":"product_brand","embeddable":true,"href":"https:\/\/moto-oprema.com\/de\/wp-json\/wp\/v2\/product_brand?post=122574"},{"taxonomy":"product_cat","embeddable":true,"href":"https:\/\/moto-oprema.com\/de\/wp-json\/wp\/v2\/product_cat?post=122574"},{"taxonomy":"product_tag","embeddable":true,"href":"https:\/\/moto-oprema.com\/de\/wp-json\/wp\/v2\/product_tag?post=122574"}],"curies":[{"name":"wp","href":"https:\/\/api.w.org\/{rel}","templated":true}]}}