{"id":122554,"date":"2022-04-01T09:55:11","date_gmt":"2022-04-01T09:55:11","guid":{"rendered":"https:\/\/moto-oprema.com\/Artikel\/dainese-nexus-2-damen-stiefel-schwarz\/"},"modified":"2022-04-01T09:55:11","modified_gmt":"2022-04-01T09:55:11","slug":"dainese-nexus-2-damen-stiefel-schwarz","status":"publish","type":"product","link":"https:\/\/moto-oprema.com\/de\/Artikel\/dainese-nexus-2-damen-stiefel-schwarz\/","title":{"rendered":"DAINESE NEXUS 2 DAMEN STIEFEL SCHWARZ"},"content":{"rendered":"<p>Der Dainese Nexus 2 ist ein sportlicher Motorradstiefel mit Polstern. Sie bestehen aus Mikrofaser und D-Stein mit Nylon-Ferseneins\u00e4tzen. Sie sind mit austauschbaren thermoplastischen Gleitern, einem axialen Verzerrungskontrollsystem zur F\u00fchrung der Kn\u00f6chelbewegung und Nylon-Fersenpolstern ausgestattet und sind die perfekte Kombination aus hohem Schutz und maximalem Komfort und Leichtigkeit.  <\/p>\n<p>Merkmale:<\/p>\n<ul>\n<li>  Leistungsstarke TPU-Eins\u00e4tze<\/li>\n<li>  Gummisohle mit differenziertem Design<\/li>\n<li>  Rei\u00dfverschluss hinten<\/li>\n<li>  flexible Gelenkteile f\u00fcr zus\u00e4tzlichen Gehkomfort<\/li>\n<li>  D-Stone\u2122 Stoff<\/li>\n<li>  Oberteil aus Mikrofaser<\/li>\n<li>  Gepr\u00fcft nach Kategorie II &#8211; EN 13634<\/li>\n<li>  AXIAL Internes Verzerrungs-Kontrollsystem<\/li>\n<li>  Nylon Fersenbereich<\/li>\n<li>  sch\u00fctzende Innenh\u00fclle aus Nylon<\/li>\n<li>  verst\u00e4rkter Fingerbereich aus Nylon<\/li>\n<li>  Auswechselbare Schieber (1999885 Schiebersatz aus Edelstahl, 1996252 Schiebersatz aus Kunststoff. 08)<\/li>\n<li>  Einlegesohlen aus thermoplastischem Polyurethan am Schienbein<\/li>\n<\/ul>\n","protected":false},"excerpt":{"rendered":"<p>Damenmodell Dainese Nexus 2 Stiefel.<\/p>\n","protected":false},"featured_media":122567,"comment_status":"open","ping_status":"closed","template":"","meta":{"_acf_changed":false},"brand":[2113],"gender":[2170],"product_brand":[],"product_cat":[1357,2043,2051],"product_tag":[],"class_list":{"0":"post-122554","1":"product","2":"type-product","3":"status-publish","4":"has-post-thumbnail","6":"brand-dainese-de","7":"gender-zenska-de","8":"product_cat-ausrustung-fur-motorradfahrer","9":"product_cat-schuhe","10":"product_cat-sportliches-schuhwerk","11":"pa_size-36-de","12":"pa_size-37-de","13":"pa_size-38-de","14":"pa_size-39-de","15":"pa_size-40-de","16":"pa_size-41-de","17":"pa_size-42-de","19":"first","20":"onbackorder","21":"sale","22":"taxable","23":"shipping-taxable","24":"purchasable","25":"product-type-variable"},"acf":[],"_links":{"self":[{"href":"https:\/\/moto-oprema.com\/de\/wp-json\/wp\/v2\/product\/122554","targetHints":{"allow":["GET"]}}],"collection":[{"href":"https:\/\/moto-oprema.com\/de\/wp-json\/wp\/v2\/product"}],"about":[{"href":"https:\/\/moto-oprema.com\/de\/wp-json\/wp\/v2\/types\/product"}],"replies":[{"embeddable":true,"href":"https:\/\/moto-oprema.com\/de\/wp-json\/wp\/v2\/comments?post=122554"}],"wp:featuredmedia":[{"embeddable":true,"href":"https:\/\/moto-oprema.com\/de\/wp-json\/wp\/v2\/media\/122567"}],"wp:attachment":[{"href":"https:\/\/moto-oprema.com\/de\/wp-json\/wp\/v2\/media?parent=122554"}],"wp:term":[{"taxonomy":"brand","embeddable":true,"href":"https:\/\/moto-oprema.com\/de\/wp-json\/wp\/v2\/brand?post=122554"},{"taxonomy":"gender","embeddable":true,"href":"https:\/\/moto-oprema.com\/de\/wp-json\/wp\/v2\/gender?post=122554"},{"taxonomy":"product_brand","embeddable":true,"href":"https:\/\/moto-oprema.com\/de\/wp-json\/wp\/v2\/product_brand?post=122554"},{"taxonomy":"product_cat","embeddable":true,"href":"https:\/\/moto-oprema.com\/de\/wp-json\/wp\/v2\/product_cat?post=122554"},{"taxonomy":"product_tag","embeddable":true,"href":"https:\/\/moto-oprema.com\/de\/wp-json\/wp\/v2\/product_tag?post=122554"}],"curies":[{"name":"wp","href":"https:\/\/api.w.org\/{rel}","templated":true}]}}