{"id":122535,"date":"2022-06-09T11:37:42","date_gmt":"2022-06-09T11:37:42","guid":{"rendered":"https:\/\/moto-oprema.com\/Artikel\/alpinestars-supertech-rennhandschuhe-schwarz-weiss-rot\/"},"modified":"2022-06-09T11:37:42","modified_gmt":"2022-06-09T11:37:42","slug":"alpinestars-supertech-rennhandschuhe-schwarz-weiss-rot","status":"publish","type":"product","link":"https:\/\/moto-oprema.com\/de\/Artikel\/alpinestars-supertech-rennhandschuhe-schwarz-weiss-rot\/","title":{"rendered":"ALPINESTARS SUPERTECH RENNHANDSCHUHE SCHWARZ WEISS ROT"},"content":{"rendered":"<p>Der technisch fortschrittlichste, auf sportliche Leistung ausgerichtete Handschuh von Supertech wurde auf h\u00f6chstem Niveau im professionellen Rennsport hergestellt und kombiniert revolution\u00e4re Fertigungsmethoden und Materialtechnik. Supertech verwendet in gro\u00dfem Umfang hochwertiges K\u00e4nguruleder f\u00fcr \u00fcberragenden Komfort und Strapazierf\u00e4higkeit. Die mit fortschrittlicher Technologie geformten Fingerschichten mit gen\u00e4hten N\u00e4hten sorgen f\u00fcr unvergleichliche Fingerfertigkeit und Sensibilit\u00e4t beim Lenken eines Motorrads. Jedes Teil des Supertech Level 2 wurde sorgf\u00e4ltig auf Pr\u00e4zision und Leistung hin entwickelt, von den hochwertigen Gewebeverst\u00e4rkungen wie der Alpinestars ARSHIELD Aramidfaser und der hitzebest\u00e4ndigen Carbon X Membran bis hin zum fortschrittlichen Dynamic Friction Shield Schutz. Dieser Handschuh ist f\u00fcr die Rennstrecke gedacht.   <\/p>\n<ul>\n<li>  Hergestellt aus gro\u00dffl\u00e4chigem, geschmeidigem und robustem Vollnarben-K\u00e4nguru- und Ziegenleder f\u00fcr \u00fcberragende Leistung, Haltbarkeit und Komfort.<\/li>\n<li>  Vorgekr\u00fcmmte Finger- und Daumenkr\u00fcmmungen mit Innenn\u00e4hten sorgen f\u00fcr \u00fcberragende Fingerfertigkeit an den Kupplungs- und Bremshebeln f\u00fcr das ultimative Fahrgef\u00fchl. Lokalisierte Perforationen auf dem Handr\u00fccken und Laminierungen sorgen f\u00fcr k\u00fchle H\u00e4nde. <\/li>\n<li>  Ergonomisch gestaltete ARSHIELD-Verst\u00e4rkungen aus Aramidfasern und Polyamid auf den Aufprallfl\u00e4chen der Innen- und Au\u00dfenhand sorgen f\u00fcr h\u00f6chstm\u00f6gliche Abriebfestigkeit in kritischen Aufprallbereichen.<\/li>\n<li>  PU-Schaum auf der Oberseite der H\u00e4nde und Kn\u00f6chel bietet eine hervorragende Sto\u00dfd\u00e4mpfung.<\/li>\n<li>  Das Alpinestars Dynamic Friction Shield (DFS) Kn\u00f6chelschutzsystem an den Kn\u00f6cheln und der Manschette verf\u00fcgt \u00fcber eine doppelte Formdichte f\u00fcr eine \u00fcberlegene Widerstandsf\u00e4higkeit bei wiederholten St\u00f6\u00dfen.<\/li>\n<li>  Ergonomisch geformte, verstellbare TPU-Manschette f\u00fcr \u00fcberragende Sto\u00df- und Abriebfestigkeit mit einem griffigen Sicherheitsriemen und einer verstellbaren Handgelenkschlaufe.<\/li>\n<li>  Eingespritzte TPU 3D-Fingergleiter f\u00fcr \u00fcberragende Sto\u00df- und Abriebfestigkeit.<\/li>\n<li>  Alpinestars ergonomische Stretcheins\u00e4tze zwischen Daumen und Handfl\u00e4che sorgen f\u00fcr Flexibilit\u00e4t und erh\u00f6hen die Beweglichkeit der Hand.<\/li>\n<li>  Integriertes CarbonX\u00ae-Gewebe, entwickelt und getestet von der Alpinestars Autoabteilung, f\u00fcr \u00fcberragende Abrieb- und Hitzebest\u00e4ndigkeit im Falle eines Unfalls.<\/li>\n<li>  Die vorgekr\u00fcmmte Fingerkonstruktion reduziert die Erm\u00fcdung des Fahrers und sorgt f\u00fcr mehr Fahrkomfort.<\/li>\n<li>  Akkordeon-Stretcheinsatz aus Leder im erweiterten Daumen- und Zehenbereich f\u00fcr hervorragende Passform und Flexibilit\u00e4t.<\/li>\n<li>  Die akkordeonartigen Ledereins\u00e4tze sorgen f\u00fcr einen gr\u00f6\u00dferen Bewegungsspielraum auf dem Handr\u00fccken.<\/li>\n<li>  Innenfutter aus Aramidfaser am Oberarm, Daumen und Fingern.<\/li>\n<li>  Alpinestars patentierte dritte und vierte Zehenbr\u00fccke verhindern, dass sich die Zehen beim Rutschen verdrehen und trennen.<\/li>\n<li>  Gedruckte Logos bieten eine bessere Gewichtseinsparung und eine bessere Handschuhtextur.<\/li>\n<li>  Supertech ist CE Level 2.a zertifiziert.<\/li>\n<\/ul>\n<p>Zusammensetzung des Rohmaterials:<br \/>Au\u00dfen: 92% Leder, 8% <span id=\"result_box\" class=\"short_text\" xml_lang=\"sl\" lang=\"sl\"><span>Polyurethan<br \/>Futter: 44% Aramidfaser, 32% Polyester, 24% Baumwolle<br \/><\/span><\/span><\/p>\n","protected":false},"excerpt":{"rendered":"<p>Der technisch fortschrittlichste, auf sportliche Leistung ausgerichtete Handschuh von Supertech wurde auf h\u00f6chstem Niveau im professionellen&#8230;<\/p>\n","protected":false},"featured_media":17702,"comment_status":"open","ping_status":"open","template":"","meta":{"_acf_changed":false},"brand":[2111],"gender":[],"product_brand":[],"product_cat":[1357,2086,2188],"product_tag":[],"class_list":{"0":"post-122535","1":"product","2":"type-product","3":"status-publish","4":"has-post-thumbnail","6":"brand-alpinestars-de","7":"product_cat-ausrustung-fur-motorradfahrer","8":"product_cat-handschuhe","9":"product_cat-lederhandschuhe","10":"pa_size-l-de","11":"pa_size-xl-de","12":"pa_size-xxl-de","14":"first","15":"onbackorder","16":"taxable","17":"shipping-taxable","18":"purchasable","19":"product-type-variable"},"acf":[],"_links":{"self":[{"href":"https:\/\/moto-oprema.com\/de\/wp-json\/wp\/v2\/product\/122535","targetHints":{"allow":["GET"]}}],"collection":[{"href":"https:\/\/moto-oprema.com\/de\/wp-json\/wp\/v2\/product"}],"about":[{"href":"https:\/\/moto-oprema.com\/de\/wp-json\/wp\/v2\/types\/product"}],"replies":[{"embeddable":true,"href":"https:\/\/moto-oprema.com\/de\/wp-json\/wp\/v2\/comments?post=122535"}],"wp:featuredmedia":[{"embeddable":true,"href":"https:\/\/moto-oprema.com\/de\/wp-json\/wp\/v2\/media\/17702"}],"wp:attachment":[{"href":"https:\/\/moto-oprema.com\/de\/wp-json\/wp\/v2\/media?parent=122535"}],"wp:term":[{"taxonomy":"brand","embeddable":true,"href":"https:\/\/moto-oprema.com\/de\/wp-json\/wp\/v2\/brand?post=122535"},{"taxonomy":"gender","embeddable":true,"href":"https:\/\/moto-oprema.com\/de\/wp-json\/wp\/v2\/gender?post=122535"},{"taxonomy":"product_brand","embeddable":true,"href":"https:\/\/moto-oprema.com\/de\/wp-json\/wp\/v2\/product_brand?post=122535"},{"taxonomy":"product_cat","embeddable":true,"href":"https:\/\/moto-oprema.com\/de\/wp-json\/wp\/v2\/product_cat?post=122535"},{"taxonomy":"product_tag","embeddable":true,"href":"https:\/\/moto-oprema.com\/de\/wp-json\/wp\/v2\/product_tag?post=122535"}],"curies":[{"name":"wp","href":"https:\/\/api.w.org\/{rel}","templated":true}]}}