{"id":122411,"date":"2022-08-11T09:45:09","date_gmt":"2022-08-11T09:45:09","guid":{"rendered":"https:\/\/moto-oprema.com\/Artikel\/spidi-rainshield-h2o-out-handschuhe-schwarz\/"},"modified":"2022-08-11T09:45:09","modified_gmt":"2022-08-11T09:45:09","slug":"spidi-rainshield-h2o-out-handschuhe-schwarz","status":"publish","type":"product","link":"https:\/\/moto-oprema.com\/de\/Artikel\/spidi-rainshield-h2o-out-handschuhe-schwarz\/","title":{"rendered":"SPIDI RAINSHIELD H2O OUT HANDSCHUHE SCHWARZ"},"content":{"rendered":"<p>Die SPIDI Rainshield Handschuhe sind perfekt f\u00fcr Ausfl\u00fcge in der Zwischensaison oder l\u00e4ngere Motorradtouren. Dank der Outdry\u00ae Rainshield Technologie kombiniert er das ultimative Fahrgef\u00fchl, 100%ige Wasserdichtigkeit und beispiellose Weichheit. Ein weiterer Vorteil der Outdry\u00ae-Technologie ist die Reduzierung der Masse im Inneren des Handschuhs.  <\/p>\n","protected":false},"excerpt":{"rendered":"<p>Die SPIDI Rainshield Handschuhe sind perfekt f\u00fcr Ausfl\u00fcge in der Zwischensaison oder l\u00e4ngere Motorradtouren. Dank der&#8230;<\/p>\n","protected":false},"featured_media":18301,"comment_status":"open","ping_status":"open","template":"","meta":{"_acf_changed":false},"brand":[2124],"gender":[2168],"product_brand":[],"product_cat":[1357,2086,2092],"product_tag":[],"class_list":{"0":"post-122411","1":"product","2":"type-product","3":"status-publish","4":"has-post-thumbnail","6":"brand-spidi-de","7":"gender-moski-de","8":"product_cat-ausrustung-fur-motorradfahrer","9":"product_cat-handschuhe","10":"product_cat-textil-handschuhe","11":"pa_size-l-de","12":"pa_size-m-de","13":"pa_size-s-de","14":"pa_size-xl-de","15":"pa_size-xxl-de","16":"pa_size-xxxl-de","18":"first","19":"onbackorder","20":"taxable","21":"shipping-taxable","22":"purchasable","23":"product-type-variable"},"acf":[],"_links":{"self":[{"href":"https:\/\/moto-oprema.com\/de\/wp-json\/wp\/v2\/product\/122411","targetHints":{"allow":["GET"]}}],"collection":[{"href":"https:\/\/moto-oprema.com\/de\/wp-json\/wp\/v2\/product"}],"about":[{"href":"https:\/\/moto-oprema.com\/de\/wp-json\/wp\/v2\/types\/product"}],"replies":[{"embeddable":true,"href":"https:\/\/moto-oprema.com\/de\/wp-json\/wp\/v2\/comments?post=122411"}],"wp:featuredmedia":[{"embeddable":true,"href":"https:\/\/moto-oprema.com\/de\/wp-json\/wp\/v2\/media\/18301"}],"wp:attachment":[{"href":"https:\/\/moto-oprema.com\/de\/wp-json\/wp\/v2\/media?parent=122411"}],"wp:term":[{"taxonomy":"brand","embeddable":true,"href":"https:\/\/moto-oprema.com\/de\/wp-json\/wp\/v2\/brand?post=122411"},{"taxonomy":"gender","embeddable":true,"href":"https:\/\/moto-oprema.com\/de\/wp-json\/wp\/v2\/gender?post=122411"},{"taxonomy":"product_brand","embeddable":true,"href":"https:\/\/moto-oprema.com\/de\/wp-json\/wp\/v2\/product_brand?post=122411"},{"taxonomy":"product_cat","embeddable":true,"href":"https:\/\/moto-oprema.com\/de\/wp-json\/wp\/v2\/product_cat?post=122411"},{"taxonomy":"product_tag","embeddable":true,"href":"https:\/\/moto-oprema.com\/de\/wp-json\/wp\/v2\/product_tag?post=122411"}],"curies":[{"name":"wp","href":"https:\/\/api.w.org\/{rel}","templated":true}]}}