{"id":122390,"date":"2022-05-12T09:39:29","date_gmt":"2022-05-12T09:39:29","guid":{"rendered":"https:\/\/moto-oprema.com\/Artikel\/alpinestars-tech-air-10-airbag-system\/"},"modified":"2022-05-12T09:39:29","modified_gmt":"2022-05-12T09:39:29","slug":"alpinestars-tech-air-10-airbag-system","status":"publish","type":"product","link":"https:\/\/moto-oprema.com\/de\/Artikel\/alpinestars-tech-air-10-airbag-system\/","title":{"rendered":"ALPINESTARS TECH-AIR 10 AIRBAG SYSTEM"},"content":{"rendered":"<p>Tech-Air\u00ae 10 ist der neueste innovative autonome Airbag in der Tech-Air\u00ae Alpinestars Familie, zu der auch die elektronischen Airbagsysteme Tech-Air\u00ae Race, Tech-Air\u00ae Street und Tech-Air\u00ae 5 geh\u00f6ren. Der Tech-Air\u00ae 10 ist ein schlankes, selbsttragendes, tragbares Airbagsystem, das aus der von MotoGP-Fahrern \u00fcbernommenen Airbag-Technologie von Alpinestars hervorgegangen ist. Es bietet Rennfahrern, Stra\u00dfenrennfahrern und Rennradfahrern un\u00fcbertroffenen K\u00f6rperschutz, indem es die Schultern, die Brust und den gesamten R\u00fccken des Fahrers abdeckt. und H\u00fcften.  <\/p>\n<p>Der Tech-Air\u00ae 10 kann unter jeder Alpinestars Tech-Air\u00ae Ready oder Tech-Air\u00ae kompatiblen Lederkombi oder jeder Lederkombi eines anderen Herstellers mit 4 cm Platz im Brustbereich und 2 cm Platz um den H\u00fcftumfang getragen werden. Der zus\u00e4tzliche Platz im Brust- und H\u00fcftbereich wird ben\u00f6tigt, um das Aufblasen des Airbags im Falle eines Unfalls zu erm\u00f6glichen. <\/p>\n<p>SCHUTZ:<\/p>\n<p>&#8211; Der Tech-Air\u00ae 10 wurde entwickelt, um die Schultern, die Brust, den R\u00fccken und die H\u00fcften des Motorradfahrers zu sch\u00fctzen und bietet den umfassendsten Schutz aller derzeit erh\u00e4ltlichen Airbags.<br \/>\n&#8211; Das hochmoderne, tragbare Tech-Air\u00ae 10 Airbagsystem ist mit einem aktiven elektronischen System ausgestattet, das 12 Sensoren (3 dreiachsige Beschleunigungsmesser und 1 dreiachsiges Gyroskop) und einen Algorithmus zur Aufprallerkennung umfasst, der k\u00fcnstliche Intelligenz einsetzt, um die Aktivierung des Airbags im Falle eines Unfalls genau zu \u00fcberwachen.<br \/>\n&#8211; Die Sto\u00dfd\u00e4mpfung beim Tragen eines Airbags f\u00fchrt zu einer Verringerung der Aufprallkraft um bis zu 95% im Vergleich zum passiven Schutz. Das Tech-Air\u00ae 10 Airbagsystem bietet den gleichen Schutz wie 18 R\u00fcckenprotektoren.<br \/>\n&#8211; Tech-Air\u00ae 10 ist CE Level 2 zertifiziert f\u00fcr Brust und R\u00fccken.<br \/>\n&#8211; Wenn ein Aufprall erkannt wird, entfaltet sich der Airbag und bietet mit einer maximalen Aufblaszeit von 40 ms einen unvergleichlichen Schutz.<br \/>\n&#8211; Das Tech-Air\u00ae 10 Airbagsystem bietet dank des zus\u00e4tzlichen H\u00fcftschutzes einen noch umfassenderen Schutz und ben\u00f6tigt 2 Argongas-Inflatoren, um das gesamte Volumen des gr\u00f6\u00dferen Airbags zu f\u00fcllen, wenn dieser bei einem Unfall entfaltet wird. Daher verf\u00fcgt der Tech-Air\u00ae 10 nicht \u00fcber das duale Aufblaskonzept des Tech-Air\u00ae Race Systems. <\/p>\n<p>FEATURES:<\/p>\n<p>&#8211; Eine drahtlose LED-Fernanzeige zeigt den Betriebsstatus des Airbags an.<br \/>\n&#8211; Der eingebaute, zertifizierte Lithium-Ionen-Akku hat eine Betriebsdauer von 24 Stunden.<br \/>\n&#8211; Daten aus Millionen von Kilometern und Tausenden von Unf\u00e4llen, die in jahrelanger Forschung mit den weltbesten MotoGP-Fahrern und Alpinestars-Kunden entwickelt wurden, sind analysiert worden, um den intelligenten Algorithmus zur Sturzerkennung kontinuierlich zu verbessern.<br \/>\n&#8211; Das Tech-Air\u00ae 10 System ist extrem einfach zu bedienen. Schlie\u00dfen Sie einfach die Vorderseite und schlie\u00dfen Sie den Gurt, um das Airbagsystem zu aktivieren und schon k\u00f6nnen Sie loslegen. Der interne Gurt aktiviert das System automatisch, sobald er geschlossen und gesichert ist.<br \/>\n&#8211; Im Rennmodus ist das Tech-Air\u00ae 10 System nur aktiv, wenn Sie mindestens 10 Sekunden lang mit einer Geschwindigkeit von \u00fcber 60 km\/h (37 mph) fahren. Vor dieser Aktivierung oder wenn die Geschwindigkeit des Fahrers mindestens 10 Sekunden lang kontinuierlich unter diese Geschwindigkeit f\u00e4llt, schaltet sich das System ab. Dies ist das Standardverhalten des Tech-Air\u00ae 10 Airbagsystems im Rennmodus, da es normal ist, in Situationen, in denen der Fahrer den Airbag nicht deaktivieren m\u00f6chte, schnell anzuhalten und zu fahren. In solchen Situationen ist es f\u00fcr den Fahrer sicherer, das System den Airbag automatisch deaktivieren zu lassen, um eine ungewollte Ausl\u00f6sung des Airbags zu vermeiden.<br \/>\n&#8211; Die kabellose LED-Fernanzeige kann in die Hand des Fahrers gelegt werden, um den Systemstatus zu \u00fcberpr\u00fcfen. Je nach Wunsch des Fahrers kann die LED-Anzeige auch am Fahrrad angebracht werden.<br \/>\n&#8211; Das Tech-Air\u00ae 10 ben\u00f6tigt etwa 4 Stunden, um einen leeren Akku mit dem mitgelieferten USB-Ladeger\u00e4t aufzuladen. Ein vollst\u00e4ndig aufgeladener Akku bietet eine Nutzungsdauer von etwa 24 Stunden. Wenn Sie nur wenig Zeit zur Verf\u00fcgung haben, k\u00f6nnen Sie den Akku ca. 1 Stunde lang aufladen, um das Ger\u00e4t ca. 6 Stunden lang zu nutzen.<br \/>\n&#8211; Der Airbag selbst ist atmungsaktiv und verf\u00fcgt \u00fcber Luftkan\u00e4le und einen perforierten R\u00fcckenbereich, der den Luftstrom gew\u00e4hrleistet und den Fahrerkomfort verbessert.<br \/>\n&#8211; Das Tech-Air\u00ae 10 System kann mit Hilfe der einfach zu bedienenden seitlichen Rei\u00dfverschl\u00fcsse schnell an der Basisschicht des Alpinestars Tech-Air\u00ae 10 Systems befestigt werden; dies erm\u00f6glicht es dem Fahrer, die Basisschicht zwischen den Fahrsessions zu wechseln, falls gew\u00fcnscht.<br \/>\n&#8211; Die Basisschicht von Tech-Air\u00ae 10 ist von Hand waschbar.<br \/>\n&#8211; Das Gesamtgewicht von Tech-Air\u00ae 10 (System und Basisschicht) betr\u00e4gt 2.390 g bei einer Mediengr\u00f6\u00dfe von.<br \/>\n&#8211; Tech-Air\u00ae 10 wurde f\u00fcr den Einsatz auf der Rennstrecke und auf der Stra\u00dfe entwickelt und kann sowohl im RACE- als auch im STREET-Fahrmodus verwendet werden, die \u00fcber spezielle KI-Algorithmen zur Unfallerkennung verf\u00fcgen. Der RACE-Fahrmodus darf nur f\u00fcr das Fahren auf geschlossenen Rennstrecken und nicht f\u00fcr andere Arten des Fahrens verwendet werden.<br \/>\n&#8211; Durch die Bluetooth-Verbindung mit der Tech-Air\u00ae App kann der Fahrer den Status des Airbagsystems, den Batteriestatus und MyRide Reiseinformationen abrufen.<br \/>\n&#8211; Die Fahrer k\u00f6nnen die System-Firmware auch \u00fcber die Tech-Air\u00ae-App aktualisieren, wenn ein neues Update verf\u00fcgbar ist.<\/p>\n","protected":false},"excerpt":{"rendered":"<p>Tech-Air\u00ae 10 ist der neueste innovative autonome Airbag in der Tech-Air\u00ae Alpinestars Familie, zu der auch&#8230;<\/p>\n","protected":false},"featured_media":122401,"comment_status":"open","ping_status":"closed","template":"","meta":{"_acf_changed":false},"brand":[2111],"gender":[],"product_brand":[],"product_cat":[2221,1357,2209],"product_tag":[],"class_list":{"0":"post-122390","1":"product","2":"type-product","3":"status-publish","4":"has-post-thumbnail","6":"brand-alpinestars-de","7":"product_cat-airbags-de","8":"product_cat-ausrustung-fur-motorradfahrer","9":"product_cat-schutzschilde-und-airbags","10":"pa_size-l-de","11":"pa_size-m-de","12":"pa_size-s-de","13":"pa_size-xl-de","14":"pa_size-xxl-de","16":"first","17":"instock","18":"sale","19":"taxable","20":"shipping-taxable","21":"purchasable","22":"product-type-variable"},"acf":[],"_links":{"self":[{"href":"https:\/\/moto-oprema.com\/de\/wp-json\/wp\/v2\/product\/122390","targetHints":{"allow":["GET"]}}],"collection":[{"href":"https:\/\/moto-oprema.com\/de\/wp-json\/wp\/v2\/product"}],"about":[{"href":"https:\/\/moto-oprema.com\/de\/wp-json\/wp\/v2\/types\/product"}],"replies":[{"embeddable":true,"href":"https:\/\/moto-oprema.com\/de\/wp-json\/wp\/v2\/comments?post=122390"}],"wp:featuredmedia":[{"embeddable":true,"href":"https:\/\/moto-oprema.com\/de\/wp-json\/wp\/v2\/media\/122401"}],"wp:attachment":[{"href":"https:\/\/moto-oprema.com\/de\/wp-json\/wp\/v2\/media?parent=122390"}],"wp:term":[{"taxonomy":"brand","embeddable":true,"href":"https:\/\/moto-oprema.com\/de\/wp-json\/wp\/v2\/brand?post=122390"},{"taxonomy":"gender","embeddable":true,"href":"https:\/\/moto-oprema.com\/de\/wp-json\/wp\/v2\/gender?post=122390"},{"taxonomy":"product_brand","embeddable":true,"href":"https:\/\/moto-oprema.com\/de\/wp-json\/wp\/v2\/product_brand?post=122390"},{"taxonomy":"product_cat","embeddable":true,"href":"https:\/\/moto-oprema.com\/de\/wp-json\/wp\/v2\/product_cat?post=122390"},{"taxonomy":"product_tag","embeddable":true,"href":"https:\/\/moto-oprema.com\/de\/wp-json\/wp\/v2\/product_tag?post=122390"}],"curies":[{"name":"wp","href":"https:\/\/api.w.org\/{rel}","templated":true}]}}