{"id":122358,"date":"2022-04-12T09:53:43","date_gmt":"2022-04-12T09:53:43","guid":{"rendered":"https:\/\/moto-oprema.com\/Artikel\/tld-mx-jugendhelm-gp-nova-glo-orange\/"},"modified":"2022-04-12T09:53:43","modified_gmt":"2022-04-12T09:53:43","slug":"tld-mx-jugendhelm-gp-nova-glo-orange","status":"publish","type":"product","link":"https:\/\/moto-oprema.com\/de\/Artikel\/tld-mx-jugendhelm-gp-nova-glo-orange\/","title":{"rendered":"TLD MX JUGENDHELM GP NOVA GLO ORANGE"},"content":{"rendered":"<p>Die K\u00f6pfe von jungen MX-Fahrern m\u00fcssen besonders gut gesch\u00fctzt werden.<\/p>\n<p>Wenn Sie also einen hochmodernen, sicheren und bequemen Motocross-Helm f\u00fcr Ihr Kind suchen, aber Ihr Bankkonto nicht \u00fcberstrapazieren wollen, sollten Sie sich f\u00fcr den Troy Lee Designs GP Helm entscheiden.<\/p>\n<p>Die fortschrittliche Polyacryl-Konstruktion mit EPP-Kinnschutz sch\u00fctzt Ihren Kopf, w\u00e4hrend die herausnehmbaren und waschbaren 3D-Wangenpolster f\u00fcr eine optimale Passform und hohen Tragekomfort sorgen. Die Schrauben des Kunststoffvisiers und die Messingeins\u00e4tze lassen sich im Falle einer Kollision aus Sicherheitsgr\u00fcnden einfach abnehmen. <\/p>\n<p>Der GP-Helm verf\u00fcgt \u00fcber 16 Lufteinl\u00e4sse, um k\u00fchle Luft um und \u00fcber den Kopf des Fahrers zu leiten und hei\u00dfe, schwei\u00dftreibende Luft durch die 12 hinteren Auslass\u00f6ffnungen zu dr\u00fccken. Er ist in 3 Schalengr\u00f6\u00dfen erh\u00e4ltlich, um den unterschiedlichen Kopfgr\u00f6\u00dfen und dem Alter der MX-Fahrer gerecht zu werden.<\/p>\n<p>M=50-51cm<\/p>\n<p>L=52-53cm<\/p>\n<p>Mit der TLD-Softtasche mit Kordelzug k\u00f6nnen Sie Ihren GP-Helm stilvoll transportieren und ihn gleichzeitig sch\u00fctzen.<\/p>\n<p>Au\u00dfenschale: 100% ABS (Acrylnitril-Butadien-Styrol-Copolymere).<\/p>\n<p>Innenh\u00fclle: 100% expandiertes Polystyrol (EPS).<\/p>\n<p>Futter: 50% Polyester, 50% expandiertes Polyurethan.<\/p>\n<p>Doppelte D-Ring-Schnalle: 100% Edelstahl.<\/p>\n<p>DOT FMVSS 218 und ECE R22.05 zertifiziert.<\/p>\n","protected":false},"excerpt":{"rendered":"<p>Die K\u00f6pfe von jungen MX-Fahrern m\u00fcssen besonders gut gesch\u00fctzt werden. Wenn Sie also einen hochmodernen, sicheren&#8230;<\/p>\n","protected":false},"featured_media":17512,"comment_status":"open","ping_status":"open","template":"","meta":{"_acf_changed":false},"brand":[2657],"gender":[],"product_brand":[],"product_cat":[2216,2028,2217],"product_tag":[],"class_list":{"0":"post-122358","1":"product","2":"type-product","3":"status-publish","4":"has-post-thumbnail","6":"brand-tld-de","7":"product_cat-fur-die-jungsten-de","8":"product_cat-motocross-ausrustung","9":"product_cat-mx-helme-de","10":"pa_size-l-de","11":"pa_size-m-de","13":"first","14":"onbackorder","15":"taxable","16":"shipping-taxable","17":"purchasable","18":"product-type-variable"},"acf":[],"_links":{"self":[{"href":"https:\/\/moto-oprema.com\/de\/wp-json\/wp\/v2\/product\/122358","targetHints":{"allow":["GET"]}}],"collection":[{"href":"https:\/\/moto-oprema.com\/de\/wp-json\/wp\/v2\/product"}],"about":[{"href":"https:\/\/moto-oprema.com\/de\/wp-json\/wp\/v2\/types\/product"}],"replies":[{"embeddable":true,"href":"https:\/\/moto-oprema.com\/de\/wp-json\/wp\/v2\/comments?post=122358"}],"wp:featuredmedia":[{"embeddable":true,"href":"https:\/\/moto-oprema.com\/de\/wp-json\/wp\/v2\/media\/17512"}],"wp:attachment":[{"href":"https:\/\/moto-oprema.com\/de\/wp-json\/wp\/v2\/media?parent=122358"}],"wp:term":[{"taxonomy":"brand","embeddable":true,"href":"https:\/\/moto-oprema.com\/de\/wp-json\/wp\/v2\/brand?post=122358"},{"taxonomy":"gender","embeddable":true,"href":"https:\/\/moto-oprema.com\/de\/wp-json\/wp\/v2\/gender?post=122358"},{"taxonomy":"product_brand","embeddable":true,"href":"https:\/\/moto-oprema.com\/de\/wp-json\/wp\/v2\/product_brand?post=122358"},{"taxonomy":"product_cat","embeddable":true,"href":"https:\/\/moto-oprema.com\/de\/wp-json\/wp\/v2\/product_cat?post=122358"},{"taxonomy":"product_tag","embeddable":true,"href":"https:\/\/moto-oprema.com\/de\/wp-json\/wp\/v2\/product_tag?post=122358"}],"curies":[{"name":"wp","href":"https:\/\/api.w.org\/{rel}","templated":true}]}}