{"id":121070,"date":"2022-09-23T10:49:48","date_gmt":"2022-09-23T10:49:48","guid":{"rendered":"https:\/\/moto-oprema.com\/Artikel\/leatt-4-5-mx-stiefel-orange\/"},"modified":"2022-09-23T10:49:48","modified_gmt":"2022-09-23T10:49:48","slug":"leatt-4-5-mx-stiefel-orange","status":"publish","type":"product","link":"https:\/\/moto-oprema.com\/de\/Artikel\/leatt-4-5-mx-stiefel-orange\/","title":{"rendered":"LEATT 4.5 MX STIEFEL ORANGE"},"content":{"rendered":"<div class=\"ui-tabs-panel ui-widget-content ui-corner-bottom\" id=\"tab-product-description\">\n<div class=\"description\"><strong>MX Stiefel Leatt 4.5<\/strong><\/p>\n<p>Mit den Moto 4.5 Motocross-Schuhen schl\u00e4gt Leatt drei Fliegen mit einer Klappe: Komfort, Sicherheit und Design. Dank der Auswahl der Materialien und der ausgefeilten Passform sind auch breitere F\u00fc\u00dfe bei Fahrten im Gel\u00e4nde sehr komfortabel. Mit vielen neuen Technologien, die speziell von Leatt entwickelt wurden, bieten sie ein neues Ma\u00df an Sicherheit, und mit ihrem modernen und futuristischen Design sind sie auch eine Augenweide!  <\/p>\n<p>Merkmale:<\/p>\n<ul>\n<li>  Au\u00dfergew\u00f6hnlicher Komfort mit erstklassiger Passform auch f\u00fcr breite F\u00fc\u00dfe<\/li>\n<li>  Verschluss: SlideLock-System, selbstverriegelnder Einweg-Schiebeverschluss f\u00fcr eine dichte Abdichtung am oberen Ende des Stiefels.<\/li>\n<li>  Schnallen aus Polymer-Verbundmaterial mit Over-Lock-System und Basis aus rostfreiem Stahl<\/li>\n<li>  Grip: Das Innere des Kofferraums ist flach und griffig und bietet ein hervorragendes Fahrerlebnis<\/li>\n<li>  Fingerfach: niedriges Profil f\u00fcr leichtes Verschieben<\/li>\n<li>  Kn\u00f6chel: Kn\u00f6chel-Design f\u00fcr Fersenhalt f\u00fcr Stabilit\u00e4t beim Fahren auf Zehenspitzen<\/li>\n<li>  Sohle: DualZone-H\u00e4rte<\/li>\n<li>  Erweiterter Fahrbereich mit Pedalen f\u00fcr das Fahren im Bug- und Zehenstil<\/li>\n<li>  Verst\u00e4rkte Stahlwelle<\/li>\n<li>  Innenfutter: Atmungsaktives 3D-Mesh-Innenfutter mit rutschhemmender Verst\u00e4rkung f\u00fcr keinen Fersenlift<\/li>\n<\/ul>\n<\/div>\n<\/div>\n","protected":false},"excerpt":{"rendered":"<p>MX Stiefel Leatt 4.5 Mit den Moto 4.5 Motocross-Schuhen schl\u00e4gt Leatt drei Fliegen mit einer Klappe:&#8230;<\/p>\n","protected":false},"featured_media":19167,"comment_status":"open","ping_status":"closed","template":"","meta":{"_acf_changed":false},"brand":[2121],"gender":[],"product_brand":[],"product_cat":[1357,2028,2244],"product_tag":[],"class_list":{"0":"post-121070","1":"product","2":"type-product","3":"status-publish","4":"has-post-thumbnail","6":"brand-leatt-de","7":"product_cat-ausrustung-fur-motorradfahrer","8":"product_cat-motocross-ausrustung","9":"product_cat-mx-stiefel","10":"pa_velikost-skornji-42-de","11":"pa_velikost-skornji-43-de","12":"pa_velikost-skornji-44-5-de","13":"pa_velikost-skornji-45-5-de","14":"pa_velikost-skornji-47-de","16":"first","17":"outofstock","18":"sale","19":"taxable","20":"shipping-taxable","21":"purchasable","22":"product-type-variable"},"acf":[],"_links":{"self":[{"href":"https:\/\/moto-oprema.com\/de\/wp-json\/wp\/v2\/product\/121070","targetHints":{"allow":["GET"]}}],"collection":[{"href":"https:\/\/moto-oprema.com\/de\/wp-json\/wp\/v2\/product"}],"about":[{"href":"https:\/\/moto-oprema.com\/de\/wp-json\/wp\/v2\/types\/product"}],"replies":[{"embeddable":true,"href":"https:\/\/moto-oprema.com\/de\/wp-json\/wp\/v2\/comments?post=121070"}],"wp:featuredmedia":[{"embeddable":true,"href":"https:\/\/moto-oprema.com\/de\/wp-json\/wp\/v2\/media\/19167"}],"wp:attachment":[{"href":"https:\/\/moto-oprema.com\/de\/wp-json\/wp\/v2\/media?parent=121070"}],"wp:term":[{"taxonomy":"brand","embeddable":true,"href":"https:\/\/moto-oprema.com\/de\/wp-json\/wp\/v2\/brand?post=121070"},{"taxonomy":"gender","embeddable":true,"href":"https:\/\/moto-oprema.com\/de\/wp-json\/wp\/v2\/gender?post=121070"},{"taxonomy":"product_brand","embeddable":true,"href":"https:\/\/moto-oprema.com\/de\/wp-json\/wp\/v2\/product_brand?post=121070"},{"taxonomy":"product_cat","embeddable":true,"href":"https:\/\/moto-oprema.com\/de\/wp-json\/wp\/v2\/product_cat?post=121070"},{"taxonomy":"product_tag","embeddable":true,"href":"https:\/\/moto-oprema.com\/de\/wp-json\/wp\/v2\/product_tag?post=121070"}],"curies":[{"name":"wp","href":"https:\/\/api.w.org\/{rel}","templated":true}]}}