{"id":121057,"date":"2022-09-21T11:24:46","date_gmt":"2022-09-21T11:24:46","guid":{"rendered":"https:\/\/moto-oprema.com\/Artikel\/alpinestars-a-1-pro-visier-bw\/"},"modified":"2022-09-21T11:24:46","modified_gmt":"2022-09-21T11:24:46","slug":"alpinestars-a-1-pro-visier-bw","status":"publish","type":"product","link":"https:\/\/moto-oprema.com\/de\/Artikel\/alpinestars-a-1-pro-visier-bw\/","title":{"rendered":"ALPINESTARS A-1 PRO VISIER BW"},"content":{"rendered":"<p>Alpinestars A-1 Pro Brustprotektor<\/p>\n<p>Der A-1 Brustprotektor verf\u00fcgt \u00fcber einen Brustprotektor mit hybrider Polyhedron Level 1 Technologie und einen R\u00fcckenprotektor mit Polyhedron Technologie, die ein unvergleichliches Ma\u00df an Atmungsaktivit\u00e4t bietet, extrem leicht ist und einen hervorragenden Aufprallschutz f\u00fcr den Oberk\u00f6rper bietet. <\/p>\n<p>Merkmale:<\/p>\n<p>  18% der Brustprotektorstruktur besteht aus Bel\u00fcftungs\u00f6ffnungen, die sich durch beide Schichten der Hybridstruktur erstrecken, um eine maximale Bel\u00fcftung und Luftzirkulation zu gew\u00e4hrleisten<br \/> Ultra bel\u00fcftet mit Ram Air Plenum, das die W\u00e4rme von der Brust ableitet<br \/> Flexibler Brustprotektor passt sich der Form der Brust an f\u00fcr eine flexible Passform<br \/> Anatomisch geformter R\u00fcckenprotektor, passt sich den nat\u00fcrlichen Kurven der Wirbels\u00e4ule an und sorgt so f\u00fcr optimalen Tragekomfort<br \/> Verstellbares und abnehmbares Schulterpolster f\u00fcr eine individuelle Passform<br \/> BNS-kompatibel mit elastischen Zuglaschen<br \/> Der leichteste Level 1-Brustprotektor in Gr\u00f6\u00dfe M\/L wiegt nur 664 Gramm<\/p>\n","protected":false},"excerpt":{"rendered":"<p>Alpinestars A-1 Pro Brustprotektor Der A-1 Brustprotektor verf\u00fcgt \u00fcber einen Brustprotektor mit hybrider Polyhedron Level 1&#8230;<\/p>\n","protected":false},"featured_media":19122,"comment_status":"open","ping_status":"open","template":"","meta":{"_acf_changed":false},"brand":[2111],"gender":[],"product_brand":[],"product_cat":[2028,2222,2079],"product_tag":[],"class_list":{"0":"post-121057","1":"product","2":"type-product","3":"status-publish","4":"has-post-thumbnail","6":"brand-alpinestars-de","7":"product_cat-motocross-ausrustung","8":"product_cat-mx-korperprotektoren","9":"product_cat-mx-schilder","10":"pa_size-m-l-de","11":"pa_size-xl-2xl-de","13":"first","14":"onbackorder","15":"taxable","16":"shipping-taxable","17":"purchasable","18":"product-type-variable"},"acf":[],"_links":{"self":[{"href":"https:\/\/moto-oprema.com\/de\/wp-json\/wp\/v2\/product\/121057","targetHints":{"allow":["GET"]}}],"collection":[{"href":"https:\/\/moto-oprema.com\/de\/wp-json\/wp\/v2\/product"}],"about":[{"href":"https:\/\/moto-oprema.com\/de\/wp-json\/wp\/v2\/types\/product"}],"replies":[{"embeddable":true,"href":"https:\/\/moto-oprema.com\/de\/wp-json\/wp\/v2\/comments?post=121057"}],"wp:featuredmedia":[{"embeddable":true,"href":"https:\/\/moto-oprema.com\/de\/wp-json\/wp\/v2\/media\/19122"}],"wp:attachment":[{"href":"https:\/\/moto-oprema.com\/de\/wp-json\/wp\/v2\/media?parent=121057"}],"wp:term":[{"taxonomy":"brand","embeddable":true,"href":"https:\/\/moto-oprema.com\/de\/wp-json\/wp\/v2\/brand?post=121057"},{"taxonomy":"gender","embeddable":true,"href":"https:\/\/moto-oprema.com\/de\/wp-json\/wp\/v2\/gender?post=121057"},{"taxonomy":"product_brand","embeddable":true,"href":"https:\/\/moto-oprema.com\/de\/wp-json\/wp\/v2\/product_brand?post=121057"},{"taxonomy":"product_cat","embeddable":true,"href":"https:\/\/moto-oprema.com\/de\/wp-json\/wp\/v2\/product_cat?post=121057"},{"taxonomy":"product_tag","embeddable":true,"href":"https:\/\/moto-oprema.com\/de\/wp-json\/wp\/v2\/product_tag?post=121057"}],"curies":[{"name":"wp","href":"https:\/\/api.w.org\/{rel}","templated":true}]}}