{"id":121024,"date":"2022-09-01T22:12:44","date_gmt":"2022-09-01T22:12:44","guid":{"rendered":"https:\/\/moto-oprema.com\/Artikel\/alpinestars-atem-v4-smx-plus-v2-gp-pro-r3\/"},"modified":"2022-09-01T22:12:44","modified_gmt":"2022-09-01T22:12:44","slug":"alpinestars-atem-v4-smx-plus-v2-gp-pro-r3","status":"publish","type":"product","link":"https:\/\/moto-oprema.com\/de\/Artikel\/alpinestars-atem-v4-smx-plus-v2-gp-pro-r3\/","title":{"rendered":"ALPINESTARS ATEM V4 + SMX PLUS V2 + GP PRO R3"},"content":{"rendered":"<p>W\u00e4hlen Sie Ihre eigene Ausr\u00fcstung.<\/p>\n<p>*1 Alpinestars ATEM V4 Tr\u00e4gerhose<br \/>*2 Alpinestars SMXPlus V2 Stiefel<br \/>*3 Alpinestars GP PRO R3 Handschuhe<\/p>\n<p>Geeignetes Kit f\u00fcr den normalen Stra\u00dfenverkehr. Nat\u00fcrlich kann es auch mit anderen Modellen kombiniert werden und der Preis wird dann entsprechend angepasst (mit Rabatt). <\/p>\n<p>*1<\/p>\n<p>Ein professioneller Overall aus hochwertigem Leder, der nicht nur Schutz und Komfort, sondern auch Leistung bietet. Mit zahlreichen Stretcheins\u00e4tzen f\u00fcr mehr Komfort und Flexibilit\u00e4t. Interne und externe Protektoren an Schultern, Ellbogen und Knien. Option zur Anbringung zus\u00e4tzlicher Alpinestars Nucleon Pads.   <\/p>\n<p>*2<br \/>Die Alpinestars SMX-6 V2 Stiefel wurden entwickelt, um sowohl auf der Rennstrecke als auch auf normalen Stra\u00dfen gefahren zu werden. Er verf\u00fcgt \u00fcber ein \u00fcberarbeitetes Obermaterial, das Ihnen noch mehr Flexibilit\u00e4t bietet. Dar\u00fcber hinaus beinhaltet der Stiefel die neuesten Alpinestars Entdeckungen im Schuhbereich. Jede Komponente des SMX-6 V2 Stiefels, der CE-zertifiziert ist, wurde sorgf\u00e4ltig entwickelt, um dem Fahrer einen Vorteil in Sachen Sicherheit, Ergonomie und Leistung w\u00e4hrend der Fahrt zu bieten.   <\/p>\n<p>*3<\/p>\n<p><span style=\"color:#000000;font-family:'Times New Roman';font-size:medium;font-style:normal;letter-spacing:normal;text-indent:0px;text-transform:none;white-space:normal;word-spacing:0px;float:none;\">Die GP Pro R3 Handschuhe bieten mit ihrem ergonomischen Design und den anatomisch geformten Details den besten Schutz und Komfort. Der GP Pro R3 wurde auf MotoGP- und WSBK-Driftstrecken getestet und verf\u00fcgt \u00fcber Alpinestars exklusive Dynamic Friction Shield-Handschuhe, die eine bessere Luftzirkulation erm\u00f6glichen. Mit ihnen sind Sie bereit f\u00fcr Ihren besten Tag auf der Strecke.   <\/span><\/p>\n<p><br style=\"color:#000000;font-family:'Times New Roman';font-size:medium;font-style:normal;font-weight:400;letter-spacing:normal;text-indent:0px;text-transform:none;white-space:normal;word-spacing:0px;\"><span style=\"color:#000000;font-family:'Times New Roman';font-size:medium;font-style:normal;letter-spacing:normal;text-indent:0px;text-transform:none;white-space:normal;word-spacing:0px;float:none;\">Zusammensetzung des Rohmaterials:<\/span><br style=\"color:#000000;font-family:'Times New Roman';font-size:medium;font-style:normal;font-weight:400;letter-spacing:normal;text-indent:0px;text-transform:none;white-space:normal;word-spacing:0px;\"><span style=\"color:#000000;font-family:'Times New Roman';font-size:medium;font-style:normal;letter-spacing:normal;text-indent:0px;text-transform:none;white-space:normal;word-spacing:0px;float:none;\">Au\u00dfen: 92% Leder, 8% <\/span><span id=\"result_box\" style=\"color:#000000;font-family:'Times New Roman';font-size:medium;font-style:normal;letter-spacing:normal;text-indent:0px;text-transform:none;white-space:normal;word-spacing:0px;\" xml_lang=\"sl\" lang=\"sl\">Polyurethan<br \/>Futter: <\/span><span style=\"color:#000000;font-family:'Times New Roman';font-size:medium;font-style:normal;letter-spacing:normal;text-indent:0px;text-transform:none;white-space:normal;word-spacing:0px;\" xml_lang=\"sl\" lang=\"sl\">57% Polyester, 28% Aramid, 15% Baumwolle<\/span><\/p>\n","protected":false},"excerpt":{"rendered":"<p>W\u00e4hlen Sie Ihre eigene Ausr\u00fcstung. *1 Alpinestars ATEM V4 Tr\u00e4gerhose*2 Alpinestars SMXPlus V2 Stiefel*3 Alpinestars GP&#8230;<\/p>\n","protected":false},"featured_media":18392,"comment_status":"open","ping_status":"open","template":"","meta":{"_acf_changed":false},"brand":[2111],"gender":[],"product_brand":[],"product_cat":[2175,1357],"product_tag":[],"class_list":{"0":"post-121024","1":"product","2":"type-product","3":"status-publish","4":"has-post-thumbnail","6":"brand-alpinestars-de","7":"product_cat-2-teilige-latzhose","8":"product_cat-ausrustung-fur-motorradfahrer","9":"pa_size-48-de","10":"pa_size-50-de","11":"pa_size-52-de","12":"pa_size-54-de","13":"pa_size-56-de","14":"pa_size-58-de","15":"pa_size-60-de","16":"pa_velikost-rokavice-2-l-de","17":"pa_velikost-rokavice-2-m-de","18":"pa_velikost-rokavice-2-s-de","19":"pa_velikost-rokavice-2-xl-de","20":"pa_velikost-rokavice-2-xxl-de","21":"pa_velikost-skornji-2-38-de","22":"pa_velikost-skornji-2-39-de","23":"pa_velikost-skornji-2-40-de","24":"pa_velikost-skornji-2-41-de","25":"pa_velikost-skornji-2-42-de","26":"pa_velikost-skornji-2-43-de","27":"pa_velikost-skornji-2-45-de","28":"pa_velikost-skornji-2-46-de","30":"first","31":"onbackorder","32":"sale","33":"taxable","34":"shipping-taxable","35":"purchasable","36":"product-type-variable"},"acf":[],"_links":{"self":[{"href":"https:\/\/moto-oprema.com\/de\/wp-json\/wp\/v2\/product\/121024","targetHints":{"allow":["GET"]}}],"collection":[{"href":"https:\/\/moto-oprema.com\/de\/wp-json\/wp\/v2\/product"}],"about":[{"href":"https:\/\/moto-oprema.com\/de\/wp-json\/wp\/v2\/types\/product"}],"replies":[{"embeddable":true,"href":"https:\/\/moto-oprema.com\/de\/wp-json\/wp\/v2\/comments?post=121024"}],"wp:featuredmedia":[{"embeddable":true,"href":"https:\/\/moto-oprema.com\/de\/wp-json\/wp\/v2\/media\/18392"}],"wp:attachment":[{"href":"https:\/\/moto-oprema.com\/de\/wp-json\/wp\/v2\/media?parent=121024"}],"wp:term":[{"taxonomy":"brand","embeddable":true,"href":"https:\/\/moto-oprema.com\/de\/wp-json\/wp\/v2\/brand?post=121024"},{"taxonomy":"gender","embeddable":true,"href":"https:\/\/moto-oprema.com\/de\/wp-json\/wp\/v2\/gender?post=121024"},{"taxonomy":"product_brand","embeddable":true,"href":"https:\/\/moto-oprema.com\/de\/wp-json\/wp\/v2\/product_brand?post=121024"},{"taxonomy":"product_cat","embeddable":true,"href":"https:\/\/moto-oprema.com\/de\/wp-json\/wp\/v2\/product_cat?post=121024"},{"taxonomy":"product_tag","embeddable":true,"href":"https:\/\/moto-oprema.com\/de\/wp-json\/wp\/v2\/product_tag?post=121024"}],"curies":[{"name":"wp","href":"https:\/\/api.w.org\/{rel}","templated":true}]}}