{"id":111491,"date":"2022-09-28T10:54:22","date_gmt":"2022-09-28T10:54:22","guid":{"rendered":"https:\/\/moto-oprema.com\/Artikel\/dainese-super-rider-2-absoluteshell-schwarz-grau-fluo-rot\/"},"modified":"2022-09-28T10:54:22","modified_gmt":"2022-09-28T10:54:22","slug":"dainese-super-rider-2-absoluteshell-schwarz-grau-fluo-rot","status":"publish","type":"product","link":"https:\/\/moto-oprema.com\/de\/Artikel\/dainese-super-rider-2-absoluteshell-schwarz-grau-fluo-rot\/","title":{"rendered":"DAINESE SUPER RIDER 2 ABSOLUTESHELL SCHWARZ\/GRAU\/FLUO-ROT"},"content":{"rendered":"<p>VIEW<\/p>\n<p>  Motorradjacke aus Mugello-Gewebe mit Eins\u00e4tzen aus Rindsleder und zertifizierten Schulter-, Brust- und R\u00fcckenprotektoren. Vielseitig bei allen Bedingungen dank der herausnehmbaren wasserdichten Abs\u00f8luteshell\u2122-Membran. <\/p>\n<p>BESCHREIBUNG<\/p>\n<p>  Die schlank und sportlich geschnittene Super Rider 2 Abs\u00f8luteshell\u2122 ist eine zertifizierte Motorradjacke mit Eins\u00e4tzen aus Rindsleder an den am st\u00e4rksten beanspruchten Stellen. Die Jacke passt sich dank der Stretch-Konstruktion aus Mugello-Gewebe, die f\u00fcr ein hohes Ma\u00df an Ergonomie und Bewegungsfreiheit sorgt, an unterschiedliche K\u00f6rperformen an. Das hohe Niveau des zertifizierten Schutzes ist das Ergebnis direkter Erfahrungen auf der Rennstrecke, mit Aluminiumeins\u00e4tzen an den Schultern in Kombination mit Verbundprotektoren, die in Brust- und R\u00fcckenprotektoren integriert werden k\u00f6nnen. Der Schutz wird mit Komfort und Stabilit\u00e4t beim Fahren kombiniert, auch bei hohen Geschwindigkeiten und \u00fcber aerodynamische Unebenheiten. Das atmungsaktive Futter ist mit einer herausnehmbaren, wasserdichten Abs\u00f8luteshell\u2122-Innenmembran kombiniert, die das Kleidungsst\u00fcck bei einer Vielzahl von Wetterbedingungen extrem vielseitig macht und an den hei\u00dfesten Tagen maximale Atmungsaktivit\u00e4t und bei schlechtem Wetter eine Barriere gegen Regen und Wind bietet. Stretcheins\u00e4tze im Bereich der Schulterbl\u00e4tter verleihen dem Kleidungsst\u00fcck gro\u00dfe Flexibilit\u00e4t und das System zur Anpassung der Passform an H\u00fcfte, \u00c4rmelb\u00fcndchen und Bizeps sorgt f\u00fcr hervorragenden Komfort und Tragekomfort, der auch durch das Hosenverschlusssystem optimiert wird.      <\/p>\n<p>FEATURES<\/p>\n<p>  1 Innentasche<br \/> 2 Au\u00dfentaschen<br \/> Motorradschutzweste mit EN 17092 Zertifikat<br \/> Doppelte Brustschutztasche<br \/> R\u00fcckenschutztasche G1 und G2<br \/> Reflektierende Eins\u00e4tze<\/p>\n<p>ERGONOMIE<\/p>\n<p>  Aerodynamischer Spoiler<br \/> Elastische Eins\u00e4tze<br \/> Jacke-Helm-Verschluss-System<br \/> Halsverstellung<br \/> Verstellung von Handgelenk und Taille<\/p>\n<p>HAUPTMATERIALIEN<\/p>\n<p>  ABS\u00d8LUTESHELL\u2122 herausnehmbare Membran<br \/> Eins\u00e4tze aus Rindsleder<br \/> Mesh-Eins\u00e4tze<br \/> Mugello-Gewebe<\/p>\n<p>SICHERHEIT<\/p>\n<p>  Aluminiumeins\u00e4tze an den Schultern<br \/> Abnehmbare Schulterpolster aus Verbundwerkstoff, zertifiziert nach EN 1621.1<\/p>\n<p>WASSERDICHT<\/p>\n<p>  I<\/p>\n<p>Zusammensetzung des Rohmaterials: Polyester und Leder<\/p>\n","protected":false},"excerpt":{"rendered":"<p>Erste Lieferung April 2023 !<\/p>\n","protected":false},"featured_media":19478,"comment_status":"open","ping_status":"open","template":"","meta":{"_acf_changed":false},"brand":[2113],"gender":[],"product_brand":[],"product_cat":[1357,2045,2048],"product_tag":[],"class_list":{"0":"post-111491","1":"product","2":"type-product","3":"status-publish","4":"has-post-thumbnail","6":"brand-dainese-de","7":"product_cat-ausrustung-fur-motorradfahrer","8":"product_cat-jakne-de","9":"product_cat-textil-jacken","10":"pa_size-48-de","11":"pa_size-50-de","12":"pa_size-52-de","13":"pa_size-54-de","14":"pa_size-56-de","15":"pa_size-58-de","16":"pa_size-60-de","18":"first","19":"onbackorder","20":"sale","21":"taxable","22":"shipping-taxable","23":"purchasable","24":"product-type-variable"},"acf":[],"_links":{"self":[{"href":"https:\/\/moto-oprema.com\/de\/wp-json\/wp\/v2\/product\/111491","targetHints":{"allow":["GET"]}}],"collection":[{"href":"https:\/\/moto-oprema.com\/de\/wp-json\/wp\/v2\/product"}],"about":[{"href":"https:\/\/moto-oprema.com\/de\/wp-json\/wp\/v2\/types\/product"}],"replies":[{"embeddable":true,"href":"https:\/\/moto-oprema.com\/de\/wp-json\/wp\/v2\/comments?post=111491"}],"wp:featuredmedia":[{"embeddable":true,"href":"https:\/\/moto-oprema.com\/de\/wp-json\/wp\/v2\/media\/19478"}],"wp:attachment":[{"href":"https:\/\/moto-oprema.com\/de\/wp-json\/wp\/v2\/media?parent=111491"}],"wp:term":[{"taxonomy":"brand","embeddable":true,"href":"https:\/\/moto-oprema.com\/de\/wp-json\/wp\/v2\/brand?post=111491"},{"taxonomy":"gender","embeddable":true,"href":"https:\/\/moto-oprema.com\/de\/wp-json\/wp\/v2\/gender?post=111491"},{"taxonomy":"product_brand","embeddable":true,"href":"https:\/\/moto-oprema.com\/de\/wp-json\/wp\/v2\/product_brand?post=111491"},{"taxonomy":"product_cat","embeddable":true,"href":"https:\/\/moto-oprema.com\/de\/wp-json\/wp\/v2\/product_cat?post=111491"},{"taxonomy":"product_tag","embeddable":true,"href":"https:\/\/moto-oprema.com\/de\/wp-json\/wp\/v2\/product_tag?post=111491"}],"curies":[{"name":"wp","href":"https:\/\/api.w.org\/{rel}","templated":true}]}}