{"id":111430,"date":"2022-09-29T10:49:18","date_gmt":"2022-09-29T10:49:18","guid":{"rendered":"https:\/\/moto-oprema.com\/Artikel\/dainese-metractive-d-wp-schuhe-braun\/"},"modified":"2022-09-29T10:49:18","modified_gmt":"2022-09-29T10:49:18","slug":"dainese-metractive-d-wp-schuhe-braun","status":"publish","type":"product","link":"https:\/\/moto-oprema.com\/de\/Artikel\/dainese-metractive-d-wp-schuhe-braun\/","title":{"rendered":"DAINESE METRACTIVE D-WP SCHUHE BRAUN"},"content":{"rendered":"<p>Wasserdichte Motorradstiefel aus vollnarbigem Leder. Bequem, strapazierf\u00e4hig und sch\u00fctzend, mit asymmetrischen Groundtrax\u00ae-Sohlen. <\/p>\n<p>BESCHREIBUNG<\/p>\n<p>Der Metractive D-WP ist ein wasserdichter Motorradschuh aus feinem Vollnarbenleder, der f\u00fcr das Tragen bei verschiedenen Wetterbedingungen und Gelegenheiten \u00fcber den ganzen Tag hinweg konzipiert wurde, sowohl beim Fahren als auch beim Gehen. Durch sein geringes Gewicht eignet er sich f\u00fcr lange Tragezeiten, was die gro\u00dfe Aufmerksamkeit zeigt, die dem Komfort gewidmet wird. Der Fokus auf Komfort wird mit einem Fokus auf Sicherheit kombiniert, mit Verst\u00e4rkungen an der Ferse und am Kn\u00f6chel, um die Stabilit\u00e4t und den Schutz zu erh\u00f6hen. Die asymmetrischen Groundtrax\u00ae-Au\u00dfensohlen sind so konzipiert, dass sie maximalen Komfort und Stabilit\u00e4t sowie idealen Grip und Traktion sowohl beim Laufen als auch beim Gehen bieten. Die Sohlen sind so konzipiert, dass sie sich beim Aufprall nicht verformen. Ein praktischer seitlicher Rei\u00dfverschluss erleichtert das Anziehen. Die Ortholite\u00ae-Einlegesohle bietet maximale Atmungsaktivit\u00e4t und lang anhaltende D\u00e4mpfung.      <\/p>\n<p>FEATURES<\/p>\n<ul>\n<li>  Bootstrap<\/li>\n<li>  Elastisches Band zur Aufbewahrung von Schn\u00fcrsenkeln<\/li>\n<li>  PU-Schalthebelschutz<\/li>\n<li>  Groundtrax\u00ae Gummilaufsohle f\u00fcr hervorragenden Gehkomfort<\/li>\n<li>  Ortholite-Einlage mit lang anhaltender D\u00e4mpfung und hoher Atmungsaktivit\u00e4t<\/li>\n<\/ul>\n<p>HAUPTMATERIALIEN<\/p>\n<p>Obermaterial aus vollnarbigem Rindsleder<\/p>\n<p>SICHERHEIT<\/p>\n<p>Starre Eins\u00e4tze im Fersenbereich mit weichem D-Schaum auf der Innenseite<br \/>\nCE-zertifizierte Schuhe &#8211; Kat. II &#8211; Norm EN 13634 <\/p>\n<p>TEMPERATUR<\/p>\n<p>Mesh-Futter<br \/>\nD-WP\u00ae wasserdichte Innenseite<\/p>\n<p>&nbsp;<\/p>\n","protected":false},"excerpt":{"rendered":"<p>Erste Lieferung FEBRUAR 2023 !<\/p>\n","protected":false},"featured_media":111435,"comment_status":"open","ping_status":"closed","template":"","meta":{"_acf_changed":false},"brand":[2113],"gender":[],"product_brand":[],"product_cat":[1357,2043,2044],"product_tag":[],"class_list":{"0":"post-111430","1":"product","2":"type-product","3":"status-publish","4":"has-post-thumbnail","6":"brand-dainese-de","7":"product_cat-ausrustung-fur-motorradfahrer","8":"product_cat-schuhe","9":"product_cat-urbanes-schuhwerk","10":"pa_velikost-skornji-39-de","11":"pa_velikost-skornji-40-de","12":"pa_velikost-skornji-41-de","13":"pa_velikost-skornji-42-de","14":"pa_velikost-skornji-43-de","15":"pa_velikost-skornji-44-de","16":"pa_velikost-skornji-45-de","17":"pa_velikost-skornji-46-de","18":"pa_velikost-skornji-47-de","20":"first","21":"onbackorder","22":"taxable","23":"shipping-taxable","24":"purchasable","25":"product-type-variable"},"acf":[],"_links":{"self":[{"href":"https:\/\/moto-oprema.com\/de\/wp-json\/wp\/v2\/product\/111430","targetHints":{"allow":["GET"]}}],"collection":[{"href":"https:\/\/moto-oprema.com\/de\/wp-json\/wp\/v2\/product"}],"about":[{"href":"https:\/\/moto-oprema.com\/de\/wp-json\/wp\/v2\/types\/product"}],"replies":[{"embeddable":true,"href":"https:\/\/moto-oprema.com\/de\/wp-json\/wp\/v2\/comments?post=111430"}],"wp:featuredmedia":[{"embeddable":true,"href":"https:\/\/moto-oprema.com\/de\/wp-json\/wp\/v2\/media\/111435"}],"wp:attachment":[{"href":"https:\/\/moto-oprema.com\/de\/wp-json\/wp\/v2\/media?parent=111430"}],"wp:term":[{"taxonomy":"brand","embeddable":true,"href":"https:\/\/moto-oprema.com\/de\/wp-json\/wp\/v2\/brand?post=111430"},{"taxonomy":"gender","embeddable":true,"href":"https:\/\/moto-oprema.com\/de\/wp-json\/wp\/v2\/gender?post=111430"},{"taxonomy":"product_brand","embeddable":true,"href":"https:\/\/moto-oprema.com\/de\/wp-json\/wp\/v2\/product_brand?post=111430"},{"taxonomy":"product_cat","embeddable":true,"href":"https:\/\/moto-oprema.com\/de\/wp-json\/wp\/v2\/product_cat?post=111430"},{"taxonomy":"product_tag","embeddable":true,"href":"https:\/\/moto-oprema.com\/de\/wp-json\/wp\/v2\/product_tag?post=111430"}],"curies":[{"name":"wp","href":"https:\/\/api.w.org\/{rel}","templated":true}]}}