{"id":111382,"date":"2022-09-30T10:56:53","date_gmt":"2022-09-30T10:56:53","guid":{"rendered":"https:\/\/moto-oprema.com\/Artikel\/dainese-super-speed-4-lederjacke-schwarz-grau\/"},"modified":"2022-09-30T10:56:53","modified_gmt":"2022-09-30T10:56:53","slug":"dainese-super-speed-4-lederjacke-schwarz-grau","status":"publish","type":"product","link":"https:\/\/moto-oprema.com\/de\/Artikel\/dainese-super-speed-4-lederjacke-schwarz-grau\/","title":{"rendered":"DAINESE SUPER SPEED 4 LEDERJACKE SCHWARZ GRAU"},"content":{"rendered":"<p>Dainese Motorradjacke aus Rindsleder mit Stretcheins\u00e4tzen und zertifizierten Pro-Armor-Protektoren und Metallschiebern an den Schultern.<\/p>\n<p>Die Super Speed 4 Lederjacke ist eine D-Skin-Rindsleder-Sportmotorradjacke mit Microelastic 2.0 und S1-Eins\u00e4tzen, die sich dem K\u00f6rper anpasst und seinen Bewegungen folgt. Die Super Speed 4 Jacke kombiniert ein hohes Ma\u00df an Sicherheit und Komfort mit zertifizierten Composite-Ellbogenpolstern, Kunststoff-RSS (Replaceable Safety System) Ellbogenpolstern, zertifizierten Pro-Armor Schulterpolstern und einer doppelten Brusttasche. Die Schultern zeichnen sich durch integrierte Metallplatten aus, die das Gleiten beim Kontakt mit dem Asphalt erleichtern und das Risiko eines gef\u00e4hrlichen \u00dcberschlags verhindern. Die Super Speed 4 Lederjacke ist bequem und bietet dank der Stretchkonstruktion an Bauch und Rumpf einen hohen Tragekomfort. Sie verf\u00fcgt \u00fcber Bel\u00fcftungsrei\u00dfverschl\u00fcsse an den Seiten.   <\/p>\n<p>FEATURES<\/p>\n<p>  1 Innentasche<br \/> Reflektierende Eins\u00e4tze<br \/> Replaceable Slider System 2.0: schnell abnehmbarer Ellbogensch\u00fctzer<\/p>\n<p>ERGONOMIE<\/p>\n<p>  Aerodynamischer Spoiler<br \/> Elastische Eins\u00e4tze an den Schultern<br \/> Elastische High-Performance-Konstruktion an den Handgelenken<br \/> High-Performance-Konstruktion an der Unterseite<br \/> Jacke-Helm-Verschlusssystem<br \/> Verl\u00e4ngerter R\u00fccken<br \/> Mikro-Elastik 2.0<br \/> Komfortable Halskonstruktion<br \/> Taillenverstellung<\/p>\n<p>HAUPTMATERIALIEN<\/p>\n<p>  Rindsleder D-Skin<br \/> S1 bielastischer Stoff<\/p>\n<p>SICHERHEIT<\/p>\n<p>  Ellbogensch\u00fctzer aus Verbundwerkstoff, zertifiziert nach EN 1621.1<br \/> Doppelte Brusttasche<br \/> R\u00fcckentasche G1 und G2<br \/> Pro-Armor: weiche Polster, zertifiziert nach EN 1621.1 an den Schultern<br \/> Austauschbare Aluminiumplatte an der Schulter (1876165 shoulder sports aluminium kit)<br \/> Nahtlose Aluminiumplatten an den Ellenbogen<br \/> Thermogeformte Basisschultern<\/p>\n<p>TEMPERATUR<\/p>\n<p>  3D-Bubble-Stoffeins\u00e4tze<br \/> Luftschlitze an den Seiten<br \/> Air-Mesh-Futter<br \/> Zwischensaison<br \/> Sommer<\/p>\n<p>Zusammensetzung des Rohmaterials: 100% Leder<\/p>\n","protected":false},"excerpt":{"rendered":"<p>Dainese Motorradjacke aus Rindsleder mit Stretcheins\u00e4tzen und zertifizierten Pro-Armor-Protektoren und Metallschiebern an den Schultern. Die Super&#8230;<\/p>\n","protected":false},"featured_media":19618,"comment_status":"open","ping_status":"open","template":"","meta":{"_acf_changed":false},"brand":[2113],"gender":[],"product_brand":[],"product_cat":[1357,2045,2228],"product_tag":[],"class_list":{"0":"post-111382","1":"product","2":"type-product","3":"status-publish","4":"has-post-thumbnail","6":"brand-dainese-de","7":"product_cat-ausrustung-fur-motorradfahrer","8":"product_cat-jakne-de","9":"product_cat-lederjacken","10":"pa_size-48-de","11":"pa_size-50-de","12":"pa_size-52-de","13":"pa_size-54-de","14":"pa_size-56-de","15":"pa_size-58-de","16":"pa_size-60-de","18":"first","19":"onbackorder","20":"taxable","21":"shipping-taxable","22":"purchasable","23":"product-type-variable"},"acf":[],"_links":{"self":[{"href":"https:\/\/moto-oprema.com\/de\/wp-json\/wp\/v2\/product\/111382","targetHints":{"allow":["GET"]}}],"collection":[{"href":"https:\/\/moto-oprema.com\/de\/wp-json\/wp\/v2\/product"}],"about":[{"href":"https:\/\/moto-oprema.com\/de\/wp-json\/wp\/v2\/types\/product"}],"replies":[{"embeddable":true,"href":"https:\/\/moto-oprema.com\/de\/wp-json\/wp\/v2\/comments?post=111382"}],"wp:featuredmedia":[{"embeddable":true,"href":"https:\/\/moto-oprema.com\/de\/wp-json\/wp\/v2\/media\/19618"}],"wp:attachment":[{"href":"https:\/\/moto-oprema.com\/de\/wp-json\/wp\/v2\/media?parent=111382"}],"wp:term":[{"taxonomy":"brand","embeddable":true,"href":"https:\/\/moto-oprema.com\/de\/wp-json\/wp\/v2\/brand?post=111382"},{"taxonomy":"gender","embeddable":true,"href":"https:\/\/moto-oprema.com\/de\/wp-json\/wp\/v2\/gender?post=111382"},{"taxonomy":"product_brand","embeddable":true,"href":"https:\/\/moto-oprema.com\/de\/wp-json\/wp\/v2\/product_brand?post=111382"},{"taxonomy":"product_cat","embeddable":true,"href":"https:\/\/moto-oprema.com\/de\/wp-json\/wp\/v2\/product_cat?post=111382"},{"taxonomy":"product_tag","embeddable":true,"href":"https:\/\/moto-oprema.com\/de\/wp-json\/wp\/v2\/product_tag?post=111382"}],"curies":[{"name":"wp","href":"https:\/\/api.w.org\/{rel}","templated":true}]}}