{"id":111323,"date":"2022-10-05T10:05:26","date_gmt":"2022-10-05T10:05:26","guid":{"rendered":"https:\/\/moto-oprema.com\/Artikel\/dainese-springbok-3l-absoluteshell-hose-grau-schwarz\/"},"modified":"2022-10-05T10:05:26","modified_gmt":"2022-10-05T10:05:26","slug":"dainese-springbok-3l-absoluteshell-hose-grau-schwarz","status":"publish","type":"product","link":"https:\/\/moto-oprema.com\/de\/Artikel\/dainese-springbok-3l-absoluteshell-hose-grau-schwarz\/","title":{"rendered":"DAINESE SPRINGBOK 3L ABSOLUTESHELL\u2122 HOSE GRAU\/SCHWARZ"},"content":{"rendered":"<p>Die DAINESE SPRINGBOK 3L ABSOLUTESHELL\u2122 PANTS ist eine dreilagige wasserdichte Hose, die f\u00fcr lange Touren auf der Stra\u00dfe und im Gel\u00e4nde entwickelt wurde. Drei Schichten &#8211; eine Au\u00dfenschicht, ein herausnehmbares, wasserdichtes Absoluteshell\u2122-Futter und eine gepolsterte W\u00e4rmeschicht &#8211; und gro\u00dfe, verschlie\u00dfbare Bel\u00fcftungspaneele bieten au\u00dfergew\u00f6hnliche Funktionalit\u00e4t und Vielseitigkeit und machen die Springbok 3L Hose perfekt f\u00fcr den ganzj\u00e4hrigen Einsatz. Die SPRINGBOK 3L ABSOLUTESHELL\u2122 Motorradhose verf\u00fcgt \u00fcber verst\u00e4rkte Eins\u00e4tze an den Knien aus weichem Wildleder. Dieses funktionelle und stilvolle Detail nimmt mit der Zeit einzigartige Nuancen an, ein Begleiter in der Geschichte und den Abenteuern der Hose und ihres Tr\u00e4gers. Der dehnbare Mugello-Stoff garantiert maximalen Komfort beim Fahren und bei der Bewegung, w\u00e4hrend die verstellbaren Pro Armor Level 2 Knieschoner ein hohes Ma\u00df an Sicherheit und Schutz bieten. Die Hose ist mit Pro-Shape 2.0 Pads kompatibel, die an den Seiten eingesetzt werden k\u00f6nnen. Die Hose kann mit einem speziellen Satz Schultergurte ausgestattet werden.      <\/p>\n<p>FEATURES<\/p>\n<p>  2 Au\u00dfentaschen<br \/> Kompatibel mit dem Dainese Hosengurt-Kit<br \/> Reflektierende Eins\u00e4tze<\/p>\n<p>ERGONOMIE<\/p>\n<p>  Wadenriemen-Einstellungen<br \/> Jacke-Helm-Verschluss-System<\/p>\n<p>HAUPTMATERIALIEN<\/p>\n<p>  ABS\u00d8LUTESHELL\u2122 herausnehmbare Membran<br \/> Eins\u00e4tze aus Rindsveloursleder<br \/> Duratex\u2122 Gewebe<br \/> Mugello Gewebe<\/p>\n<p>SICHERHEIT<\/p>\n<p> Pro-Armor verstellbare Polster, zertifiziert nach EN 1621.1 Level 2 Typ B an den Knien<br \/> Pro-Shape 2.0: weiche Polster, zertifiziert nach EN 1621.1 an den H\u00fcften<\/p>\n<p>TEMPERATUR<\/p>\n<p> Bel\u00fcftungs\u00f6ffnungen an den Oberschenkeln<br \/> Luftnetzfutter<br \/> Herausnehmbares Thermofutter<br \/> Zwischensaison<br \/> Sommer<br \/> Winter<\/p>\n<p><\/p>\n","protected":false},"excerpt":{"rendered":"<p>Dreilagige wasserdichte Abenteuer-Wanderhose. Optimiert f\u00fcr den Einsatz in vier Jahreszeiten. Weiche Level 2 Pro Armor Kniepolster.<\/p>\n","protected":false},"featured_media":111341,"comment_status":"open","ping_status":"closed","template":"","meta":{"_acf_changed":false},"brand":[2113],"gender":[],"product_brand":[],"product_cat":[1357,2189,2211],"product_tag":[],"class_list":{"0":"post-111323","1":"product","2":"type-product","3":"status-publish","4":"has-post-thumbnail","6":"brand-dainese-de","7":"product_cat-ausrustung-fur-motorradfahrer","8":"product_cat-hose","9":"product_cat-textil-hose","10":"pa_size-48-de","11":"pa_size-50-de","12":"pa_size-52-de","13":"pa_size-54-de","14":"pa_size-56-de","15":"pa_size-58-de","16":"pa_size-60-de","17":"pa_size-62-de","19":"first","20":"onbackorder","21":"sale","22":"taxable","23":"shipping-taxable","24":"purchasable","25":"product-type-variable"},"acf":[],"_links":{"self":[{"href":"https:\/\/moto-oprema.com\/de\/wp-json\/wp\/v2\/product\/111323","targetHints":{"allow":["GET"]}}],"collection":[{"href":"https:\/\/moto-oprema.com\/de\/wp-json\/wp\/v2\/product"}],"about":[{"href":"https:\/\/moto-oprema.com\/de\/wp-json\/wp\/v2\/types\/product"}],"replies":[{"embeddable":true,"href":"https:\/\/moto-oprema.com\/de\/wp-json\/wp\/v2\/comments?post=111323"}],"wp:featuredmedia":[{"embeddable":true,"href":"https:\/\/moto-oprema.com\/de\/wp-json\/wp\/v2\/media\/111341"}],"wp:attachment":[{"href":"https:\/\/moto-oprema.com\/de\/wp-json\/wp\/v2\/media?parent=111323"}],"wp:term":[{"taxonomy":"brand","embeddable":true,"href":"https:\/\/moto-oprema.com\/de\/wp-json\/wp\/v2\/brand?post=111323"},{"taxonomy":"gender","embeddable":true,"href":"https:\/\/moto-oprema.com\/de\/wp-json\/wp\/v2\/gender?post=111323"},{"taxonomy":"product_brand","embeddable":true,"href":"https:\/\/moto-oprema.com\/de\/wp-json\/wp\/v2\/product_brand?post=111323"},{"taxonomy":"product_cat","embeddable":true,"href":"https:\/\/moto-oprema.com\/de\/wp-json\/wp\/v2\/product_cat?post=111323"},{"taxonomy":"product_tag","embeddable":true,"href":"https:\/\/moto-oprema.com\/de\/wp-json\/wp\/v2\/product_tag?post=111323"}],"curies":[{"name":"wp","href":"https:\/\/api.w.org\/{rel}","templated":true}]}}