{"id":111304,"date":"2022-09-28T11:02:30","date_gmt":"2022-09-28T11:02:30","guid":{"rendered":"https:\/\/moto-oprema.com\/Artikel\/dainese-splugen-3l-d-dry-jakna-grau-schwarz\/"},"modified":"2022-09-28T11:02:30","modified_gmt":"2022-09-28T11:02:30","slug":"dainese-splugen-3l-d-dry-jakna-grau-schwarz","status":"publish","type":"product","link":"https:\/\/moto-oprema.com\/de\/Artikel\/dainese-splugen-3l-d-dry-jakna-grau-schwarz\/","title":{"rendered":"DAINESE SPLUGEN 3L D-DRY JAKNA GRAU\/SCHWARZ"},"content":{"rendered":"<p>Die Dainese SPLUGEN ist eine 3-lagige Motorradreisejacke mit einem wasserdichten Futter, einer herausnehmbaren wasserdichten Membran, einer W\u00e4rmeschicht und einer Bel\u00fcftungs\u00f6ffnung, die sich bequem mit einer Hand \u00f6ffnen l\u00e4sst.<\/p>\n<p>BESCHREIBUNG<\/p>\n<p>Die SPLUGEN 3L D-DRY\u00ae JACKET ist eine Motorradjacke von Dainese, die f\u00fcr lange Touren auf der Stra\u00dfe und im Gel\u00e4nde entwickelt wurde. Maximale Funktionalit\u00e4t und Vielseitigkeit f\u00fcr jede Strecke und jedes Klima wird durch die drei Schichten gew\u00e4hrleistet, aus denen die Jacke besteht. Die Splugen 3L D-Dry\u00ae wurde entwickelt, um Komfort und Sicherheit in allen Jahreszeiten zu gew\u00e4hrleisten. Das herausnehmbare wasserdichte D-Dry\u00ae-Gewebefutter und die Thermoschicht sch\u00fctzen vor den k\u00e4ltesten Temperaturen, w\u00e4hrend die Bel\u00fcftung, die sich mit dem Uno Touch\u2122 Air Vent System leicht mit einer Hand \u00f6ffnen l\u00e4sst, auch an den hei\u00dfesten Tagen geeignet ist. 6 gro\u00dfe Au\u00dfentaschen, 4 auf der Vorderseite und 2 auf der R\u00fcckseite, bieten Ihnen den n\u00f6tigen Platz f\u00fcr alles, was Sie f\u00fcr eine Tour in jedem Terrain brauchen. Die Sicherheit wird durch Pro Armor Level 2, Typ B Ellbogen- und Schulterpolster f\u00fcr maximalen Schutz, Bel\u00fcftung und Deckungsbereich gew\u00e4hrleistet. Die Dainese Magic Connection\u00ae Technologie umfasst ein Magnetsystem, mit dem kompatible Dainese Handschuhe bequem an der Jacke befestigt werden k\u00f6nnen, damit sie immer griffbereit sind und beim Tanken oder bei kurzen Stopps nicht verloren gehen.      <\/p>\n<p>FEATURES<\/p>\n<ul>\n<li>  1 interne wasserdichte Tasche<\/li>\n<li>  1 Tasche auf dem Thermofutter<\/li>\n<li>  2 Au\u00dfentaschen<\/li>\n<li>  Magic Connection\u2122 System<\/li>\n<li>  R\u00fcckenschutztasche G1 und G2<\/li>\n<li>  Pro-Armor Brusttaschen 2 St\u00fcck<\/li>\n<li>  Reflektierende Eins\u00e4tze<\/li>\n<\/ul>\n<p>ERGONOMIE<\/p>\n<ul>\n<li>  Verstellbarer Kragen, Taille und Manschetten<\/li>\n<li>  Jacke-Helm-Verschluss-System<\/li>\n<li>  Anpassen der \u00c4rmel<\/li>\n<\/ul>\n<p>HAUPTMATERIALIEN<\/p>\n<p>600D Polyester Oxford<\/p>\n<p>SICHERHEIT<\/p>\n<p>Pro-Armor Ellbogensch\u00fctzer zertifiziert nach EN 1621.1 Level 2<br \/>\nPro-Armor Schultersch\u00fctzer zertifiziert nach EN 1621.1 Level 2<\/p>\n<p>TEMPERATUR<\/p>\n<ul>\n<li>  2 Bel\u00fcftungs\u00f6ffnungen auf der Brust<\/li>\n<li>  Bel\u00fcftungs\u00f6ffnungen auf der R\u00fcckseite<\/li>\n<li>  Bel\u00fcftungs\u00f6ffnungen an den \u00c4rmeln<\/li>\n<li>  Air-Mesh-Futter<\/li>\n<li>  Abnehmbare wasserdichte D-Dry-Membran<\/li>\n<li>  Herausnehmbare W\u00e4rmematte &#8211; kann separat verwendet werden<\/li>\n<li>  Separater Kragenverschluss<\/li>\n<li>  Mitte der Saison<\/li>\n<li>  Sommer<\/li>\n<li>  Winter<\/li>\n<\/ul>\n<p>VIEW<\/p>\n<p>Bel\u00fcftungsd\u00fcse in der Hintert\u00fcr<br \/>\nUno Touch\u2122 Bel\u00fcftungsd\u00fcse<\/p>\n<p>100% Polyester<\/p>\n","protected":false},"excerpt":{"rendered":"<p>Die Dainese SPLUGEN ist eine 3-lagige Motorradreisejacke mit einem wasserdichten Futter, einer herausnehmbaren wasserdichten Membran, einer&#8230;<\/p>\n","protected":false},"featured_media":111320,"comment_status":"open","ping_status":"closed","template":"","meta":{"_acf_changed":false},"brand":[2113],"gender":[2168],"product_brand":[],"product_cat":[1357,2045,2048],"product_tag":[],"class_list":{"0":"post-111304","1":"product","2":"type-product","3":"status-publish","4":"has-post-thumbnail","6":"brand-dainese-de","7":"gender-moski-de","8":"product_cat-ausrustung-fur-motorradfahrer","9":"product_cat-jakne-de","10":"product_cat-textil-jacken","11":"pa_size-48-de","12":"pa_size-50-de","13":"pa_size-52-de","14":"pa_size-54-de","15":"pa_size-56-de","16":"pa_size-58-de","17":"pa_size-60-de","18":"pa_size-62-de","20":"first","21":"instock","22":"sale","23":"taxable","24":"shipping-taxable","25":"purchasable","26":"product-type-variable"},"acf":[],"_links":{"self":[{"href":"https:\/\/moto-oprema.com\/de\/wp-json\/wp\/v2\/product\/111304","targetHints":{"allow":["GET"]}}],"collection":[{"href":"https:\/\/moto-oprema.com\/de\/wp-json\/wp\/v2\/product"}],"about":[{"href":"https:\/\/moto-oprema.com\/de\/wp-json\/wp\/v2\/types\/product"}],"replies":[{"embeddable":true,"href":"https:\/\/moto-oprema.com\/de\/wp-json\/wp\/v2\/comments?post=111304"}],"wp:featuredmedia":[{"embeddable":true,"href":"https:\/\/moto-oprema.com\/de\/wp-json\/wp\/v2\/media\/111320"}],"wp:attachment":[{"href":"https:\/\/moto-oprema.com\/de\/wp-json\/wp\/v2\/media?parent=111304"}],"wp:term":[{"taxonomy":"brand","embeddable":true,"href":"https:\/\/moto-oprema.com\/de\/wp-json\/wp\/v2\/brand?post=111304"},{"taxonomy":"gender","embeddable":true,"href":"https:\/\/moto-oprema.com\/de\/wp-json\/wp\/v2\/gender?post=111304"},{"taxonomy":"product_brand","embeddable":true,"href":"https:\/\/moto-oprema.com\/de\/wp-json\/wp\/v2\/product_brand?post=111304"},{"taxonomy":"product_cat","embeddable":true,"href":"https:\/\/moto-oprema.com\/de\/wp-json\/wp\/v2\/product_cat?post=111304"},{"taxonomy":"product_tag","embeddable":true,"href":"https:\/\/moto-oprema.com\/de\/wp-json\/wp\/v2\/product_tag?post=111304"}],"curies":[{"name":"wp","href":"https:\/\/api.w.org\/{rel}","templated":true}]}}