{"id":111223,"date":"2022-09-28T11:23:20","date_gmt":"2022-09-28T11:23:20","guid":{"rendered":"https:\/\/moto-oprema.com\/Artikel\/dainese-ignite-air-tex-jacke-schwarz-grau\/"},"modified":"2022-09-28T11:23:20","modified_gmt":"2022-09-28T11:23:20","slug":"dainese-ignite-air-tex-jacke-schwarz-grau","status":"publish","type":"product","link":"https:\/\/moto-oprema.com\/de\/Artikel\/dainese-ignite-air-tex-jacke-schwarz-grau\/","title":{"rendered":"DAINESE IGNITE AIR TEX JACKE SCHWARZ\/GRAU"},"content":{"rendered":"<p>Bequeme und ergonomische Motorradjacke, die sich dank ihres Mesh-Gewebes perfekt f\u00fcr w\u00e4rmere Klimazonen eignet. Ausgestattet mit Pro-Armor-Protektoren und f\u00fcr die Aufnahme von Brustprotektoren konzipiert. <\/p>\n<p>BESCHREIBUNG<\/p>\n<p>Der l\u00e4ssige Stil wird mit dem f\u00fcr Dainese typischen hohen Schutzniveau kombiniert. Dank der Kombination aus Mesh-Gewebe und Pro-Armor Level 1 Protektoren ist sie ideal f\u00fcr h\u00f6here Temperaturen und bietet dank der Materialien, aus denen sie gefertigt ist, Komfort, Schutz und Bewegungsfreiheit. Der Schutz wird durch ein Design optimiert, das die Aufnahme von Brustprotektoren in zwei speziellen Taschen erm\u00f6glicht. Das Jacke-Helm-Verschlusssystem sorgt f\u00fcr Komfort und Ergonomie und gew\u00e4hrleistet in jeder Situation eine ideale Passform f\u00fcr beide Teile. Die Ergonomie der Jacke wird auch durch das System zur Anpassung der Passform an der Taille und an den Manschetten optimiert.    <\/p>\n<p>FEATURES<\/p>\n<ul>\n<li>  1 Innentasche<\/li>\n<li>  2 Au\u00dfentaschen<\/li>\n<li>  R\u00fcckenschutztasche G1 und G2<\/li>\n<li>  Pro-Armor Brusttaschen 2 St\u00fcck<\/li>\n<li>  Reflektierende Eins\u00e4tze<\/li>\n<\/ul>\n<p>ERGONOMIE<\/p>\n<p> Jacke und Hosenrei\u00dfverschluss<br \/> Verstellung an Handgelenk, Taille und H\u00fcfte<\/p>\n<p>HAUPTMATERIALIEN<\/p>\n<p> Mesh-Eins\u00e4tze<br \/> Polyester<\/p>\n<p>TEMPERATUR<\/p>\n<p> Sommer<\/p>\n<p>100% Polyester<\/p>\n","protected":false},"excerpt":{"rendered":"<p>Bequeme und ergonomische Motorradjacke, die sich dank ihres Mesh-Gewebes perfekt f\u00fcr w\u00e4rmere Klimazonen eignet. Ausgestattet mit&#8230;<\/p>\n","protected":false},"featured_media":19510,"comment_status":"open","ping_status":"open","template":"","meta":{"_acf_changed":false},"brand":[2113],"gender":[],"product_brand":[],"product_cat":[1357,2045,2048],"product_tag":[],"class_list":{"0":"post-111223","1":"product","2":"type-product","3":"status-publish","4":"has-post-thumbnail","6":"brand-dainese-de","7":"product_cat-ausrustung-fur-motorradfahrer","8":"product_cat-jakne-de","9":"product_cat-textil-jacken","10":"pa_size-46-de","11":"pa_size-48-de","12":"pa_size-50-de","13":"pa_size-52-de","14":"pa_size-54-de","15":"pa_size-56-de","16":"pa_size-58-de","17":"pa_size-60-de","19":"first","20":"onbackorder","21":"taxable","22":"shipping-taxable","23":"purchasable","24":"product-type-variable"},"acf":[],"_links":{"self":[{"href":"https:\/\/moto-oprema.com\/de\/wp-json\/wp\/v2\/product\/111223","targetHints":{"allow":["GET"]}}],"collection":[{"href":"https:\/\/moto-oprema.com\/de\/wp-json\/wp\/v2\/product"}],"about":[{"href":"https:\/\/moto-oprema.com\/de\/wp-json\/wp\/v2\/types\/product"}],"replies":[{"embeddable":true,"href":"https:\/\/moto-oprema.com\/de\/wp-json\/wp\/v2\/comments?post=111223"}],"wp:featuredmedia":[{"embeddable":true,"href":"https:\/\/moto-oprema.com\/de\/wp-json\/wp\/v2\/media\/19510"}],"wp:attachment":[{"href":"https:\/\/moto-oprema.com\/de\/wp-json\/wp\/v2\/media?parent=111223"}],"wp:term":[{"taxonomy":"brand","embeddable":true,"href":"https:\/\/moto-oprema.com\/de\/wp-json\/wp\/v2\/brand?post=111223"},{"taxonomy":"gender","embeddable":true,"href":"https:\/\/moto-oprema.com\/de\/wp-json\/wp\/v2\/gender?post=111223"},{"taxonomy":"product_brand","embeddable":true,"href":"https:\/\/moto-oprema.com\/de\/wp-json\/wp\/v2\/product_brand?post=111223"},{"taxonomy":"product_cat","embeddable":true,"href":"https:\/\/moto-oprema.com\/de\/wp-json\/wp\/v2\/product_cat?post=111223"},{"taxonomy":"product_tag","embeddable":true,"href":"https:\/\/moto-oprema.com\/de\/wp-json\/wp\/v2\/product_tag?post=111223"}],"curies":[{"name":"wp","href":"https:\/\/api.w.org\/{rel}","templated":true}]}}