{"id":111006,"date":"2022-09-26T10:27:43","date_gmt":"2022-09-26T10:27:43","guid":{"rendered":"https:\/\/moto-oprema.com\/Artikel\/leatt-mx-trikot-moto-4-5-rot\/"},"modified":"2022-09-26T10:27:43","modified_gmt":"2022-09-26T10:27:43","slug":"leatt-mx-trikot-moto-4-5-rot","status":"publish","type":"product","link":"https:\/\/moto-oprema.com\/de\/Artikel\/leatt-mx-trikot-moto-4-5-rot\/","title":{"rendered":"LEATT MX TRIKOT MOTO 4.5 ROT"},"content":{"rendered":"<p>Dieses klassisch geschnittene Leatt T-Shirt verf\u00fcgt \u00fcber strapazierf\u00e4hige Mesh-Eins\u00e4tze an Brust und Armen und Overlock-N\u00e4hte f\u00fcr optimalen Komfort. Der taillierte Schnitt ist so konzipiert, dass Sie es mit oder ohne Oberk\u00f6rperschutz tragen k\u00f6nnen. <\/p>\n","protected":false},"excerpt":{"rendered":"<p>Dieses klassisch geschnittene Leatt T-Shirt verf\u00fcgt \u00fcber strapazierf\u00e4hige Mesh-Eins\u00e4tze an Brust und Armen und Overlock-N\u00e4hte f\u00fcr&#8230;<\/p>\n","protected":false},"featured_media":19254,"comment_status":"open","ping_status":"open","template":"","meta":{"_acf_changed":false},"brand":[2121],"gender":[],"product_brand":[],"product_cat":[2028,2029],"product_tag":[],"class_list":{"0":"post-111006","1":"product","2":"type-product","3":"status-publish","4":"has-post-thumbnail","6":"brand-leatt-de","7":"product_cat-motocross-ausrustung","8":"product_cat-mx-dresi-de","9":"pa_size-l-de","10":"pa_size-m-de","11":"pa_size-s-de","12":"pa_size-xl-de","14":"first","15":"onbackorder","16":"taxable","17":"shipping-taxable","18":"purchasable","19":"product-type-variable"},"acf":[],"_links":{"self":[{"href":"https:\/\/moto-oprema.com\/de\/wp-json\/wp\/v2\/product\/111006","targetHints":{"allow":["GET"]}}],"collection":[{"href":"https:\/\/moto-oprema.com\/de\/wp-json\/wp\/v2\/product"}],"about":[{"href":"https:\/\/moto-oprema.com\/de\/wp-json\/wp\/v2\/types\/product"}],"replies":[{"embeddable":true,"href":"https:\/\/moto-oprema.com\/de\/wp-json\/wp\/v2\/comments?post=111006"}],"wp:featuredmedia":[{"embeddable":true,"href":"https:\/\/moto-oprema.com\/de\/wp-json\/wp\/v2\/media\/19254"}],"wp:attachment":[{"href":"https:\/\/moto-oprema.com\/de\/wp-json\/wp\/v2\/media?parent=111006"}],"wp:term":[{"taxonomy":"brand","embeddable":true,"href":"https:\/\/moto-oprema.com\/de\/wp-json\/wp\/v2\/brand?post=111006"},{"taxonomy":"gender","embeddable":true,"href":"https:\/\/moto-oprema.com\/de\/wp-json\/wp\/v2\/gender?post=111006"},{"taxonomy":"product_brand","embeddable":true,"href":"https:\/\/moto-oprema.com\/de\/wp-json\/wp\/v2\/product_brand?post=111006"},{"taxonomy":"product_cat","embeddable":true,"href":"https:\/\/moto-oprema.com\/de\/wp-json\/wp\/v2\/product_cat?post=111006"},{"taxonomy":"product_tag","embeddable":true,"href":"https:\/\/moto-oprema.com\/de\/wp-json\/wp\/v2\/product_tag?post=111006"}],"curies":[{"name":"wp","href":"https:\/\/api.w.org\/{rel}","templated":true}]}}