{"id":110982,"date":"2022-09-21T09:34:54","date_gmt":"2022-09-21T09:34:54","guid":{"rendered":"https:\/\/moto-oprema.com\/Artikel\/alpinestars-a-10-v2-vollbrustprotektor\/"},"modified":"2022-09-21T09:34:54","modified_gmt":"2022-09-21T09:34:54","slug":"alpinestars-a-10-v2-vollbrustprotektor","status":"publish","type":"product","link":"https:\/\/moto-oprema.com\/de\/Artikel\/alpinestars-a-10-v2-vollbrustprotektor\/","title":{"rendered":"ALPINESTARS A-10 V2 VOLLBRUSTPROTEKTOR"},"content":{"rendered":"<p>Der Alpinestars A-10 V2 Vollbrustprotektor verf\u00fcgt \u00fcber Level 2 CE und UKCA zertifizierte Polyhedron Hybrid Technology Brust- und R\u00fcckenprotektoren und Level 2<br \/>Schulterprotektoren mit Polyhedron Technology f\u00fcr unvergleichliche Atmungsaktivit\u00e4t. Dieser Protektor ist ultraleicht und bietet einen erstklassigen<br \/>Schutz Ihres K\u00f6rpers vor St\u00f6\u00dfen.<br \/>Der leichteste Brustprotektor 2. CE-Kennzeichnung<br \/>17% der Schutzstruktur bestehen aus Bel\u00fcftungs\u00f6ffnungen, die sich durch beide Schichten des Hybrids ziehen<br \/>Schichten, die f\u00fcr maximale Bel\u00fcftung sorgen<br \/>Super bel\u00fcftet mit Plenum, das den Hitzestau von der Brust wegleitet<br \/>Flexibler Brustprotektor passt sich der Form der Brust an<br \/>Anatomisch geformter R\u00fcckenprotektor ist super atmungsaktiv<br \/>Verstellbare und abnehmbare Schulterpolster<br \/>BNS ist kompatibel mit dem abnehmbaren BNS-Panel und den elastischen Klappen.    <\/p>\n","protected":false},"excerpt":{"rendered":"<p>Mit seinem revolution\u00e4ren Exoskelett bietet der Alpinestars A-10 V2 Full noch mehr Sicherheit.<\/p>\n","protected":false},"featured_media":19085,"comment_status":"open","ping_status":"open","template":"","meta":{"_acf_changed":false},"brand":[2111],"gender":[],"product_brand":[],"product_cat":[2028,2222,2079],"product_tag":[],"class_list":{"0":"post-110982","1":"product","2":"type-product","3":"status-publish","4":"has-post-thumbnail","6":"brand-alpinestars-de","7":"product_cat-motocross-ausrustung","8":"product_cat-mx-korperprotektoren","9":"product_cat-mx-schilder","10":"pa_size-m-l-de","11":"pa_size-xl-xxl-de","12":"pa_size-xs-s-de","14":"first","15":"onbackorder","16":"taxable","17":"shipping-taxable","18":"purchasable","19":"product-type-variable"},"acf":[],"_links":{"self":[{"href":"https:\/\/moto-oprema.com\/de\/wp-json\/wp\/v2\/product\/110982","targetHints":{"allow":["GET"]}}],"collection":[{"href":"https:\/\/moto-oprema.com\/de\/wp-json\/wp\/v2\/product"}],"about":[{"href":"https:\/\/moto-oprema.com\/de\/wp-json\/wp\/v2\/types\/product"}],"replies":[{"embeddable":true,"href":"https:\/\/moto-oprema.com\/de\/wp-json\/wp\/v2\/comments?post=110982"}],"wp:featuredmedia":[{"embeddable":true,"href":"https:\/\/moto-oprema.com\/de\/wp-json\/wp\/v2\/media\/19085"}],"wp:attachment":[{"href":"https:\/\/moto-oprema.com\/de\/wp-json\/wp\/v2\/media?parent=110982"}],"wp:term":[{"taxonomy":"brand","embeddable":true,"href":"https:\/\/moto-oprema.com\/de\/wp-json\/wp\/v2\/brand?post=110982"},{"taxonomy":"gender","embeddable":true,"href":"https:\/\/moto-oprema.com\/de\/wp-json\/wp\/v2\/gender?post=110982"},{"taxonomy":"product_brand","embeddable":true,"href":"https:\/\/moto-oprema.com\/de\/wp-json\/wp\/v2\/product_brand?post=110982"},{"taxonomy":"product_cat","embeddable":true,"href":"https:\/\/moto-oprema.com\/de\/wp-json\/wp\/v2\/product_cat?post=110982"},{"taxonomy":"product_tag","embeddable":true,"href":"https:\/\/moto-oprema.com\/de\/wp-json\/wp\/v2\/product_tag?post=110982"}],"curies":[{"name":"wp","href":"https:\/\/api.w.org\/{rel}","templated":true}]}}