{"id":110959,"date":"2022-09-23T11:02:13","date_gmt":"2022-09-23T11:02:13","guid":{"rendered":"https:\/\/moto-oprema.com\/Artikel\/leatt-mtb-trikot-moto-5-5-kraftstoff\/"},"modified":"2022-09-23T11:02:13","modified_gmt":"2022-09-23T11:02:13","slug":"leatt-mtb-trikot-moto-5-5-kraftstoff","status":"publish","type":"product","link":"https:\/\/moto-oprema.com\/de\/Artikel\/leatt-mtb-trikot-moto-5-5-kraftstoff\/","title":{"rendered":"LEATT MTB TRIKOT MOTO 5.5 KRAFTSTOFF"},"content":{"rendered":"<p>Das 5.5 UltraWeld Jersey ist unschlagbar in Bezug auf Qualit\u00e4t und Passform!<br \/>Dank der integrierten Lufteinl\u00e4sse und lasergeschnittenen Perforationen ist das Trikot besonders leicht und atmungsaktiv. Das Stretchmaterial erm\u00f6glicht maximale Flexibilit\u00e4t und sorgt f\u00fcr eine gute Passform. Der Visor kann einfach unter\/\u00fcber dem Trikot getragen werden!  <\/p>\n<p>Der Kragen wurde speziell f\u00fcr die Leatt Halskrause entworfen. Die N\u00e4hte sind an der Unterseite und an den Handgelenken f\u00fcr mehr Komfort versiegelt. Au\u00dferdem ist das Trikot mit einer d\u00fcnnen Brush Guard-Folie verst\u00e4rkt, um den Oberk\u00f6rper vor Abrieb zu sch\u00fctzen.  <\/p>\n","protected":false},"excerpt":{"rendered":"<p>Das 5.5 UltraWeld Jersey ist unschlagbar in Bezug auf Qualit\u00e4t und Passform!Dank der integrierten Lufteinl\u00e4sse und&#8230;<\/p>\n","protected":false},"featured_media":19178,"comment_status":"open","ping_status":"open","template":"","meta":{"_acf_changed":false},"brand":[2121],"gender":[],"product_brand":[],"product_cat":[2028,2029],"product_tag":[],"class_list":{"0":"post-110959","1":"product","2":"type-product","3":"status-publish","4":"has-post-thumbnail","6":"brand-leatt-de","7":"product_cat-motocross-ausrustung","8":"product_cat-mx-dresi-de","9":"pa_size-l-de","10":"pa_size-m-de","11":"pa_size-s-de","12":"pa_size-xl-de","14":"first","15":"onbackorder","16":"taxable","17":"shipping-taxable","18":"purchasable","19":"product-type-variable"},"acf":[],"_links":{"self":[{"href":"https:\/\/moto-oprema.com\/de\/wp-json\/wp\/v2\/product\/110959","targetHints":{"allow":["GET"]}}],"collection":[{"href":"https:\/\/moto-oprema.com\/de\/wp-json\/wp\/v2\/product"}],"about":[{"href":"https:\/\/moto-oprema.com\/de\/wp-json\/wp\/v2\/types\/product"}],"replies":[{"embeddable":true,"href":"https:\/\/moto-oprema.com\/de\/wp-json\/wp\/v2\/comments?post=110959"}],"wp:featuredmedia":[{"embeddable":true,"href":"https:\/\/moto-oprema.com\/de\/wp-json\/wp\/v2\/media\/19178"}],"wp:attachment":[{"href":"https:\/\/moto-oprema.com\/de\/wp-json\/wp\/v2\/media?parent=110959"}],"wp:term":[{"taxonomy":"brand","embeddable":true,"href":"https:\/\/moto-oprema.com\/de\/wp-json\/wp\/v2\/brand?post=110959"},{"taxonomy":"gender","embeddable":true,"href":"https:\/\/moto-oprema.com\/de\/wp-json\/wp\/v2\/gender?post=110959"},{"taxonomy":"product_brand","embeddable":true,"href":"https:\/\/moto-oprema.com\/de\/wp-json\/wp\/v2\/product_brand?post=110959"},{"taxonomy":"product_cat","embeddable":true,"href":"https:\/\/moto-oprema.com\/de\/wp-json\/wp\/v2\/product_cat?post=110959"},{"taxonomy":"product_tag","embeddable":true,"href":"https:\/\/moto-oprema.com\/de\/wp-json\/wp\/v2\/product_tag?post=110959"}],"curies":[{"name":"wp","href":"https:\/\/api.w.org\/{rel}","templated":true}]}}