{"id":110917,"date":"2022-08-11T11:34:02","date_gmt":"2022-08-11T11:34:02","guid":{"rendered":"https:\/\/moto-oprema.com\/Artikel\/alpinestars-bioflex-hueftprotektor\/"},"modified":"2022-08-11T11:34:02","modified_gmt":"2022-08-11T11:34:02","slug":"alpinestars-bioflex-hueftprotektor","status":"publish","type":"product","link":"https:\/\/moto-oprema.com\/de\/Artikel\/alpinestars-bioflex-hueftprotektor\/","title":{"rendered":"ALPINESTARS BIOFLEX H\u00dcFTPROTEKTOR"},"content":{"rendered":"<p>Alpinestars Bioflex H\u00fcftprotektoren<\/p>\n<p>Alpinestars Bioflex H\u00fcftprotektoren sind leicht und d\u00fcnn und bieten gleichzeitig ein hohes Ma\u00df an Schutz und Komfort.<\/p>\n<p>Merkmale:<\/p>\n<p> Ergonomisches Design, das ein hohes Ma\u00df an Bewegung erm\u00f6glicht.<br \/> Zellstruktur bietet maximalen Komfort und Atmungsaktivit\u00e4t.<br \/> D\u00fcnnes, leichtes Design.<br \/> Die Schutzzellen sind miteinander verbunden, was ein flexibles Design und ein h\u00f6heres Ma\u00df an Komfort und Schutz erm\u00f6glicht.<br \/> Schutzstufe 1<\/p>\n<p>Im Lieferumfang enthalten:<\/p>\n<p> 2x Alpinestars H\u00fcftprotektor<\/p>\n","protected":false},"excerpt":{"rendered":"<p>Alpinestars Bioflex H\u00fcftprotektoren Alpinestars Bioflex H\u00fcftprotektoren sind leicht und d\u00fcnn und bieten gleichzeitig ein hohes Ma\u00df&#8230;<\/p>\n","protected":false},"featured_media":18373,"comment_status":"open","ping_status":"open","template":"","meta":{"_acf_changed":false},"brand":[2111],"gender":[],"product_brand":[],"product_cat":[1357,2210,2209],"product_tag":[],"class_list":{"0":"post-110917","1":"product","2":"type-product","3":"status-publish","4":"has-post-thumbnail","6":"brand-alpinestars-de","7":"product_cat-ausrustung-fur-motorradfahrer","8":"product_cat-schilde","9":"product_cat-schutzschilde-und-airbags","10":"pa_size-l-de","11":"pa_size-s-de","13":"first","14":"onbackorder","15":"taxable","16":"shipping-taxable","17":"purchasable","18":"product-type-variable"},"acf":[],"_links":{"self":[{"href":"https:\/\/moto-oprema.com\/de\/wp-json\/wp\/v2\/product\/110917","targetHints":{"allow":["GET"]}}],"collection":[{"href":"https:\/\/moto-oprema.com\/de\/wp-json\/wp\/v2\/product"}],"about":[{"href":"https:\/\/moto-oprema.com\/de\/wp-json\/wp\/v2\/types\/product"}],"replies":[{"embeddable":true,"href":"https:\/\/moto-oprema.com\/de\/wp-json\/wp\/v2\/comments?post=110917"}],"wp:featuredmedia":[{"embeddable":true,"href":"https:\/\/moto-oprema.com\/de\/wp-json\/wp\/v2\/media\/18373"}],"wp:attachment":[{"href":"https:\/\/moto-oprema.com\/de\/wp-json\/wp\/v2\/media?parent=110917"}],"wp:term":[{"taxonomy":"brand","embeddable":true,"href":"https:\/\/moto-oprema.com\/de\/wp-json\/wp\/v2\/brand?post=110917"},{"taxonomy":"gender","embeddable":true,"href":"https:\/\/moto-oprema.com\/de\/wp-json\/wp\/v2\/gender?post=110917"},{"taxonomy":"product_brand","embeddable":true,"href":"https:\/\/moto-oprema.com\/de\/wp-json\/wp\/v2\/product_brand?post=110917"},{"taxonomy":"product_cat","embeddable":true,"href":"https:\/\/moto-oprema.com\/de\/wp-json\/wp\/v2\/product_cat?post=110917"},{"taxonomy":"product_tag","embeddable":true,"href":"https:\/\/moto-oprema.com\/de\/wp-json\/wp\/v2\/product_tag?post=110917"}],"curies":[{"name":"wp","href":"https:\/\/api.w.org\/{rel}","templated":true}]}}