{"id":110898,"date":"2022-04-05T09:29:10","date_gmt":"2022-04-05T09:29:10","guid":{"rendered":"https:\/\/moto-oprema.com\/Artikel\/dainese-huefttasche\/"},"modified":"2022-04-05T09:29:10","modified_gmt":"2022-04-05T09:29:10","slug":"dainese-huefttasche","status":"publish","type":"product","link":"https:\/\/moto-oprema.com\/de\/Artikel\/dainese-huefttasche\/","title":{"rendered":"DAINESE H\u00dcFTTASCHE"},"content":{"rendered":"<p>F\u00fcr den einfachen Zugriff auf Schl\u00fcssel, Reisepass, Kreditkarten, Mobiltelefon und andere wichtige Kleinigkeiten unterwegs. Schlank und unauff\u00e4llig, mit optimierter Leistung und Zugriff \u00fcber den praktischen oberen Rei\u00dfverschluss. <\/p>\n<p>Gr\u00f6\u00dfe: 7cm x 23cm x 5cm<\/p>\n<p>G\u00fcrtell\u00e4nge verstellbar, reflektierende Bereiche.<\/p>\n<p>100% Polyester<\/p>\n","protected":false},"excerpt":{"rendered":"<p>Dainese G\u00fcrteltasche<\/p>\n","protected":false},"featured_media":17496,"comment_status":"open","ping_status":"closed","template":"","meta":{"_acf_changed":false},"brand":[2113],"gender":[],"product_brand":[],"product_cat":[2093,2024],"product_tag":[],"class_list":{"0":"post-110898","1":"product","2":"type-product","3":"status-publish","4":"has-post-thumbnail","6":"brand-dainese-de","7":"product_cat-rucksacke-und-beinbeutel","8":"product_cat-zubehor","10":"first","11":"outofstock","12":"sale","13":"taxable","14":"shipping-taxable","15":"purchasable","16":"product-type-simple"},"acf":[],"_links":{"self":[{"href":"https:\/\/moto-oprema.com\/de\/wp-json\/wp\/v2\/product\/110898","targetHints":{"allow":["GET"]}}],"collection":[{"href":"https:\/\/moto-oprema.com\/de\/wp-json\/wp\/v2\/product"}],"about":[{"href":"https:\/\/moto-oprema.com\/de\/wp-json\/wp\/v2\/types\/product"}],"replies":[{"embeddable":true,"href":"https:\/\/moto-oprema.com\/de\/wp-json\/wp\/v2\/comments?post=110898"}],"wp:featuredmedia":[{"embeddable":true,"href":"https:\/\/moto-oprema.com\/de\/wp-json\/wp\/v2\/media\/17496"}],"wp:attachment":[{"href":"https:\/\/moto-oprema.com\/de\/wp-json\/wp\/v2\/media?parent=110898"}],"wp:term":[{"taxonomy":"brand","embeddable":true,"href":"https:\/\/moto-oprema.com\/de\/wp-json\/wp\/v2\/brand?post=110898"},{"taxonomy":"gender","embeddable":true,"href":"https:\/\/moto-oprema.com\/de\/wp-json\/wp\/v2\/gender?post=110898"},{"taxonomy":"product_brand","embeddable":true,"href":"https:\/\/moto-oprema.com\/de\/wp-json\/wp\/v2\/product_brand?post=110898"},{"taxonomy":"product_cat","embeddable":true,"href":"https:\/\/moto-oprema.com\/de\/wp-json\/wp\/v2\/product_cat?post=110898"},{"taxonomy":"product_tag","embeddable":true,"href":"https:\/\/moto-oprema.com\/de\/wp-json\/wp\/v2\/product_tag?post=110898"}],"curies":[{"name":"wp","href":"https:\/\/api.w.org\/{rel}","templated":true}]}}