{"id":110884,"date":"2022-08-11T11:19:42","date_gmt":"2022-08-11T11:19:42","guid":{"rendered":"https:\/\/moto-oprema.com\/Artikel\/alpinestars-stella-t-gp-plus-r-v3-air-fuchsia\/"},"modified":"2022-08-11T11:19:42","modified_gmt":"2022-08-11T11:19:42","slug":"alpinestars-stella-t-gp-plus-r-v3-air-fuchsia","status":"publish","type":"product","link":"https:\/\/moto-oprema.com\/de\/Artikel\/alpinestars-stella-t-gp-plus-r-v3-air-fuchsia\/","title":{"rendered":"ALPINESTARS STELLA T-GP PLUS R V3 AIR FUCHSIA"},"content":{"rendered":"<p>Alpinestars Stella T-GP Plus R V3 Air Damen Textil-Motorradjacke<\/p>\n<p>Die T-GP Plus R v3 Air Jacket besteht aus einem \u00e4u\u00dferst strapazierf\u00e4higen und abriebfesten Polycanvas-Hauptmaterial und einem subtil integrierten Nucleon Flex Plus Premium-Schutz, damit Sie sich sicher und wohl f\u00fchlen.<\/p>\n<p>Merkmale:<\/p>\n<p>  Anatomisch geformt f\u00fcr eine optimierte weibliche Passform.<br \/>  Hergestellt aus strapazierf\u00e4higem 600 Denier Polyester mit einer doppelten Polyurethan-Beschichtung f\u00fcr zus\u00e4tzlichen Schutz.<br \/>  Gro\u00dfe Mesh-Eins\u00e4tze auf der Vorderseite, der R\u00fcckseite und oben an den \u00c4rmeln f\u00fcr optimale Luftzirkulation.<br \/>  GP Lite Schultern mit dynamischem Reibungsschutz an der Schulter f\u00fcr verbesserte Abriebfestigkeit.<br \/>  Innere Verst\u00e4rkung aus 600 Denier Polyester an Schultern und Ellbogen f\u00fcr zus\u00e4tzliche Abriebfestigkeit.<br \/>  Gro\u00dfe Stretcheins\u00e4tze an Schulter und Unterarm f\u00fcr optimale Passform und Leistung.<br \/>  Klettverschluss an Bund und \u00c4rmeln mit halbautomatischem Rei\u00dfverschluss f\u00fcr sicheren Verschluss.<br \/>  Niedriger Kragen mit weichem Futter f\u00fcr hohen Tragekomfort.<br \/>  Zwei Rei\u00dfverschlusstaschen vorne.<br \/>  Wasserdichte Innentasche f\u00fcr Dokumente.<br \/>  Zwei Innentaschen auf dem Futter zur sicheren Aufbewahrung.<br \/>  Obere Seitenschlitze f\u00fcr optimalen Luftstrom.<br \/>  Reflektierende Details.<\/p>\n<p>Technische Daten:<\/p>\n<p>  Nucleon Flex Plus Level 1 Schulter- und Ellbogenschutz (EN1621-1:2012)<br \/> Nucleon Level 1 Brustprotektoren und Nucleon Level 1 und 2 R\u00fcckenprotektoren sind als Upgrade erh\u00e4ltlich (nicht im Lieferumfang enthalten)<br \/> Motorradbekleidung der Schutzklasse A <\/p>\n","protected":false},"excerpt":{"rendered":"<p>Alpinestars Stella T-GP Plus R V3 Air Damen Textil-Motorradjacke Die T-GP Plus R v3 Air Jacket&#8230;<\/p>\n","protected":false},"featured_media":18358,"comment_status":"open","ping_status":"open","template":"","meta":{"_acf_changed":false},"brand":[2111],"gender":[2170],"product_brand":[],"product_cat":[1357,2045,2048],"product_tag":[],"class_list":{"0":"post-110884","1":"product","2":"type-product","3":"status-publish","4":"has-post-thumbnail","6":"brand-alpinestars-de","7":"gender-zenska-de","8":"product_cat-ausrustung-fur-motorradfahrer","9":"product_cat-jakne-de","10":"product_cat-textil-jacken","11":"pa_size-l-de","12":"pa_size-m-de","13":"pa_size-s-de","14":"pa_size-xl-de","15":"pa_size-xs-de","17":"first","18":"onbackorder","19":"sale","20":"taxable","21":"shipping-taxable","22":"purchasable","23":"product-type-variable"},"acf":[],"_links":{"self":[{"href":"https:\/\/moto-oprema.com\/de\/wp-json\/wp\/v2\/product\/110884","targetHints":{"allow":["GET"]}}],"collection":[{"href":"https:\/\/moto-oprema.com\/de\/wp-json\/wp\/v2\/product"}],"about":[{"href":"https:\/\/moto-oprema.com\/de\/wp-json\/wp\/v2\/types\/product"}],"replies":[{"embeddable":true,"href":"https:\/\/moto-oprema.com\/de\/wp-json\/wp\/v2\/comments?post=110884"}],"wp:featuredmedia":[{"embeddable":true,"href":"https:\/\/moto-oprema.com\/de\/wp-json\/wp\/v2\/media\/18358"}],"wp:attachment":[{"href":"https:\/\/moto-oprema.com\/de\/wp-json\/wp\/v2\/media?parent=110884"}],"wp:term":[{"taxonomy":"brand","embeddable":true,"href":"https:\/\/moto-oprema.com\/de\/wp-json\/wp\/v2\/brand?post=110884"},{"taxonomy":"gender","embeddable":true,"href":"https:\/\/moto-oprema.com\/de\/wp-json\/wp\/v2\/gender?post=110884"},{"taxonomy":"product_brand","embeddable":true,"href":"https:\/\/moto-oprema.com\/de\/wp-json\/wp\/v2\/product_brand?post=110884"},{"taxonomy":"product_cat","embeddable":true,"href":"https:\/\/moto-oprema.com\/de\/wp-json\/wp\/v2\/product_cat?post=110884"},{"taxonomy":"product_tag","embeddable":true,"href":"https:\/\/moto-oprema.com\/de\/wp-json\/wp\/v2\/product_tag?post=110884"}],"curies":[{"name":"wp","href":"https:\/\/api.w.org\/{rel}","templated":true}]}}