{"id":110646,"date":"2022-02-24T11:04:05","date_gmt":"2022-02-24T11:04:05","guid":{"rendered":"https:\/\/moto-oprema.com\/Artikel\/alpinestars-ast-1-v2-wp-damen-hose\/"},"modified":"2022-02-24T11:04:05","modified_gmt":"2022-02-24T11:04:05","slug":"alpinestars-ast-1-v2-wp-damen-hose","status":"publish","type":"product","link":"https:\/\/moto-oprema.com\/de\/Artikel\/alpinestars-ast-1-v2-wp-damen-hose\/","title":{"rendered":"ALPINESTARS AST-1 V2 WP DAMEN HOSE"},"content":{"rendered":"<p>Die Stella AST-1 v2 Hose ist nicht nur wasserdicht, sondern bietet dank des mehrlagigen Obermaterials auch hervorragenden Schutz und dank der anatomisch vorgeformten Beine und des Kniegelenkdesigns optimalen Komfort. Sie funktioniert auch mit Nucleon Flex Plus Knieschonern und ist mit H\u00fcftpolstern f\u00fcr Aufprallschutz kompatibel. Mit einem Taillenverschluss l\u00e4sst sie sich sicher mit Alpinestars Motorradjacken verbinden. Vollst\u00e4ndig CE-zertifiziert &#8211; Klasse A   <\/p>\n<p>100% Polyester<\/p>\n","protected":false},"excerpt":{"rendered":"<p>Die Stella AST-1 v2 Hose ist nicht nur wasserdicht, sondern bietet dank des mehrlagigen Obermaterials auch&#8230;<\/p>\n","protected":false},"featured_media":16896,"comment_status":"open","ping_status":"open","template":"","meta":{"_acf_changed":false},"brand":[2111],"gender":[],"product_brand":[],"product_cat":[1357,2189,2211],"product_tag":[],"class_list":{"0":"post-110646","1":"product","2":"type-product","3":"status-publish","4":"has-post-thumbnail","6":"brand-alpinestars-de","7":"product_cat-ausrustung-fur-motorradfahrer","8":"product_cat-hose","9":"product_cat-textil-hose","10":"pa_size-l-de","11":"pa_size-m-de","12":"pa_size-s-de","13":"pa_size-xl-de","15":"first","16":"onbackorder","17":"sale","18":"taxable","19":"shipping-taxable","20":"purchasable","21":"product-type-variable"},"acf":[],"_links":{"self":[{"href":"https:\/\/moto-oprema.com\/de\/wp-json\/wp\/v2\/product\/110646","targetHints":{"allow":["GET"]}}],"collection":[{"href":"https:\/\/moto-oprema.com\/de\/wp-json\/wp\/v2\/product"}],"about":[{"href":"https:\/\/moto-oprema.com\/de\/wp-json\/wp\/v2\/types\/product"}],"replies":[{"embeddable":true,"href":"https:\/\/moto-oprema.com\/de\/wp-json\/wp\/v2\/comments?post=110646"}],"wp:featuredmedia":[{"embeddable":true,"href":"https:\/\/moto-oprema.com\/de\/wp-json\/wp\/v2\/media\/16896"}],"wp:attachment":[{"href":"https:\/\/moto-oprema.com\/de\/wp-json\/wp\/v2\/media?parent=110646"}],"wp:term":[{"taxonomy":"brand","embeddable":true,"href":"https:\/\/moto-oprema.com\/de\/wp-json\/wp\/v2\/brand?post=110646"},{"taxonomy":"gender","embeddable":true,"href":"https:\/\/moto-oprema.com\/de\/wp-json\/wp\/v2\/gender?post=110646"},{"taxonomy":"product_brand","embeddable":true,"href":"https:\/\/moto-oprema.com\/de\/wp-json\/wp\/v2\/product_brand?post=110646"},{"taxonomy":"product_cat","embeddable":true,"href":"https:\/\/moto-oprema.com\/de\/wp-json\/wp\/v2\/product_cat?post=110646"},{"taxonomy":"product_tag","embeddable":true,"href":"https:\/\/moto-oprema.com\/de\/wp-json\/wp\/v2\/product_tag?post=110646"}],"curies":[{"name":"wp","href":"https:\/\/api.w.org\/{rel}","templated":true}]}}