{"id":110620,"date":"2021-12-10T12:12:55","date_gmt":"2021-12-10T12:12:55","guid":{"rendered":"https:\/\/moto-oprema.com\/Artikel\/leatt-youth-body-protector-4-5\/"},"modified":"2021-12-10T12:12:55","modified_gmt":"2021-12-10T12:12:55","slug":"leatt-youth-body-protector-4-5","status":"publish","type":"product","link":"https:\/\/moto-oprema.com\/de\/Artikel\/leatt-youth-body-protector-4-5\/","title":{"rendered":"LEATT YOUTH BODY PROTECTOR 4.5"},"content":{"rendered":"<p>Leatt BODY PROTECTOR 4.5 f\u00fcr Jugendliche.<\/p>\n<div id=\"tab-product-description-original\" class=\"ui-tabs-panel ui-widget-content ui-corner-bottom\">\n<div class=\"description\">\n<ul>\n<li>Zertifiziert f\u00fcr Aufprallschutz<\/li>\n<li>Integrierender, mehrschichtiger Flankenschutzbereich<\/li>\n<li>L\u00fcftungsschlitze f\u00fcr maximale K\u00fchlung<\/li>\n<li>Perforierter 3DF-Schaumstoff f\u00f6rdert die Luftzirkulation<\/li>\n<li>Harte Au\u00dfenschale aus High Density Poly Ethylene (HDPE)<\/li>\n<li>Verstellbare Schultergurte sorgen f\u00fcr eine gute Passform<\/li>\n<li>BraceOn flexible Halskrause Verbindung<\/li>\n<\/ul>\n<\/div>\n<\/div>\n<p>Gr\u00f6\u00dfe S-M: 134-146cm, L-XL: 147-159cm<\/p>\n<p>100% Polyester<\/p>\n","protected":false},"excerpt":{"rendered":"<p>Der LEATT BODY PROTEKTOR Junior wurde speziell f\u00fcr junge Fahrer entwickelt, die einen Rundumschutz f\u00fcr ihren&#8230;<\/p>\n","protected":false},"featured_media":15280,"comment_status":"open","ping_status":"closed","template":"","meta":{"_acf_changed":false},"brand":[2121],"gender":[],"product_brand":[],"product_cat":[2216,2028,2330],"product_tag":[],"class_list":{"0":"post-110620","1":"product","2":"type-product","3":"status-publish","4":"has-post-thumbnail","6":"brand-leatt-de","7":"product_cat-fur-die-jungsten-de","8":"product_cat-motocross-ausrustung","9":"product_cat-mx-protektoren","10":"pa_size-l-xl-de","11":"pa_size-s-m-de","13":"first","14":"onbackorder","15":"sale","16":"taxable","17":"shipping-taxable","18":"purchasable","19":"product-type-variable"},"acf":[],"_links":{"self":[{"href":"https:\/\/moto-oprema.com\/de\/wp-json\/wp\/v2\/product\/110620","targetHints":{"allow":["GET"]}}],"collection":[{"href":"https:\/\/moto-oprema.com\/de\/wp-json\/wp\/v2\/product"}],"about":[{"href":"https:\/\/moto-oprema.com\/de\/wp-json\/wp\/v2\/types\/product"}],"replies":[{"embeddable":true,"href":"https:\/\/moto-oprema.com\/de\/wp-json\/wp\/v2\/comments?post=110620"}],"wp:featuredmedia":[{"embeddable":true,"href":"https:\/\/moto-oprema.com\/de\/wp-json\/wp\/v2\/media\/15280"}],"wp:attachment":[{"href":"https:\/\/moto-oprema.com\/de\/wp-json\/wp\/v2\/media?parent=110620"}],"wp:term":[{"taxonomy":"brand","embeddable":true,"href":"https:\/\/moto-oprema.com\/de\/wp-json\/wp\/v2\/brand?post=110620"},{"taxonomy":"gender","embeddable":true,"href":"https:\/\/moto-oprema.com\/de\/wp-json\/wp\/v2\/gender?post=110620"},{"taxonomy":"product_brand","embeddable":true,"href":"https:\/\/moto-oprema.com\/de\/wp-json\/wp\/v2\/product_brand?post=110620"},{"taxonomy":"product_cat","embeddable":true,"href":"https:\/\/moto-oprema.com\/de\/wp-json\/wp\/v2\/product_cat?post=110620"},{"taxonomy":"product_tag","embeddable":true,"href":"https:\/\/moto-oprema.com\/de\/wp-json\/wp\/v2\/product_tag?post=110620"}],"curies":[{"name":"wp","href":"https:\/\/api.w.org\/{rel}","templated":true}]}}