{"id":110613,"date":"2022-01-10T11:21:04","date_gmt":"2022-01-10T11:21:04","guid":{"rendered":"https:\/\/moto-oprema.com\/Artikel\/helite-roadster-jacke-leder-schildkroete-schwarz\/"},"modified":"2022-01-10T11:21:04","modified_gmt":"2022-01-10T11:21:04","slug":"helite-roadster-jacke-leder-schildkroete-schwarz","status":"publish","type":"product","link":"https:\/\/moto-oprema.com\/de\/Artikel\/helite-roadster-jacke-leder-schildkroete-schwarz\/","title":{"rendered":"HELITE ROADSTER JACKE LEDER SCHILDKR\u00d6TE SCHWARZ"},"content":{"rendered":"<p>Motorrad-Lederjacke im stilvollen Caf\u00e9 Racer Design. Der in die Lederjacke integrierte Airbag absorbiert St\u00f6\u00dfe und stabilisiert den Oberk\u00f6rper vor Verletzungen. <\/p>\n<p>100% mechanischer Schutz, hohe Zuverl\u00e4ssigkeit, lange Lebensdauer, einfache Installation und Wartungsfreiheit. CE-gepr\u00fcfte Schulter- und Ellbogenpolster. Zus\u00e4tzlicher SAS-TEC Level 2 R\u00fcckenprotektor f\u00fcr einen stechenden Effekt. Hochwertiges 1,2 mm dickes Rindsleder f\u00fcr St\u00e4rke und Haltbarkeit. Weicher Neoprenkragen, zahlreiche Innen- und Au\u00dfentaschen. Mesh-Eins\u00e4tze unter den Achseln, herausnehmbares lang\u00e4rmeliges Thermofutter (100% Polyester). Stretch-Eins\u00e4tze aus Leder an den Seiten f\u00fcr eine perfekte, enge Passform.      <\/p>\n","protected":false},"excerpt":{"rendered":"<p>Motorrad-Lederjacke im stilvollen Caf\u00e9 Racer Design. Der in die Lederjacke integrierte Airbag absorbiert St\u00f6\u00dfe und stabilisiert&#8230;<\/p>\n","protected":false},"featured_media":15986,"comment_status":"open","ping_status":"open","template":"","meta":{"_acf_changed":false},"brand":[2425],"gender":[],"product_brand":[],"product_cat":[1357,2045,2228,2209],"product_tag":[],"class_list":{"0":"post-110613","1":"product","2":"type-product","3":"status-publish","4":"has-post-thumbnail","6":"brand-helite-de","7":"product_cat-ausrustung-fur-motorradfahrer","8":"product_cat-jakne-de","9":"product_cat-lederjacken","10":"product_cat-schutzschilde-und-airbags","11":"pa_size-l-de","12":"pa_size-xl-de","13":"pa_size-xll-de","15":"first","16":"onbackorder","17":"taxable","18":"shipping-taxable","19":"purchasable","20":"product-type-variable"},"acf":[],"_links":{"self":[{"href":"https:\/\/moto-oprema.com\/de\/wp-json\/wp\/v2\/product\/110613","targetHints":{"allow":["GET"]}}],"collection":[{"href":"https:\/\/moto-oprema.com\/de\/wp-json\/wp\/v2\/product"}],"about":[{"href":"https:\/\/moto-oprema.com\/de\/wp-json\/wp\/v2\/types\/product"}],"replies":[{"embeddable":true,"href":"https:\/\/moto-oprema.com\/de\/wp-json\/wp\/v2\/comments?post=110613"}],"wp:featuredmedia":[{"embeddable":true,"href":"https:\/\/moto-oprema.com\/de\/wp-json\/wp\/v2\/media\/15986"}],"wp:attachment":[{"href":"https:\/\/moto-oprema.com\/de\/wp-json\/wp\/v2\/media?parent=110613"}],"wp:term":[{"taxonomy":"brand","embeddable":true,"href":"https:\/\/moto-oprema.com\/de\/wp-json\/wp\/v2\/brand?post=110613"},{"taxonomy":"gender","embeddable":true,"href":"https:\/\/moto-oprema.com\/de\/wp-json\/wp\/v2\/gender?post=110613"},{"taxonomy":"product_brand","embeddable":true,"href":"https:\/\/moto-oprema.com\/de\/wp-json\/wp\/v2\/product_brand?post=110613"},{"taxonomy":"product_cat","embeddable":true,"href":"https:\/\/moto-oprema.com\/de\/wp-json\/wp\/v2\/product_cat?post=110613"},{"taxonomy":"product_tag","embeddable":true,"href":"https:\/\/moto-oprema.com\/de\/wp-json\/wp\/v2\/product_tag?post=110613"}],"curies":[{"name":"wp","href":"https:\/\/api.w.org\/{rel}","templated":true}]}}