{"id":110499,"date":"2021-12-02T12:12:02","date_gmt":"2021-12-02T12:12:02","guid":{"rendered":"https:\/\/moto-oprema.com\/Artikel\/alpinestars-tech-t-stiefel\/"},"modified":"2021-12-02T12:12:02","modified_gmt":"2021-12-02T12:12:02","slug":"alpinestars-tech-t-stiefel","status":"publish","type":"product","link":"https:\/\/moto-oprema.com\/de\/Artikel\/alpinestars-tech-t-stiefel\/","title":{"rendered":"ALPINESTARS TECH-T Stiefel"},"content":{"rendered":"<div id=\"tab-product-description\" class=\"ui-tabs-panel ui-widget-content ui-corner-bottom\">\n<div class=\"description\">Alpinestars TECH-T ist sehr beliebt f\u00fcr Enduro, Adventure und ATV<\/div>\n<div class=\"description\"><span style=\"font-family:arial, helvetica, sans-serif;font-size:small;\"><\/span>Ergonomischer Schienbeinschutz, TPU-Kn\u00f6chelschutz, einfacher Einstieg durch Klettverschluss oben, 3D-Mesh-Innenmaterial f\u00fcr verbesserte Atmungsaktivit\u00e4t, wasser- und schmutzabweisendes Gummi innen, Schnellverschlussschnallen, anatomisch geformtes Futter, EN13634: CE-gepr\u00fcft<\/div>\n<\/div>\n","protected":false},"excerpt":{"rendered":"<p>Farbe: Wei\u00df &#8211; Rot &#8211; Fluo Gelb &#8211; Schwarz<\/p>\n","protected":false},"featured_media":14976,"comment_status":"open","ping_status":"open","template":"","meta":{"_acf_changed":false},"brand":[2111],"gender":[],"product_brand":[],"product_cat":[1357,2028],"product_tag":[],"class_list":{"0":"post-110499","1":"product","2":"type-product","3":"status-publish","4":"has-post-thumbnail","6":"brand-alpinestars-de","7":"product_cat-ausrustung-fur-motorradfahrer","8":"product_cat-motocross-ausrustung","9":"pa_size-10445-de","10":"pa_size-11455-de","11":"pa_size-7405-de","12":"pa_size-842-de","13":"pa_size-943-de","15":"first","16":"onbackorder","17":"sale","18":"taxable","19":"shipping-taxable","20":"purchasable","21":"product-type-variable"},"acf":[],"_links":{"self":[{"href":"https:\/\/moto-oprema.com\/de\/wp-json\/wp\/v2\/product\/110499","targetHints":{"allow":["GET"]}}],"collection":[{"href":"https:\/\/moto-oprema.com\/de\/wp-json\/wp\/v2\/product"}],"about":[{"href":"https:\/\/moto-oprema.com\/de\/wp-json\/wp\/v2\/types\/product"}],"replies":[{"embeddable":true,"href":"https:\/\/moto-oprema.com\/de\/wp-json\/wp\/v2\/comments?post=110499"}],"wp:featuredmedia":[{"embeddable":true,"href":"https:\/\/moto-oprema.com\/de\/wp-json\/wp\/v2\/media\/14976"}],"wp:attachment":[{"href":"https:\/\/moto-oprema.com\/de\/wp-json\/wp\/v2\/media?parent=110499"}],"wp:term":[{"taxonomy":"brand","embeddable":true,"href":"https:\/\/moto-oprema.com\/de\/wp-json\/wp\/v2\/brand?post=110499"},{"taxonomy":"gender","embeddable":true,"href":"https:\/\/moto-oprema.com\/de\/wp-json\/wp\/v2\/gender?post=110499"},{"taxonomy":"product_brand","embeddable":true,"href":"https:\/\/moto-oprema.com\/de\/wp-json\/wp\/v2\/product_brand?post=110499"},{"taxonomy":"product_cat","embeddable":true,"href":"https:\/\/moto-oprema.com\/de\/wp-json\/wp\/v2\/product_cat?post=110499"},{"taxonomy":"product_tag","embeddable":true,"href":"https:\/\/moto-oprema.com\/de\/wp-json\/wp\/v2\/product_tag?post=110499"}],"curies":[{"name":"wp","href":"https:\/\/api.w.org\/{rel}","templated":true}]}}