{"id":110459,"date":"2021-12-06T10:33:35","date_gmt":"2021-12-06T10:33:35","guid":{"rendered":"https:\/\/moto-oprema.com\/Artikel\/alpinestars-roost-top-kurzarm-funktionsshirt\/"},"modified":"2021-12-06T10:33:35","modified_gmt":"2021-12-06T10:33:35","slug":"alpinestars-roost-top-kurzarm-funktionsshirt","status":"publish","type":"product","link":"https:\/\/moto-oprema.com\/de\/Artikel\/alpinestars-roost-top-kurzarm-funktionsshirt\/","title":{"rendered":"ALPINESTARS ROOST TOP KURZARM FUNKTIONSSHIRT"},"content":{"rendered":"<p>Das gestrickte, atmungsaktive und dehnbare Roost Base Trikot gew\u00e4hrleistet maximale Bewegungsfreiheit f\u00fcr den Reiter. Die gestrickte Konstruktion ist atmungsaktiv und kommt mit weniger N\u00e4hten aus, was den Komfort f\u00fcr den Reiter ebenfalls deutlich erh\u00f6ht. Au\u00dferdem ist es elastisch genug, um die Bewegungen des Reiters nicht zu behindern.  <\/p>\n","protected":false},"excerpt":{"rendered":"<p>Das gestrickte, atmungsaktive und dehnbare Roost Base Trikot gew\u00e4hrleistet maximale Bewegungsfreiheit f\u00fcr den Reiter. Die gestrickte&#8230;<\/p>\n","protected":false},"featured_media":15066,"comment_status":"open","ping_status":"open","template":"","meta":{"_acf_changed":false},"brand":[2111],"gender":[],"product_brand":[],"product_cat":[1357],"product_tag":[],"class_list":{"0":"post-110459","1":"product","2":"type-product","3":"status-publish","4":"has-post-thumbnail","6":"brand-alpinestars-de","7":"product_cat-ausrustung-fur-motorradfahrer","8":"pa_size-l-xl-de","9":"pa_size-s-m-de","10":"pa_size-2xl-3xl-de","12":"first","13":"onbackorder","14":"taxable","15":"shipping-taxable","16":"purchasable","17":"product-type-variable"},"acf":[],"_links":{"self":[{"href":"https:\/\/moto-oprema.com\/de\/wp-json\/wp\/v2\/product\/110459","targetHints":{"allow":["GET"]}}],"collection":[{"href":"https:\/\/moto-oprema.com\/de\/wp-json\/wp\/v2\/product"}],"about":[{"href":"https:\/\/moto-oprema.com\/de\/wp-json\/wp\/v2\/types\/product"}],"replies":[{"embeddable":true,"href":"https:\/\/moto-oprema.com\/de\/wp-json\/wp\/v2\/comments?post=110459"}],"wp:featuredmedia":[{"embeddable":true,"href":"https:\/\/moto-oprema.com\/de\/wp-json\/wp\/v2\/media\/15066"}],"wp:attachment":[{"href":"https:\/\/moto-oprema.com\/de\/wp-json\/wp\/v2\/media?parent=110459"}],"wp:term":[{"taxonomy":"brand","embeddable":true,"href":"https:\/\/moto-oprema.com\/de\/wp-json\/wp\/v2\/brand?post=110459"},{"taxonomy":"gender","embeddable":true,"href":"https:\/\/moto-oprema.com\/de\/wp-json\/wp\/v2\/gender?post=110459"},{"taxonomy":"product_brand","embeddable":true,"href":"https:\/\/moto-oprema.com\/de\/wp-json\/wp\/v2\/product_brand?post=110459"},{"taxonomy":"product_cat","embeddable":true,"href":"https:\/\/moto-oprema.com\/de\/wp-json\/wp\/v2\/product_cat?post=110459"},{"taxonomy":"product_tag","embeddable":true,"href":"https:\/\/moto-oprema.com\/de\/wp-json\/wp\/v2\/product_tag?post=110459"}],"curies":[{"name":"wp","href":"https:\/\/api.w.org\/{rel}","templated":true}]}}