{"id":110426,"date":"2022-01-03T09:31:17","date_gmt":"2022-01-03T09:31:17","guid":{"rendered":"https:\/\/moto-oprema.com\/Artikel\/dainese-carve-master-3-gore-tex-schwarz-ebenholz\/"},"modified":"2022-01-03T09:31:17","modified_gmt":"2022-01-03T09:31:17","slug":"dainese-carve-master-3-gore-tex-schwarz-ebenholz","status":"publish","type":"product","link":"https:\/\/moto-oprema.com\/de\/Artikel\/dainese-carve-master-3-gore-tex-schwarz-ebenholz\/","title":{"rendered":"DAINESE CARVE MASTER 3 GORE-TEX\u00ae SCHWARZ EBENHOLZ"},"content":{"rendered":"<p>Die Carve Master 3 GORE-TEX\u00ae ist die fortschrittlichste Sporttouring-Motorradjacke im Dainese-Sortiment, ideal f\u00fcr ganzj\u00e4hriges Reisen mit absolutem Komfort und maximaler Leistung. Die wasserdichte GORE-TEX\u00ae-Membran ist ein Schutzschild gegen Regen und Wetter und sorgt stets f\u00fcr hervorragende Atmungsaktivit\u00e4t. Die Konstruktion aus weichem und widerstandsf\u00e4higem Mugello-Gewebe passt sich den Bewegungen des K\u00f6rpers perfekt an und folgt ihnen pr\u00e4zise bei jeder Bewegung auf dem Rad. Das herausnehmbare Thermofutter sorgt f\u00fcr hohen Tragekomfort auch in der k\u00e4lteren Jahreszeit und macht sie in Kombination mit den zahlreichen Bel\u00fcftungs\u00f6ffnungen mit Rei\u00dfverschluss vielseitig einsetzbar. Die h\u00f6chsten Sicherheitsstandards von Dainese werden durch die Pro-Armor (Level 2, Typ B) Ellbogen- und Schulterpolster sowie die Pro-Armor R\u00fcckenpolster G1 und G2 und die Pro-Armor Brustpolster gew\u00e4hrleistet. Die Dainese Pro-Armor-Technologie, die von der Geometrie nat\u00fcrlicher Fraktale inspiriert ist, bietet ein H\u00f6chstma\u00df an Schutz mit der Beweglichkeit eines weichen Protektors und idealer Bel\u00fcftung dank einer bel\u00fcfteten Oberfl\u00e4che, die 40% der Schutzfl\u00e4che bedeckt. Die Abriebfestigkeit in den am st\u00e4rksten beanspruchten Bereichen wird durch 3D-Eins\u00e4tze gew\u00e4hrleistet.      <\/p>\n<\/p>\n<div class=\"description\">\n<p>Zusammensetzung des Rohmaterials:<\/p>\n<ul>\n<li>Au\u00dfen: 91% Nylon, 5% Elasthan, 4% Polyurethan<\/li>\n<li>Eins\u00e4tze: Rindsleder<\/li>\n<li>Innenfutter: 100% Nylon<\/li>\n<li>Membrane: 100% Polyester<\/li>\n<\/ul>\n<\/div>\n","protected":false},"excerpt":{"rendered":"<p>Dainese Carve Master 3 Gore-Tex\u00ae<\/p>\n","protected":false},"featured_media":110435,"comment_status":"open","ping_status":"closed","template":"","meta":{"_acf_changed":false},"brand":[2113],"gender":[2168],"product_brand":[],"product_cat":[1357,2045,2048],"product_tag":[],"class_list":{"0":"post-110426","1":"product","2":"type-product","3":"status-publish","4":"has-post-thumbnail","6":"brand-dainese-de","7":"gender-moski-de","8":"product_cat-ausrustung-fur-motorradfahrer","9":"product_cat-jakne-de","10":"product_cat-textil-jacken","11":"pa_size-48-de","12":"pa_size-50-de","13":"pa_size-52-de","14":"pa_size-54-de","15":"pa_size-56-de","16":"pa_size-58-de","17":"pa_size-60-de","18":"pa_size-62-de","20":"first","21":"onbackorder","22":"sale","23":"taxable","24":"shipping-taxable","25":"purchasable","26":"product-type-variable"},"acf":[],"_links":{"self":[{"href":"https:\/\/moto-oprema.com\/de\/wp-json\/wp\/v2\/product\/110426","targetHints":{"allow":["GET"]}}],"collection":[{"href":"https:\/\/moto-oprema.com\/de\/wp-json\/wp\/v2\/product"}],"about":[{"href":"https:\/\/moto-oprema.com\/de\/wp-json\/wp\/v2\/types\/product"}],"replies":[{"embeddable":true,"href":"https:\/\/moto-oprema.com\/de\/wp-json\/wp\/v2\/comments?post=110426"}],"wp:featuredmedia":[{"embeddable":true,"href":"https:\/\/moto-oprema.com\/de\/wp-json\/wp\/v2\/media\/110435"}],"wp:attachment":[{"href":"https:\/\/moto-oprema.com\/de\/wp-json\/wp\/v2\/media?parent=110426"}],"wp:term":[{"taxonomy":"brand","embeddable":true,"href":"https:\/\/moto-oprema.com\/de\/wp-json\/wp\/v2\/brand?post=110426"},{"taxonomy":"gender","embeddable":true,"href":"https:\/\/moto-oprema.com\/de\/wp-json\/wp\/v2\/gender?post=110426"},{"taxonomy":"product_brand","embeddable":true,"href":"https:\/\/moto-oprema.com\/de\/wp-json\/wp\/v2\/product_brand?post=110426"},{"taxonomy":"product_cat","embeddable":true,"href":"https:\/\/moto-oprema.com\/de\/wp-json\/wp\/v2\/product_cat?post=110426"},{"taxonomy":"product_tag","embeddable":true,"href":"https:\/\/moto-oprema.com\/de\/wp-json\/wp\/v2\/product_tag?post=110426"}],"curies":[{"name":"wp","href":"https:\/\/api.w.org\/{rel}","templated":true}]}}