{"id":110405,"date":"2022-01-03T10:27:38","date_gmt":"2022-01-03T10:27:38","guid":{"rendered":"https:\/\/moto-oprema.com\/Artikel\/dainese-carve-master-3-gore-tex-hose-dame-schwarz-ebenholz\/"},"modified":"2022-01-03T10:27:38","modified_gmt":"2022-01-03T10:27:38","slug":"dainese-carve-master-3-gore-tex-hose-dame-schwarz-ebenholz","status":"publish","type":"product","link":"https:\/\/moto-oprema.com\/de\/Artikel\/dainese-carve-master-3-gore-tex-hose-dame-schwarz-ebenholz\/","title":{"rendered":"DAINESE CARVE MASTER 3 GORE-TEX HOSE DAME SCHWARZ EBENHOLZ"},"content":{"rendered":"<p>Die Carve Master 3 Lady GORE-TEX\u00ae Hose ist die fortschrittlichste Motorradtourenhose f\u00fcr Damen im Sortiment von Dainese, ideal f\u00fcr ganzj\u00e4hrige Touren mit absolutem Komfort und maximaler Leistung. Die wasserdichte GORE-TEX\u00ae-Membran ist ein Schutzschild gegen Regen und Wetter und sorgt stets f\u00fcr hervorragende Atmungsaktivit\u00e4t. Die Konstruktion aus weichem und widerstandsf\u00e4higem Mugello-Gewebe passt sich den Bewegungen des K\u00f6rpers perfekt an und folgt ihnen pr\u00e4zise bei jeder Bewegung auf dem Rad. Das herausnehmbare Thermofutter sorgt auch in der k\u00e4lteren Jahreszeit f\u00fcr einen hohen Tragekomfort und erm\u00f6glicht in Kombination mit dem Lufteinlass mit Rei\u00dfverschluss eine vielseitige Verwendung. Die h\u00f6chsten Sicherheitsstandards von Dainese werden durch die Pro Armor (Level 2, Typ B) Knieschoner gew\u00e4hrleistet. Inspiriert von der Geometrie nat\u00fcrlicher Fraktale, bietet die Dainese Pro-Armor-Technologie maximalen Schutz mit der Beweglichkeit eines weichen Protektors und idealer Bel\u00fcftung dank einer bel\u00fcfteten Oberfl\u00e4che, die 40 % der Schutzfl\u00e4che bedeckt.     <\/p>\n<p>100% Nylon<\/p>\n","protected":false},"excerpt":{"rendered":"<p>Dainese Carve Master 3 Gore-Tex\u00ae Hose f\u00fcr Damen.<\/p>\n","protected":false},"featured_media":110422,"comment_status":"open","ping_status":"closed","template":"","meta":{"_acf_changed":false},"brand":[2113],"gender":[2170],"product_brand":[],"product_cat":[1357,2189,2211],"product_tag":[],"class_list":{"0":"post-110405","1":"product","2":"type-product","3":"status-publish","4":"has-post-thumbnail","6":"brand-dainese-de","7":"gender-zenska-de","8":"product_cat-ausrustung-fur-motorradfahrer","9":"product_cat-hose","10":"product_cat-textil-hose","11":"pa_size-38-de","12":"pa_size-40-de","13":"pa_size-42-de","14":"pa_size-44-de","15":"pa_size-46-de","16":"pa_size-48-de","17":"pa_size-50-de","18":"pa_size-52-de","20":"first","21":"onbackorder","22":"sale","23":"taxable","24":"shipping-taxable","25":"purchasable","26":"product-type-variable"},"acf":[],"_links":{"self":[{"href":"https:\/\/moto-oprema.com\/de\/wp-json\/wp\/v2\/product\/110405","targetHints":{"allow":["GET"]}}],"collection":[{"href":"https:\/\/moto-oprema.com\/de\/wp-json\/wp\/v2\/product"}],"about":[{"href":"https:\/\/moto-oprema.com\/de\/wp-json\/wp\/v2\/types\/product"}],"replies":[{"embeddable":true,"href":"https:\/\/moto-oprema.com\/de\/wp-json\/wp\/v2\/comments?post=110405"}],"wp:featuredmedia":[{"embeddable":true,"href":"https:\/\/moto-oprema.com\/de\/wp-json\/wp\/v2\/media\/110422"}],"wp:attachment":[{"href":"https:\/\/moto-oprema.com\/de\/wp-json\/wp\/v2\/media?parent=110405"}],"wp:term":[{"taxonomy":"brand","embeddable":true,"href":"https:\/\/moto-oprema.com\/de\/wp-json\/wp\/v2\/brand?post=110405"},{"taxonomy":"gender","embeddable":true,"href":"https:\/\/moto-oprema.com\/de\/wp-json\/wp\/v2\/gender?post=110405"},{"taxonomy":"product_brand","embeddable":true,"href":"https:\/\/moto-oprema.com\/de\/wp-json\/wp\/v2\/product_brand?post=110405"},{"taxonomy":"product_cat","embeddable":true,"href":"https:\/\/moto-oprema.com\/de\/wp-json\/wp\/v2\/product_cat?post=110405"},{"taxonomy":"product_tag","embeddable":true,"href":"https:\/\/moto-oprema.com\/de\/wp-json\/wp\/v2\/product_tag?post=110405"}],"curies":[{"name":"wp","href":"https:\/\/api.w.org\/{rel}","templated":true}]}}