{"id":110401,"date":"2022-01-03T11:39:48","date_gmt":"2022-01-03T11:39:48","guid":{"rendered":"https:\/\/moto-oprema.com\/Artikel\/leatt-velocity-4-5-neon-lime-klar-brille\/"},"modified":"2022-01-03T11:39:48","modified_gmt":"2022-01-03T11:39:48","slug":"leatt-velocity-4-5-neon-lime-klar-brille","status":"publish","type":"product","link":"https:\/\/moto-oprema.com\/de\/Artikel\/leatt-velocity-4-5-neon-lime-klar-brille\/","title":{"rendered":"LEATT VELOCITY 4.5 NEON LIME KLAR BRILLE"},"content":{"rendered":"<p>Velocity 4.5 ist kugelsicher &#8211; im wahrsten Sinne des Wortes. Es wurde nach milit\u00e4rischen ballistischen Standards auf Aufprall getestet und sorgt daf\u00fcr, dass Ihre Sicht jederzeit klar und gesch\u00fctzt ist, ganz gleich, was vom Boden oder von der Person vor Ihnen geworfen wird. <\/p>\n<p>Die WideVision (170\u00b0) Anti-Beschlag-Scheibe bietet eine optimale Sicht auf die Front und die Umgebung. Au\u00dferdem ist die Brille dank des Abrei\u00dfsystems auch f\u00fcr schlammige Mountainbiketage geeignet. Die Passform der Brille wird Ihnen gefallen, w\u00e4hrend das 40 mm breite Anti-Rutsch-Band perfekt mit fast allen Helmen kombiniert werden kann.  <\/p>\n<p>Wenn Sie schwitzen, sorgen der doppeldichte, zweilagige Schaumstoff und das Anti-Schwei\u00df-Vlies f\u00fcr maximalen Komfort und verhindern, dass Schwei\u00df in Ihre Augen gelangt. Die Velocity 4.5 Goggles sind ein Muss f\u00fcr alle Enduro-, Downhill- und Mountainbike-Fahrer, die eine hochwertige Brille zu einem attraktiven Preis suchen. <\/p>\n<p>CE-gepr\u00fcft und zertifiziert nach EN 1938:2010<\/p>\n","protected":false},"excerpt":{"rendered":"<p>Neon-Limette &#8211; klar 83 %.<\/p>\n","protected":false},"featured_media":15683,"comment_status":"open","ping_status":"open","template":"","meta":{"_acf_changed":false},"brand":[2121],"gender":[2173],"product_brand":[],"product_cat":[2028,2075,2660,2182],"product_tag":[],"class_list":{"0":"post-110401","1":"product","2":"type-product","3":"status-publish","4":"has-post-thumbnail","6":"brand-leatt-de","7":"gender-unisex-de","8":"product_cat-motocross-ausrustung","9":"product_cat-mtb-radfahren-ausrustung","10":"product_cat-mtb-schutzbrille","11":"product_cat-mx-brille","13":"first","14":"instock","15":"sale","16":"taxable","17":"shipping-taxable","18":"purchasable","19":"product-type-simple"},"acf":[],"_links":{"self":[{"href":"https:\/\/moto-oprema.com\/de\/wp-json\/wp\/v2\/product\/110401","targetHints":{"allow":["GET"]}}],"collection":[{"href":"https:\/\/moto-oprema.com\/de\/wp-json\/wp\/v2\/product"}],"about":[{"href":"https:\/\/moto-oprema.com\/de\/wp-json\/wp\/v2\/types\/product"}],"replies":[{"embeddable":true,"href":"https:\/\/moto-oprema.com\/de\/wp-json\/wp\/v2\/comments?post=110401"}],"wp:featuredmedia":[{"embeddable":true,"href":"https:\/\/moto-oprema.com\/de\/wp-json\/wp\/v2\/media\/15683"}],"wp:attachment":[{"href":"https:\/\/moto-oprema.com\/de\/wp-json\/wp\/v2\/media?parent=110401"}],"wp:term":[{"taxonomy":"brand","embeddable":true,"href":"https:\/\/moto-oprema.com\/de\/wp-json\/wp\/v2\/brand?post=110401"},{"taxonomy":"gender","embeddable":true,"href":"https:\/\/moto-oprema.com\/de\/wp-json\/wp\/v2\/gender?post=110401"},{"taxonomy":"product_brand","embeddable":true,"href":"https:\/\/moto-oprema.com\/de\/wp-json\/wp\/v2\/product_brand?post=110401"},{"taxonomy":"product_cat","embeddable":true,"href":"https:\/\/moto-oprema.com\/de\/wp-json\/wp\/v2\/product_cat?post=110401"},{"taxonomy":"product_tag","embeddable":true,"href":"https:\/\/moto-oprema.com\/de\/wp-json\/wp\/v2\/product_tag?post=110401"}],"curies":[{"name":"wp","href":"https:\/\/api.w.org\/{rel}","templated":true}]}}