{"id":110382,"date":"2022-01-04T09:44:49","date_gmt":"2022-01-04T09:44:49","guid":{"rendered":"https:\/\/moto-oprema.com\/Artikel\/leatt-velocity-5-5-neon-gelb-grau-schutzbrille\/"},"modified":"2022-01-04T09:44:49","modified_gmt":"2022-01-04T09:44:49","slug":"leatt-velocity-5-5-neon-gelb-grau-schutzbrille","status":"publish","type":"product","link":"https:\/\/moto-oprema.com\/de\/Artikel\/leatt-velocity-5-5-neon-gelb-grau-schutzbrille\/","title":{"rendered":"LEATT VELOCITY 5.5 NEON GELB GRAU SCHUTZBRILLE"},"content":{"rendered":"<p>170\u00b0 WideVision kugelsichere Gl\u00e4ser nach ANSI Z87.1-2015, permanente Anti-Beschlag-Funktion, bereit f\u00fcr 48 mm Offset, dehydrierte Gl\u00e4ser. Rahmendesign, Au\u00dfenfassung mit 45 mm rutschfestem Band, OTG &#8211; over the glass &#8211; geeignet f\u00fcr Brillenhalter, dreilagiger Schaumstoff, rei\u00dffest mit Stiften, (im Lieferumfang enthalten), abnehmbarer Nasenschutz, CE-zertifiziert EN1938:2010 <\/p>\n","protected":false},"excerpt":{"rendered":"<p>Nenon gelb &#8211; hellgrau 58%.<\/p>\n","protected":false},"featured_media":15734,"comment_status":"open","ping_status":"open","template":"","meta":{"_acf_changed":false},"brand":[2121],"gender":[2173],"product_brand":[],"product_cat":[2028,2075,2660,2182],"product_tag":[],"class_list":{"0":"post-110382","1":"product","2":"type-product","3":"status-publish","4":"has-post-thumbnail","6":"brand-leatt-de","7":"gender-unisex-de","8":"product_cat-motocross-ausrustung","9":"product_cat-mtb-radfahren-ausrustung","10":"product_cat-mtb-schutzbrille","11":"product_cat-mx-brille","13":"first","14":"onbackorder","15":"taxable","16":"shipping-taxable","17":"purchasable","18":"product-type-simple"},"acf":[],"_links":{"self":[{"href":"https:\/\/moto-oprema.com\/de\/wp-json\/wp\/v2\/product\/110382","targetHints":{"allow":["GET"]}}],"collection":[{"href":"https:\/\/moto-oprema.com\/de\/wp-json\/wp\/v2\/product"}],"about":[{"href":"https:\/\/moto-oprema.com\/de\/wp-json\/wp\/v2\/types\/product"}],"replies":[{"embeddable":true,"href":"https:\/\/moto-oprema.com\/de\/wp-json\/wp\/v2\/comments?post=110382"}],"wp:featuredmedia":[{"embeddable":true,"href":"https:\/\/moto-oprema.com\/de\/wp-json\/wp\/v2\/media\/15734"}],"wp:attachment":[{"href":"https:\/\/moto-oprema.com\/de\/wp-json\/wp\/v2\/media?parent=110382"}],"wp:term":[{"taxonomy":"brand","embeddable":true,"href":"https:\/\/moto-oprema.com\/de\/wp-json\/wp\/v2\/brand?post=110382"},{"taxonomy":"gender","embeddable":true,"href":"https:\/\/moto-oprema.com\/de\/wp-json\/wp\/v2\/gender?post=110382"},{"taxonomy":"product_brand","embeddable":true,"href":"https:\/\/moto-oprema.com\/de\/wp-json\/wp\/v2\/product_brand?post=110382"},{"taxonomy":"product_cat","embeddable":true,"href":"https:\/\/moto-oprema.com\/de\/wp-json\/wp\/v2\/product_cat?post=110382"},{"taxonomy":"product_tag","embeddable":true,"href":"https:\/\/moto-oprema.com\/de\/wp-json\/wp\/v2\/product_tag?post=110382"}],"curies":[{"name":"wp","href":"https:\/\/api.w.org\/{rel}","templated":true}]}}