{"id":110346,"date":"2022-01-12T09:20:02","date_gmt":"2022-01-12T09:20:02","guid":{"rendered":"https:\/\/moto-oprema.com\/Artikel\/dainese-zaurax-lederjacke-schwarz\/"},"modified":"2022-01-12T09:20:02","modified_gmt":"2022-01-12T09:20:02","slug":"dainese-zaurax-lederjacke-schwarz","status":"publish","type":"product","link":"https:\/\/moto-oprema.com\/de\/Artikel\/dainese-zaurax-lederjacke-schwarz\/","title":{"rendered":"DAINESE ZAURAX LEDERJACKE SCHWARZ"},"content":{"rendered":"<p>Die Dainese Zaurax ist eine Motorradjacke aus weichem, hochwertigem Laverda-Rindsleder mit einem herausnehmbaren Thermofutter, das sich je nach Jahreszeit an unterschiedliche Temperaturen anpasst. Die von der Stadt inspirierte \u00c4sthetik wird mit den robusten, ultraflexiblen und fast unsichtbaren Dainese Pro-Shape 2.0 Pads kombiniert, die Schultern und Ellbogen sch\u00fctzen und gleichzeitig maximale Bewegungsfreiheit erm\u00f6glichen. Die gro\u00dfe Tasche auf der R\u00fcckseite ist f\u00fcr die R\u00fcckenprotektoren G1 und G2 vorgesehen, die separat erworben werden k\u00f6nnen. Die bequeme Passform der Lederjacke wird durch Details wie den elastischen Ledersaum am R\u00fccken, die Pins an den H\u00fcften und das R\u00fcckenband zur Befestigung am Hoseng\u00fcrtel optimiert, das ein l\u00e4stiges Verrutschen nach oben beim Reiten verhindert.   <\/p>\n<p>Merkmale:<\/p>\n<ul>\n<li>  1 Innentasche auf Thermofutter<\/li>\n<li>  3 Au\u00dfentaschen vorne und 2 Innentaschen<\/li>\n<li>  elastische Eins\u00e4tze<\/li>\n<li>  Verbindungsschleife von Jacke und Hose<\/li>\n<li>  einstellbarer Taillenbereich<\/li>\n<li>  Hergestellt aus Laverda-Rindsleder<\/li>\n<li>  Erforschtes, atmungsaktives Sanitized\u00ae Gewebefutter<\/li>\n<li>  Herausnehmbares Thermofutter<\/li>\n<li>  Pro-Shape 2.0 Softprotektoren (gem\u00e4\u00df EN1621.1) an Schultern und Ellenbogen<\/li>\n<li>  Tasche zum Nachr\u00fcsten des G1 oder G2 R\u00fcckenprotektors<\/li>\n<\/ul>\n<p>Zusammensetzung des Rohmaterials: 100% Leder<\/p>\n","protected":false},"excerpt":{"rendered":"<p>Die Dainese Zaurax ist eine Motorradjacke aus weichem, hochwertigem Laverda-Rindsleder mit einem herausnehmbaren Thermofutter, das sich&#8230;<\/p>\n","protected":false},"featured_media":110348,"comment_status":"open","ping_status":"closed","template":"","meta":{"_acf_changed":false},"brand":[2113],"gender":[],"product_brand":[],"product_cat":[1357,2045,2228,3406],"product_tag":[],"class_list":{"0":"post-110346","1":"product","2":"type-product","3":"status-publish","4":"has-post-thumbnail","6":"brand-dainese-de","7":"product_cat-ausrustung-fur-motorradfahrer","8":"product_cat-jakne-de","9":"product_cat-lederjacken","10":"product_cat-outlet-de","11":"pa_size-48-de","12":"pa_size-50-de","13":"pa_size-52-de","14":"pa_size-54-de","15":"pa_size-56-de","16":"pa_size-58-de","18":"first","19":"onbackorder","20":"sale","21":"taxable","22":"shipping-taxable","23":"purchasable","24":"product-type-variable"},"acf":[],"_links":{"self":[{"href":"https:\/\/moto-oprema.com\/de\/wp-json\/wp\/v2\/product\/110346","targetHints":{"allow":["GET"]}}],"collection":[{"href":"https:\/\/moto-oprema.com\/de\/wp-json\/wp\/v2\/product"}],"about":[{"href":"https:\/\/moto-oprema.com\/de\/wp-json\/wp\/v2\/types\/product"}],"replies":[{"embeddable":true,"href":"https:\/\/moto-oprema.com\/de\/wp-json\/wp\/v2\/comments?post=110346"}],"wp:featuredmedia":[{"embeddable":true,"href":"https:\/\/moto-oprema.com\/de\/wp-json\/wp\/v2\/media\/110348"}],"wp:attachment":[{"href":"https:\/\/moto-oprema.com\/de\/wp-json\/wp\/v2\/media?parent=110346"}],"wp:term":[{"taxonomy":"brand","embeddable":true,"href":"https:\/\/moto-oprema.com\/de\/wp-json\/wp\/v2\/brand?post=110346"},{"taxonomy":"gender","embeddable":true,"href":"https:\/\/moto-oprema.com\/de\/wp-json\/wp\/v2\/gender?post=110346"},{"taxonomy":"product_brand","embeddable":true,"href":"https:\/\/moto-oprema.com\/de\/wp-json\/wp\/v2\/product_brand?post=110346"},{"taxonomy":"product_cat","embeddable":true,"href":"https:\/\/moto-oprema.com\/de\/wp-json\/wp\/v2\/product_cat?post=110346"},{"taxonomy":"product_tag","embeddable":true,"href":"https:\/\/moto-oprema.com\/de\/wp-json\/wp\/v2\/product_tag?post=110346"}],"curies":[{"name":"wp","href":"https:\/\/api.w.org\/{rel}","templated":true}]}}