{"id":110341,"date":"2022-01-05T11:32:44","date_gmt":"2022-01-05T11:32:44","guid":{"rendered":"https:\/\/moto-oprema.com\/Artikel\/alpinestars-stella-kira-v2-lederjacke-schwarz-koralle\/"},"modified":"2022-01-05T11:32:44","modified_gmt":"2022-01-05T11:32:44","slug":"alpinestars-stella-kira-v2-lederjacke-schwarz-koralle","status":"publish","type":"product","link":"https:\/\/moto-oprema.com\/de\/Artikel\/alpinestars-stella-kira-v2-lederjacke-schwarz-koralle\/","title":{"rendered":"ALPINESTARS STELLA KIRA V2 LEDERJACKE SCHWARZ KORALLE"},"content":{"rendered":"<p>Die Stella Kira v2 Lederjacke hat einen optimierten femininen Schnitt und verf\u00fcgt \u00fcber eine hochwertige Lederau\u00dfenhaut, die Komfort und Haltbarkeit bietet.<\/p>\n<p>Eigenschaften:<\/p>\n<ul>\n<li>  Optimiert f\u00fcr eine erfolgreiche weibliche Passform.<\/li>\n<li>  Die Hauptstruktur ist aus 1,3 mm dickem Premium-Rindsleder gefertigt und bietet hohen Fahrkomfort und hervorragende Abriebfestigkeit.<\/li>\n<li>  Gro\u00dfe dehnbare Akkordeoneins\u00e4tze unterst\u00fctzen die Bewegungsfreiheit und den Komfort auf dem Rad.<\/li>\n<li>  Stretch-Eins\u00e4tze an den \u00c4rmeln und im Brustbereich verbessern ebenfalls Passform und Tragegef\u00fchl.<\/li>\n<li>  Die R\u00fcckseite der Jacke ist verl\u00e4ngert, um eine bessere Abdeckung beim Fahren zu gew\u00e4hrleisten.<\/li>\n<li>  G\u00fcrtelverstellung f\u00fcr optimalen Sitz.<\/li>\n<li>  Zwei praktische Seitentaschen mit Rei\u00dfverschluss.<\/li>\n<li>  Der Rei\u00dfverschluss f\u00fcr die G\u00fcrtelverbindung erm\u00f6glicht eine schnelle und einfache Befestigung an der Alpinestars Motorradhose.<\/li>\n<li>  Die Lufteinl\u00e4sse mit Rei\u00dfverschluss sind strategisch platziert, um den Luftstrom zu optimieren.<\/li>\n<li>  Strategisch positionierte, lokalisierte Perforationen f\u00fcr hervorragende Bel\u00fcftung und internen Luftstrom.<\/li>\n<li>  Niedrige Kragenkonstruktion mit bequemen Mikrofaserkanten und 3D-texturiertem Komfort-Innenkragenfutter f\u00fcr hohen Reiterkomfort.<\/li>\n<li>  Das vorgekr\u00fcmmte Design des Arms verringert die Erm\u00fcdung.<\/li>\n<li>  Reflektierende Dekorationen.<\/li>\n<li>  Wasserdichte Innentasche zur sicheren Aufbewahrung von wichtigen Gegenst\u00e4nden.<\/li>\n<li>  Herausnehmbare innere Thermoeinlage f\u00fcr eine vielseitige Verwendung.<\/li>\n<\/ul>\n<p>Spezifikationen:<\/p>\n<ul>\n<li>  Nucleon Flex Level 1 Schulter- und Ellbogenpolster (EN 1621-1: 2012).<\/li>\n<li>  Vorbereitet f\u00fcr Alpinestars Nucleon Brustprotektoren (separat erh\u00e4ltlich).<\/li>\n<li>  Knopfsystem f\u00fcr die Integration des Alpinestars Nucleon R\u00fcckenprotektors (separat erh\u00e4ltlich).<\/li>\n<li>  Motorradschutzkleidung der Klasse AAA (gem\u00e4\u00df Kategorie II der Verordnung (EU) 2016\/425 \u00fcber pers\u00f6nliche Schutzkleidung).<\/li>\n<\/ul>\n<p>Zusammensetzung: 76% Rindsleder, 21% Polyamid, 3% Elastan. Enth\u00e4lt nichttextile Teile tierischen Ursprungs. <\/p>\n","protected":false},"excerpt":{"rendered":"<p>Die Stella Kira v2 Lederjacke hat einen optimierten femininen Schnitt und verf\u00fcgt \u00fcber eine hochwertige Lederau\u00dfenhaut,&#8230;<\/p>\n","protected":false},"featured_media":15836,"comment_status":"open","ping_status":"closed","template":"","meta":{"_acf_changed":false},"brand":[2111],"gender":[],"product_brand":[],"product_cat":[1357,2045,2228],"product_tag":[],"class_list":{"0":"post-110341","1":"product","2":"type-product","3":"status-publish","4":"has-post-thumbnail","6":"brand-alpinestars-de","7":"product_cat-ausrustung-fur-motorradfahrer","8":"product_cat-jakne-de","9":"product_cat-lederjacken","10":"pa_size-42-de","11":"pa_size-44-de","13":"first","14":"outofstock","15":"sale","16":"taxable","17":"shipping-taxable","18":"purchasable","19":"product-type-variable"},"acf":[],"_links":{"self":[{"href":"https:\/\/moto-oprema.com\/de\/wp-json\/wp\/v2\/product\/110341","targetHints":{"allow":["GET"]}}],"collection":[{"href":"https:\/\/moto-oprema.com\/de\/wp-json\/wp\/v2\/product"}],"about":[{"href":"https:\/\/moto-oprema.com\/de\/wp-json\/wp\/v2\/types\/product"}],"replies":[{"embeddable":true,"href":"https:\/\/moto-oprema.com\/de\/wp-json\/wp\/v2\/comments?post=110341"}],"wp:featuredmedia":[{"embeddable":true,"href":"https:\/\/moto-oprema.com\/de\/wp-json\/wp\/v2\/media\/15836"}],"wp:attachment":[{"href":"https:\/\/moto-oprema.com\/de\/wp-json\/wp\/v2\/media?parent=110341"}],"wp:term":[{"taxonomy":"brand","embeddable":true,"href":"https:\/\/moto-oprema.com\/de\/wp-json\/wp\/v2\/brand?post=110341"},{"taxonomy":"gender","embeddable":true,"href":"https:\/\/moto-oprema.com\/de\/wp-json\/wp\/v2\/gender?post=110341"},{"taxonomy":"product_brand","embeddable":true,"href":"https:\/\/moto-oprema.com\/de\/wp-json\/wp\/v2\/product_brand?post=110341"},{"taxonomy":"product_cat","embeddable":true,"href":"https:\/\/moto-oprema.com\/de\/wp-json\/wp\/v2\/product_cat?post=110341"},{"taxonomy":"product_tag","embeddable":true,"href":"https:\/\/moto-oprema.com\/de\/wp-json\/wp\/v2\/product_tag?post=110341"}],"curies":[{"name":"wp","href":"https:\/\/api.w.org\/{rel}","templated":true}]}}