{"id":110331,"date":"2022-01-13T11:30:28","date_gmt":"2022-01-13T11:30:28","guid":{"rendered":"https:\/\/moto-oprema.com\/Artikel\/dainese-tempest-3-d-dry-hose-ebenholz-schwarz-rot\/"},"modified":"2022-01-13T11:30:28","modified_gmt":"2022-01-13T11:30:28","slug":"dainese-tempest-3-d-dry-hose-ebenholz-schwarz-rot","status":"publish","type":"product","link":"https:\/\/moto-oprema.com\/de\/Artikel\/dainese-tempest-3-d-dry-hose-ebenholz-schwarz-rot\/","title":{"rendered":"DAINESE TEMPEST 3 D-DRY HOSE EBENHOLZ SCHWARZ ROT"},"content":{"rendered":"<p>Die Tempest 3 D-Dry\u00ae Hose wurde entwickelt, um die Sicherheit und den Komfort des Tr\u00e4gers beim Reiten das ganze Jahr \u00fcber zu gew\u00e4hrleisten. Mit der wasserdichten D-Dry\u00ae-Membran ist jeder Tag zum Reiten perfekt, Regen und Wetter sind kein Problem mehr. Das herausnehmbare Thermofutter sorgt f\u00fcr Komfort an den k\u00e4ltesten Tagen und unter allen Bedingungen.die Pro-Armor Lion erf\u00fcllt die h\u00f6chsten Sicherheitsstandards von Dainese.   2, Typ B Kniesch\u00fctzer werden an den Knien befestigt. Dies ist die h\u00f6chste zertifizierte Schutzstufe f\u00fcr die Gliedma\u00dfen mit dem gr\u00f6\u00dftm\u00f6glichen Abdeckungsbereich. Die Dainese Pro-Armor Technologie, die von der Geometrie nat\u00fcrlicher Fraktale inspiriert ist, erm\u00f6glicht maximalen Schutz mit der Beweglichkeit eines weichen Protektors und idealer Bel\u00fcftung dank einer auf 40% der Fl\u00e4che perforierten Oberfl\u00e4che. Diese Hose wurde entwickelt, um die Dainese Tempest 3 D-Dry\u00ae und X-Tourer Jacken perfekt zu erg\u00e4nzen.   <\/p>\n<p>Merkmale:<\/p>\n<ul>\n<li>  Hergestellt aus D-Stone-Gewebe in Bereichen, in denen es h\u00e4ufig verwendet wird<\/li>\n<li>  wasserdichte und atmungsaktive D-Dry\u00ae-Membran (20.000 mm)<\/li>\n<li>  Herausnehmbares Thermofutter<\/li>\n<li>  Ganzj\u00e4hrige Nutzung<\/li>\n<li>  Bel\u00fcftungs\u00f6ffnungen an der Hose<\/li>\n<li>  Verschluss-System f\u00fcr Jacke und Hose<\/li>\n<li>  Einstellung des G\u00fcrtels<\/li>\n<li>  Rei\u00dfverschluss f\u00fcr Kalb<\/li>\n<li>  2 Au\u00dfentaschen<\/li>\n<li>  Reflektierende Eins\u00e4tze<\/li>\n<li>  Kompatibel mit dem Dainese Schultergurt-Kit<\/li>\n<li>  Motorradschutzhose nach prEN 17092 zugelassen<\/li>\n<li>  Pro-Armor Knie- und H\u00fcftpolster (EN 1621.1, Stufe 2, Typ B)<\/li>\n<\/ul>\n<p>100% Polyester<\/p>\n","protected":false},"excerpt":{"rendered":"<p>Die Tempest 3 D-Dry\u00ae Hose wurde entwickelt, um die Sicherheit und den Komfort des Tr\u00e4gers beim&#8230;<\/p>\n","protected":false},"featured_media":16186,"comment_status":"open","ping_status":"open","template":"","meta":{"_acf_changed":false},"brand":[2113],"gender":[],"product_brand":[],"product_cat":[1357,2189,2045,2048],"product_tag":[],"class_list":{"0":"post-110331","1":"product","2":"type-product","3":"status-publish","4":"has-post-thumbnail","6":"brand-dainese-de","7":"product_cat-ausrustung-fur-motorradfahrer","8":"product_cat-hose","9":"product_cat-jakne-de","10":"product_cat-textil-jacken","11":"pa_size-48-de","12":"pa_size-50-de","13":"pa_size-52-de","14":"pa_size-54-de","15":"pa_size-56-de","16":"pa_size-58-de","17":"pa_size-60-de","19":"first","20":"outofstock","21":"taxable","22":"shipping-taxable","23":"purchasable","24":"product-type-variable"},"acf":[],"_links":{"self":[{"href":"https:\/\/moto-oprema.com\/de\/wp-json\/wp\/v2\/product\/110331","targetHints":{"allow":["GET"]}}],"collection":[{"href":"https:\/\/moto-oprema.com\/de\/wp-json\/wp\/v2\/product"}],"about":[{"href":"https:\/\/moto-oprema.com\/de\/wp-json\/wp\/v2\/types\/product"}],"replies":[{"embeddable":true,"href":"https:\/\/moto-oprema.com\/de\/wp-json\/wp\/v2\/comments?post=110331"}],"wp:featuredmedia":[{"embeddable":true,"href":"https:\/\/moto-oprema.com\/de\/wp-json\/wp\/v2\/media\/16186"}],"wp:attachment":[{"href":"https:\/\/moto-oprema.com\/de\/wp-json\/wp\/v2\/media?parent=110331"}],"wp:term":[{"taxonomy":"brand","embeddable":true,"href":"https:\/\/moto-oprema.com\/de\/wp-json\/wp\/v2\/brand?post=110331"},{"taxonomy":"gender","embeddable":true,"href":"https:\/\/moto-oprema.com\/de\/wp-json\/wp\/v2\/gender?post=110331"},{"taxonomy":"product_brand","embeddable":true,"href":"https:\/\/moto-oprema.com\/de\/wp-json\/wp\/v2\/product_brand?post=110331"},{"taxonomy":"product_cat","embeddable":true,"href":"https:\/\/moto-oprema.com\/de\/wp-json\/wp\/v2\/product_cat?post=110331"},{"taxonomy":"product_tag","embeddable":true,"href":"https:\/\/moto-oprema.com\/de\/wp-json\/wp\/v2\/product_tag?post=110331"}],"curies":[{"name":"wp","href":"https:\/\/api.w.org\/{rel}","templated":true}]}}