{"id":110299,"date":"2022-01-18T11:12:46","date_gmt":"2022-01-18T11:12:46","guid":{"rendered":"https:\/\/moto-oprema.com\/Artikel\/dainese-carbon-4-lange-frauen-handschuhe-b-w-w\/"},"modified":"2022-01-18T11:12:46","modified_gmt":"2022-01-18T11:12:46","slug":"dainese-carbon-4-lange-frauen-handschuhe-b-w-w","status":"publish","type":"product","link":"https:\/\/moto-oprema.com\/de\/Artikel\/dainese-carbon-4-lange-frauen-handschuhe-b-w-w\/","title":{"rendered":"DAINESE CARBON 4 LANGE FRAUEN HANDSCHUHE B\/W\/W"},"content":{"rendered":"<p>Lange Damen-Sportmotorradhandschuhe aus Leder mit DCP-System an der Stulpe und Kn\u00f6chelpolstern aus Carbon.<\/p>\n<p>BESCHREIBUNG<\/p>\n<p>Die Dainese Carbon 4 Long Motorradhandschuhe sind zertifizierte Handschuhe, die dank der Verwendung von technischen Materialien, die vom Leistungssport inspiriert sind, wie der Ziegenlederkonstruktion und den ergonomischen Kn\u00f6chelpolstern aus Carbon, ein H\u00f6chstma\u00df an Schutz bieten. Sie entsprechen den h\u00f6chsten Sicherheitsstandards von Dainese und sind mit einem DCP-System zum Schutz des Schrittes, einem verst\u00e4rkten \u00c4rmel und Fingern\u00e4hten auf der Innenseite f\u00fcr maximalen Widerstand und Komfort ausgestattet. <\/p>\n<p>TEMPERATUR<\/p>\n<ul>\n<li>  Perforation an der Innenseite des Fingers<\/li>\n<\/ul>\n<p>ERGONOMIE<\/p>\n<ul>\n<li>  Verstellbarer Manschettenriemen<\/li>\n<li>  Vorgekr\u00fcmmte Zehen<\/li>\n<li>  Spanngurt<\/li>\n<li>  Elastische Eins\u00e4tze<\/li>\n<\/ul>\n<p>HAUPTMATERIALIEN<\/p>\n<ul>\n<li>  Superweiche Handfl\u00e4che aus gef\u00e4rbtem Ziegenleder<\/li>\n<li>  Mikro-Schafsfell<\/li>\n<li>  Ziegenlederverst\u00e4rkung zwischen Daumen, Zeigefinger und Handfl\u00e4che<\/li>\n<\/ul>\n<p>SCHUTZ<\/p>\n<ul>\n<li>  Eins\u00e4tze aus Kohlefaserverbundstoff an den Kn\u00f6cheln<\/li>\n<li>  DCP-System im Zwischengeschoss<\/li>\n<li>  Hergestellt aus einer Lederplatte an der Seite des Arms<\/li>\n<li>  Polyurethan-Einsatz an Finger- und Handgelenken<\/li>\n<li>  CE-zertifizierte Handschuhe &#8211; Kat. II &#8211; EN 13594\/2015 Standard Kat. II lev.  <\/li>\n<\/ul>\n","protected":false},"excerpt":{"rendered":"<p>Die Dainese Carbon 4 Handschuhe sind die ideale Kombination aus Schutz mit Rennstreckenkomfort und der Ergonomie&#8230;<\/p>\n","protected":false},"featured_media":16348,"comment_status":"open","ping_status":"open","template":"","meta":{"_acf_changed":false},"brand":[2113],"gender":[],"product_brand":[],"product_cat":[1357,2086,2188],"product_tag":[],"class_list":{"0":"post-110299","1":"product","2":"type-product","3":"status-publish","4":"has-post-thumbnail","6":"brand-dainese-de","7":"product_cat-ausrustung-fur-motorradfahrer","8":"product_cat-handschuhe","9":"product_cat-lederhandschuhe","10":"pa_size-m-de","11":"pa_size-s-de","12":"pa_size-xl-de","13":"pa_size-xs-de","15":"first","16":"onbackorder","17":"taxable","18":"shipping-taxable","19":"purchasable","20":"product-type-variable"},"acf":[],"_links":{"self":[{"href":"https:\/\/moto-oprema.com\/de\/wp-json\/wp\/v2\/product\/110299","targetHints":{"allow":["GET"]}}],"collection":[{"href":"https:\/\/moto-oprema.com\/de\/wp-json\/wp\/v2\/product"}],"about":[{"href":"https:\/\/moto-oprema.com\/de\/wp-json\/wp\/v2\/types\/product"}],"replies":[{"embeddable":true,"href":"https:\/\/moto-oprema.com\/de\/wp-json\/wp\/v2\/comments?post=110299"}],"wp:featuredmedia":[{"embeddable":true,"href":"https:\/\/moto-oprema.com\/de\/wp-json\/wp\/v2\/media\/16348"}],"wp:attachment":[{"href":"https:\/\/moto-oprema.com\/de\/wp-json\/wp\/v2\/media?parent=110299"}],"wp:term":[{"taxonomy":"brand","embeddable":true,"href":"https:\/\/moto-oprema.com\/de\/wp-json\/wp\/v2\/brand?post=110299"},{"taxonomy":"gender","embeddable":true,"href":"https:\/\/moto-oprema.com\/de\/wp-json\/wp\/v2\/gender?post=110299"},{"taxonomy":"product_brand","embeddable":true,"href":"https:\/\/moto-oprema.com\/de\/wp-json\/wp\/v2\/product_brand?post=110299"},{"taxonomy":"product_cat","embeddable":true,"href":"https:\/\/moto-oprema.com\/de\/wp-json\/wp\/v2\/product_cat?post=110299"},{"taxonomy":"product_tag","embeddable":true,"href":"https:\/\/moto-oprema.com\/de\/wp-json\/wp\/v2\/product_tag?post=110299"}],"curies":[{"name":"wp","href":"https:\/\/api.w.org\/{rel}","templated":true}]}}