{"id":110265,"date":"2022-01-19T12:03:09","date_gmt":"2022-01-19T12:03:09","guid":{"rendered":"https:\/\/moto-oprema.com\/Artikel\/leatt-mtb-jacke-all-montain-5-0-schwarz\/"},"modified":"2022-01-19T12:03:09","modified_gmt":"2022-01-19T12:03:09","slug":"leatt-mtb-jacke-all-montain-5-0-schwarz","status":"publish","type":"product","link":"https:\/\/moto-oprema.com\/de\/Artikel\/leatt-mtb-jacke-all-montain-5-0-schwarz\/","title":{"rendered":"LEATT MTB JACKE ALL MONTAIN 5.0 SCHWARZ"},"content":{"rendered":"<p>Hergestellt aus der dreilagigen HydraDri-Membran von Leatt, einem wasserdichten (30.000 mm) und atmungsaktiven (23.000 mm) Material mit regulierbarer Bel\u00fcftung. Zur Ausstattung geh\u00f6rt ein neues Kapuzendesign. Die Ride Adaptive Hood (RAhD) mit hohem Kragen kann auf vier verschiedene Arten getragen werden und bietet vollst\u00e4ndigen Schutz bei allen Wetterbedingungen. Mit dem zum Patent angemeldeten magnetischen Kapuzensystem k\u00f6nnen Sie die Kapuze am Helm oder am R\u00fccken befestigen. Mit dem einzigartigen Leatt ClimbVent kann die Jacke vollst\u00e4ndig ge\u00f6ffnet werden, um eine maximale Bel\u00fcftung zu erm\u00f6glichen. Zwei gro\u00dfe Fronttaschen und eine kleine Tasche am linken \u00c4rmel bieten gen\u00fcgend Platz, um alle wichtigen Dinge, z.B. Ihr Ticket, sicher zu verstauen. Dank des speziellen Schnitts und des 4-Wege-Stretch-Materials ist darunter auch Platz f\u00fcr ein sch\u00fctzendes T-Shirt. Rutschfeste Aufn\u00e4her an den Schultern sorgen daf\u00fcr, dass der Rucksack an Ort und Stelle bleibt, wenn der Regen einsetzt, w\u00e4hrend Pinselsch\u00fctzer an den Unterarmen die Jacke vor \u00c4sten sch\u00fctzen.        <\/p>\n<p>100% Polyester<\/p>\n","protected":false},"excerpt":{"rendered":"<p>Hergestellt aus der dreilagigen HydraDri-Membran von Leatt, einem wasserdichten (30.000 mm) und atmungsaktiven (23.000 mm) Material&#8230;<\/p>\n","protected":false},"featured_media":16435,"comment_status":"open","ping_status":"open","template":"","meta":{"_acf_changed":false},"brand":[2121],"gender":[],"product_brand":[],"product_cat":[2075,2671],"product_tag":[],"class_list":{"0":"post-110265","1":"product","2":"type-product","3":"status-publish","4":"has-post-thumbnail","6":"brand-leatt-de","7":"product_cat-mtb-radfahren-ausrustung","8":"product_cat-mtb-jakne-de","9":"pa_size-l-de","10":"pa_size-m-de","11":"pa_size-s-de","12":"pa_size-xl-de","13":"pa_size-xxl-de","14":"pa_size-xxxl-de","16":"first","17":"outofstock","18":"taxable","19":"shipping-taxable","20":"purchasable","21":"product-type-variable"},"acf":[],"_links":{"self":[{"href":"https:\/\/moto-oprema.com\/de\/wp-json\/wp\/v2\/product\/110265","targetHints":{"allow":["GET"]}}],"collection":[{"href":"https:\/\/moto-oprema.com\/de\/wp-json\/wp\/v2\/product"}],"about":[{"href":"https:\/\/moto-oprema.com\/de\/wp-json\/wp\/v2\/types\/product"}],"replies":[{"embeddable":true,"href":"https:\/\/moto-oprema.com\/de\/wp-json\/wp\/v2\/comments?post=110265"}],"wp:featuredmedia":[{"embeddable":true,"href":"https:\/\/moto-oprema.com\/de\/wp-json\/wp\/v2\/media\/16435"}],"wp:attachment":[{"href":"https:\/\/moto-oprema.com\/de\/wp-json\/wp\/v2\/media?parent=110265"}],"wp:term":[{"taxonomy":"brand","embeddable":true,"href":"https:\/\/moto-oprema.com\/de\/wp-json\/wp\/v2\/brand?post=110265"},{"taxonomy":"gender","embeddable":true,"href":"https:\/\/moto-oprema.com\/de\/wp-json\/wp\/v2\/gender?post=110265"},{"taxonomy":"product_brand","embeddable":true,"href":"https:\/\/moto-oprema.com\/de\/wp-json\/wp\/v2\/product_brand?post=110265"},{"taxonomy":"product_cat","embeddable":true,"href":"https:\/\/moto-oprema.com\/de\/wp-json\/wp\/v2\/product_cat?post=110265"},{"taxonomy":"product_tag","embeddable":true,"href":"https:\/\/moto-oprema.com\/de\/wp-json\/wp\/v2\/product_tag?post=110265"}],"curies":[{"name":"wp","href":"https:\/\/api.w.org\/{rel}","templated":true}]}}