{"id":110177,"date":"2022-01-31T10:52:04","date_gmt":"2022-01-31T10:52:04","guid":{"rendered":"https:\/\/moto-oprema.com\/Artikel\/alpinestars-sp-8-v3-stella-handschuhe-schwarz-weiss\/"},"modified":"2022-01-31T10:52:04","modified_gmt":"2022-01-31T10:52:04","slug":"alpinestars-sp-8-v3-stella-handschuhe-schwarz-weiss","status":"publish","type":"product","link":"https:\/\/moto-oprema.com\/de\/Artikel\/alpinestars-sp-8-v3-stella-handschuhe-schwarz-weiss\/","title":{"rendered":"ALPINESTARS SP-8 V3 STELLA HANDSCHUHE SCHWARZ WEISS"},"content":{"rendered":"<p>Die Alpinestars SP-8 V3 Handschuhe sind aus Leder gefertigt, das sehr widerstandsf\u00e4hig gegen Abrieb ist. Die Fingerkn\u00f6chel sind durch einen Polymerprotektor gesch\u00fctzt. Neben dem hohen Schutzniveau bieten die SP-8 V3 Handschuhe auch Bewegungsfreiheit und Sto\u00dffestigkeit. Die Finger sind vorgeformt und mit einem Klettverschluss versehen. Auf der Handfl\u00e4che und dem Daumen finden Sie einen neuen anatomisch geformten Einsatz f\u00fcr besseren Grip.    <\/p>\n<p>Merkmale:<\/p>\n<p><strong>Merkmale:<\/strong><\/p>\n<ul>\n<li>Die Konstruktion aus hochwertigem, vollnarbigem Ziegenleder und Kunstleder ist bequem, langlebig und bietet eine hervorragende Abriebfestigkeit.<\/li>\n<li>Hervorragende Leistung bei wiederholten St\u00f6\u00dfen bietet der fortschrittliche, aus dem MotoGP abgeleitete SP Kn\u00f6chelprotektor mit doppelter Dichte (Level 1, EN 13594 2015).<\/li>\n<li>Verl\u00e4ngerte Manschette f\u00fcr gr\u00f6\u00dfere Abdeckung mit integriertem Verschluss f\u00fcr Sicherheit und Benutzerfreundlichkeit.<\/li>\n<li>Ein innovativer Grip-Einsatz aus Mikrofaser und PU ist strategisch auf der Handfl\u00e4che und dem Daumen positioniert und sorgt f\u00fcr ein hohes Ma\u00df an Griffkontrolle und Haltbarkeit.<\/li>\n<li>Der exklusive ergonomische Stretch-Einsatz von Alpinestars zwischen Handfl\u00e4che und Daumen bietet eine verbesserte Bewegungsfreiheit der Hand und eine h\u00f6here Sensibilit\u00e4t beim Bedienen der Motorradsteuerung.<\/li>\n<li>Die Handfl\u00e4che aus hochwertigem synthetischem Wildleder und die Verst\u00e4rkung der Landung sorgen f\u00fcr Grip, Kontrolle und Haltbarkeit.<\/li>\n<li>Arshield-Verst\u00e4rkung am Handfl\u00e4chenschieber f\u00fcr hervorragende Abriebfestigkeit.<\/li>\n<li>Die patentierte dritte und vierte Fingerbr\u00fccke von Alpinestars verhindert das Versagen der N\u00e4hte und die Abtrennung der Finger im Falle eines Rutschens.<\/li>\n<li>Perforierte Manschette und perforierte Finger-Seitenw\u00e4nde f\u00fcr hervorragende Atmungsaktivit\u00e4t.<\/li>\n<li>Klettverschluss an der Manschette und am Handgelenk sowie ein Gummizug am Handgelenk f\u00fcr einen sicheren, individuellen Sitz.<\/li>\n<li>Vorgeformtes, anatomisches Fingerdesign und halb innere\/halb \u00e4u\u00dfere Au\u00dfenn\u00e4hte f\u00fcr Komfort und au\u00dfergew\u00f6hnliches Gef\u00fchl.<\/li>\n<li>Touchscreen-kompatible Fingerspitze an Zeigefinger und Daumen f\u00fcr die Verwendung mit Touchscreen-Ger\u00e4ten.<\/li>\n<li>Neue Konstruktion f\u00fcr reduzierte N\u00e4hte und verbesserten Fahrerkomfort.<\/li>\n<\/ul>\n<p>Zusammensetzung des Rohmaterials: Leder, Polymer, Mikrofaser<\/p>\n","protected":false},"excerpt":{"rendered":"<p>Die Alpinestars SP-8 V3 Damenhandschuhe sind aus hoch abriebfestem Leder gefertigt.<\/p>\n","protected":false},"featured_media":16645,"comment_status":"open","ping_status":"open","template":"","meta":{"_acf_changed":false},"brand":[2111],"gender":[],"product_brand":[],"product_cat":[1357,2086,2188],"product_tag":[],"class_list":{"0":"post-110177","1":"product","2":"type-product","3":"status-publish","4":"has-post-thumbnail","6":"brand-alpinestars-de","7":"product_cat-ausrustung-fur-motorradfahrer","8":"product_cat-handschuhe","9":"product_cat-lederhandschuhe","10":"pa_velikost-rokovice-l-de","11":"pa_velikost-rokovice-m-de","12":"pa_velikost-rokovice-s-de","13":"pa_velikost-rokovice-xl-de","15":"first","16":"outofstock","17":"sale","18":"taxable","19":"shipping-taxable","20":"purchasable","21":"product-type-variable"},"acf":[],"_links":{"self":[{"href":"https:\/\/moto-oprema.com\/de\/wp-json\/wp\/v2\/product\/110177","targetHints":{"allow":["GET"]}}],"collection":[{"href":"https:\/\/moto-oprema.com\/de\/wp-json\/wp\/v2\/product"}],"about":[{"href":"https:\/\/moto-oprema.com\/de\/wp-json\/wp\/v2\/types\/product"}],"replies":[{"embeddable":true,"href":"https:\/\/moto-oprema.com\/de\/wp-json\/wp\/v2\/comments?post=110177"}],"wp:featuredmedia":[{"embeddable":true,"href":"https:\/\/moto-oprema.com\/de\/wp-json\/wp\/v2\/media\/16645"}],"wp:attachment":[{"href":"https:\/\/moto-oprema.com\/de\/wp-json\/wp\/v2\/media?parent=110177"}],"wp:term":[{"taxonomy":"brand","embeddable":true,"href":"https:\/\/moto-oprema.com\/de\/wp-json\/wp\/v2\/brand?post=110177"},{"taxonomy":"gender","embeddable":true,"href":"https:\/\/moto-oprema.com\/de\/wp-json\/wp\/v2\/gender?post=110177"},{"taxonomy":"product_brand","embeddable":true,"href":"https:\/\/moto-oprema.com\/de\/wp-json\/wp\/v2\/product_brand?post=110177"},{"taxonomy":"product_cat","embeddable":true,"href":"https:\/\/moto-oprema.com\/de\/wp-json\/wp\/v2\/product_cat?post=110177"},{"taxonomy":"product_tag","embeddable":true,"href":"https:\/\/moto-oprema.com\/de\/wp-json\/wp\/v2\/product_tag?post=110177"}],"curies":[{"name":"wp","href":"https:\/\/api.w.org\/{rel}","templated":true}]}}