{"id":110169,"date":"2022-02-22T09:59:40","date_gmt":"2022-02-22T09:59:40","guid":{"rendered":"https:\/\/moto-oprema.com\/Artikel\/spidi-crossmaster-h2out-jacke-grau-fluo-gelb\/"},"modified":"2022-02-22T09:59:40","modified_gmt":"2022-02-22T09:59:40","slug":"spidi-crossmaster-h2out-jacke-grau-fluo-gelb","status":"publish","type":"product","link":"https:\/\/moto-oprema.com\/de\/Artikel\/spidi-crossmaster-h2out-jacke-grau-fluo-gelb\/","title":{"rendered":"SPIDI CROSSMASTER H2OUT JACKE GRAU FLUO GELB"},"content":{"rendered":"<p>Die SPIDI Crossmaster ist eine mehrschichtige Abenteuerjacke f\u00fcr gem\u00e4\u00dfigte Klimazonen mit Step-In Wear Technologie. Das Obermaterial besteht aus hochfestem 600er Polyester, das eine hervorragende Abrieb- und Durchstichfestigkeit bietet. 2 Mesh-Eins\u00e4tze und 2 Bel\u00fcftungs\u00f6ffnungen sorgen f\u00fcr eine hervorragende Luftzirkulation; sie wurden strategisch platziert, um den Fahrer an den w\u00e4rmsten Tagen so effizient wie m\u00f6glich zu k\u00fchlen. Zur Standard Step-In Wear geh\u00f6ren 2 separate Innenjacken: eine Regenjacke aus atmungsaktivem und wasserdichtem 5k\/5k H2Out\u00ae-Gewebe und ein 100gr\/m\u00b2 Thermo-Innenfutter. Die Regenjacke kann allein verwendet werden, mit oder ohne das Futter. Sie ist mit 360\u00b0 3M\u00ae Scotchlite\u00ae Reflektoren f\u00fcr hervorragende Nachtsichtbarkeit und einem Rei\u00dfverschluss zwischen Jacke und Hose f\u00fcr zus\u00e4tzliche Sicherheit ausgestattet. Um sicherzustellen, dass die Jacke perfekt sitzt, hat SPIDI ein integriertes Ergofit System zur Anpassung, mit einer verstellbaren 2-Knopf-Schnalle am Kragen mit einem 3. 6 Au\u00dfentaschen, davon 2 wasserdichte; 2 Innentaschen (1 auf der Brust f\u00fcr Regen, 1 in der Au\u00dfenh\u00fclle). Inklusive herausnehmbarer Level 1-Protektoren: Warrior lite an den Schultern, Forcetech an den Ellbogen; Die Jacke ist nach EN 17092-3:2020 Klasse AA zertifiziert.         <\/p>\n<p>100% Polyester<\/p>\n","protected":false},"excerpt":{"rendered":"<p>Die SPIDI Crossmaster ist eine mehrschichtige Abenteuerjacke f\u00fcr gem\u00e4\u00dfigte Klimazonen mit Step-In Wear Technologie. Das Obermaterial&#8230;<\/p>\n","protected":false},"featured_media":16840,"comment_status":"open","ping_status":"open","template":"","meta":{"_acf_changed":false},"brand":[2124],"gender":[],"product_brand":[],"product_cat":[1357,2045,2048],"product_tag":[],"class_list":{"0":"post-110169","1":"product","2":"type-product","3":"status-publish","4":"has-post-thumbnail","6":"brand-spidi-de","7":"product_cat-ausrustung-fur-motorradfahrer","8":"product_cat-jakne-de","9":"product_cat-textil-jacken","10":"pa_size-l-de","11":"pa_size-m-de","12":"pa_size-xl-de","13":"pa_size-xxl-de","14":"pa_size-xxxl-de","15":"pa_size-xxxxl-de","17":"first","18":"onbackorder","19":"taxable","20":"shipping-taxable","21":"purchasable","22":"product-type-variable"},"acf":[],"_links":{"self":[{"href":"https:\/\/moto-oprema.com\/de\/wp-json\/wp\/v2\/product\/110169","targetHints":{"allow":["GET"]}}],"collection":[{"href":"https:\/\/moto-oprema.com\/de\/wp-json\/wp\/v2\/product"}],"about":[{"href":"https:\/\/moto-oprema.com\/de\/wp-json\/wp\/v2\/types\/product"}],"replies":[{"embeddable":true,"href":"https:\/\/moto-oprema.com\/de\/wp-json\/wp\/v2\/comments?post=110169"}],"wp:featuredmedia":[{"embeddable":true,"href":"https:\/\/moto-oprema.com\/de\/wp-json\/wp\/v2\/media\/16840"}],"wp:attachment":[{"href":"https:\/\/moto-oprema.com\/de\/wp-json\/wp\/v2\/media?parent=110169"}],"wp:term":[{"taxonomy":"brand","embeddable":true,"href":"https:\/\/moto-oprema.com\/de\/wp-json\/wp\/v2\/brand?post=110169"},{"taxonomy":"gender","embeddable":true,"href":"https:\/\/moto-oprema.com\/de\/wp-json\/wp\/v2\/gender?post=110169"},{"taxonomy":"product_brand","embeddable":true,"href":"https:\/\/moto-oprema.com\/de\/wp-json\/wp\/v2\/product_brand?post=110169"},{"taxonomy":"product_cat","embeddable":true,"href":"https:\/\/moto-oprema.com\/de\/wp-json\/wp\/v2\/product_cat?post=110169"},{"taxonomy":"product_tag","embeddable":true,"href":"https:\/\/moto-oprema.com\/de\/wp-json\/wp\/v2\/product_tag?post=110169"}],"curies":[{"name":"wp","href":"https:\/\/api.w.org\/{rel}","templated":true}]}}