{"id":110166,"date":"2022-02-21T10:32:00","date_gmt":"2022-02-21T10:32:00","guid":{"rendered":"https:\/\/moto-oprema.com\/Artikel\/dainese-d-mach-rucksack-schwarz\/"},"modified":"2022-02-21T10:32:00","modified_gmt":"2022-02-21T10:32:00","slug":"dainese-d-mach-rucksack-schwarz","status":"publish","type":"product","link":"https:\/\/moto-oprema.com\/de\/Artikel\/dainese-d-mach-rucksack-schwarz\/","title":{"rendered":"DAINESE D-MACH RUCKSACK SCHWARZ"},"content":{"rendered":"<p>Der D-mach Rucksack ist f\u00fcr sportliche Fahrer gedacht, die einen aerodynamischen und aggressiven Rucksack suchen. Er verf\u00fcgt \u00fcber viele verschiedene F\u00e4cher. <\/p>\n<ul>\n<li>Das stromlinienf\u00f6rmige, einteilig geformte \u00c4u\u00dfere ist nahezu wasserdicht und verformt sich nicht bei Windscherung<\/li>\n<li>Schulterdichtung passt sich dem K\u00f6rper an und verbessert die Aerodynamik<\/li>\n<li>Gepolstertes R\u00fcckenschaumprofil f\u00fcr bessere Bel\u00fcftung<\/li>\n<li>Weiche Schultergurte erh\u00f6hen den Komfort w\u00e4hrend der Fahrt und zerkratzen nicht das \u00c4u\u00dfere des Helms<\/li>\n<li>360-Grad-reflektierende Sicherheitspaspel und Logo<\/li>\n<li>Abnehmbarer, dezentraler H\u00fcftgurt verhindert Kratzer im Benzintank<\/li>\n<li>Mit Fleece gef\u00fctterte Rei\u00dfverschlusstasche f\u00fcr pers\u00f6nliche Elektronik<\/li>\n<li>Gro\u00dfes Hauptfach mit mehreren Innenf\u00e4chern<\/li>\n<li>Vollst\u00e4ndig ausgestattetes Organizerfach mit Rei\u00dfverschluss<\/li>\n<\/ul>\n","protected":false},"excerpt":{"rendered":"<p>Der D-mach Rucksack ist f\u00fcr sportliche Fahrer gedacht, die einen aerodynamischen und aggressiven Rucksack suchen. Er&#8230;<\/p>\n","protected":false},"featured_media":194170,"comment_status":"open","ping_status":"closed","template":"","meta":{"_acf_changed":false},"brand":[2113],"gender":[],"product_brand":[],"product_cat":[1357,2093,2024],"product_tag":[],"class_list":{"0":"post-110166","1":"product","2":"type-product","3":"status-publish","4":"has-post-thumbnail","6":"brand-dainese-de","7":"product_cat-ausrustung-fur-motorradfahrer","8":"product_cat-rucksacke-und-beinbeutel","9":"product_cat-zubehor","11":"first","12":"instock","13":"sale","14":"taxable","15":"shipping-taxable","16":"purchasable","17":"product-type-simple"},"acf":[],"_links":{"self":[{"href":"https:\/\/moto-oprema.com\/de\/wp-json\/wp\/v2\/product\/110166","targetHints":{"allow":["GET"]}}],"collection":[{"href":"https:\/\/moto-oprema.com\/de\/wp-json\/wp\/v2\/product"}],"about":[{"href":"https:\/\/moto-oprema.com\/de\/wp-json\/wp\/v2\/types\/product"}],"replies":[{"embeddable":true,"href":"https:\/\/moto-oprema.com\/de\/wp-json\/wp\/v2\/comments?post=110166"}],"wp:featuredmedia":[{"embeddable":true,"href":"https:\/\/moto-oprema.com\/de\/wp-json\/wp\/v2\/media\/194170"}],"wp:attachment":[{"href":"https:\/\/moto-oprema.com\/de\/wp-json\/wp\/v2\/media?parent=110166"}],"wp:term":[{"taxonomy":"brand","embeddable":true,"href":"https:\/\/moto-oprema.com\/de\/wp-json\/wp\/v2\/brand?post=110166"},{"taxonomy":"gender","embeddable":true,"href":"https:\/\/moto-oprema.com\/de\/wp-json\/wp\/v2\/gender?post=110166"},{"taxonomy":"product_brand","embeddable":true,"href":"https:\/\/moto-oprema.com\/de\/wp-json\/wp\/v2\/product_brand?post=110166"},{"taxonomy":"product_cat","embeddable":true,"href":"https:\/\/moto-oprema.com\/de\/wp-json\/wp\/v2\/product_cat?post=110166"},{"taxonomy":"product_tag","embeddable":true,"href":"https:\/\/moto-oprema.com\/de\/wp-json\/wp\/v2\/product_tag?post=110166"}],"curies":[{"name":"wp","href":"https:\/\/api.w.org\/{rel}","templated":true}]}}