{"id":110121,"date":"2022-02-22T10:19:01","date_gmt":"2022-02-22T10:19:01","guid":{"rendered":"https:\/\/moto-oprema.com\/Artikel\/spidi-crossmaster-h2out-shorts-schwarz\/"},"modified":"2022-02-22T10:19:01","modified_gmt":"2022-02-22T10:19:01","slug":"spidi-crossmaster-h2out-shorts-schwarz","status":"publish","type":"product","link":"https:\/\/moto-oprema.com\/de\/Artikel\/spidi-crossmaster-h2out-shorts-schwarz\/","title":{"rendered":"SPIDI CROSSMASTER H2OUT SHORTS SCHWARZ"},"content":{"rendered":"<p>Die Crossmaster H2out Hose ist die perfekte Erg\u00e4nzung zu allen SPIDI Abenteuerjacken; ideal f\u00fcr Motorradfahrer, die das ganze Jahr \u00fcber unterwegs sind. Das Au\u00dfenmaterial besteht aus hochfestem Polyester, das mit PU beschichtet ist, um eine gute Schnitt- und Abriebfestigkeit zu gew\u00e4hrleisten: <\/p>\n<p>Die Crossmaster-Hose ist CE-zertifiziert nach En 17092-4:2020, Klasse AA. Sie ist mit herausnehmbaren Multitech-Knie- und H\u00fcftpolstern erh\u00e4ltlich, die nach EN 1621-1:2012 zertifiziert sind. Die Kniesch\u00fctzer sind ebenfalls verstellbar (10 Zentimeter), um die richtige Position f\u00fcr die Anatomie und den Fahrstil jedes Fahrers zu finden. Die Shorts sind au\u00dferdem mit dem Step-In Wear System ausgestattet, einer wasserdichten H2Out\u00ae 5K\/5K-Membran, die bei Regen oder k\u00fchleren Bedingungen in den Shorts getragen werden kann. Es gibt 2 gro\u00dfe Bel\u00fcftungsbereiche, die strategisch dort platziert sind, wo die Bel\u00fcftung und Ventilation in der Fahrposition am h\u00f6chsten ist. 3M\u00ae Scotchlite\u00ae Reflektoren sorgen f\u00fcr hervorragende Nachtsichtbarkeit und ein Rei\u00dfverschluss zwischen Jacke und Hose f\u00fcr zus\u00e4tzliche Sicherheit. YKK\u00ae-Rei\u00dfverschl\u00fcsse an der Unterseite der Beine erm\u00f6glichen es, die Jacke \u00fcber oder unter Reisestiefeln zu tragen.      <\/p>\n<p>100% Polyester<\/p>\n","protected":false},"excerpt":{"rendered":"<p>Die Crossmaster H2out Hose ist die perfekte Erg\u00e4nzung zu allen SPIDI Abenteuerjacken; ideal f\u00fcr Motorradfahrer, die&#8230;<\/p>\n","protected":false},"featured_media":16856,"comment_status":"open","ping_status":"open","template":"","meta":{"_acf_changed":false},"brand":[2124],"gender":[],"product_brand":[],"product_cat":[1357,2189,2211],"product_tag":[],"class_list":{"0":"post-110121","1":"product","2":"type-product","3":"status-publish","4":"has-post-thumbnail","6":"brand-spidi-de","7":"product_cat-ausrustung-fur-motorradfahrer","8":"product_cat-hose","9":"product_cat-textil-hose","10":"pa_size-l-de","11":"pa_size-m-de","12":"pa_size-xl-de","13":"pa_size-xxl-de","14":"pa_size-xxxl-de","15":"pa_size-xxxxl-de","17":"first","18":"onbackorder","19":"sale","20":"taxable","21":"shipping-taxable","22":"purchasable","23":"product-type-variable"},"acf":[],"_links":{"self":[{"href":"https:\/\/moto-oprema.com\/de\/wp-json\/wp\/v2\/product\/110121","targetHints":{"allow":["GET"]}}],"collection":[{"href":"https:\/\/moto-oprema.com\/de\/wp-json\/wp\/v2\/product"}],"about":[{"href":"https:\/\/moto-oprema.com\/de\/wp-json\/wp\/v2\/types\/product"}],"replies":[{"embeddable":true,"href":"https:\/\/moto-oprema.com\/de\/wp-json\/wp\/v2\/comments?post=110121"}],"wp:featuredmedia":[{"embeddable":true,"href":"https:\/\/moto-oprema.com\/de\/wp-json\/wp\/v2\/media\/16856"}],"wp:attachment":[{"href":"https:\/\/moto-oprema.com\/de\/wp-json\/wp\/v2\/media?parent=110121"}],"wp:term":[{"taxonomy":"brand","embeddable":true,"href":"https:\/\/moto-oprema.com\/de\/wp-json\/wp\/v2\/brand?post=110121"},{"taxonomy":"gender","embeddable":true,"href":"https:\/\/moto-oprema.com\/de\/wp-json\/wp\/v2\/gender?post=110121"},{"taxonomy":"product_brand","embeddable":true,"href":"https:\/\/moto-oprema.com\/de\/wp-json\/wp\/v2\/product_brand?post=110121"},{"taxonomy":"product_cat","embeddable":true,"href":"https:\/\/moto-oprema.com\/de\/wp-json\/wp\/v2\/product_cat?post=110121"},{"taxonomy":"product_tag","embeddable":true,"href":"https:\/\/moto-oprema.com\/de\/wp-json\/wp\/v2\/product_tag?post=110121"}],"curies":[{"name":"wp","href":"https:\/\/api.w.org\/{rel}","templated":true}]}}