{"id":110111,"date":"2022-03-31T12:57:40","date_gmt":"2022-03-31T12:57:40","guid":{"rendered":"https:\/\/moto-oprema.com\/Artikel\/dainese-stiefel-axial-d1-air-schwarz-fluo-rot\/"},"modified":"2022-03-31T12:57:40","modified_gmt":"2022-03-31T12:57:40","slug":"dainese-stiefel-axial-d1-air-schwarz-fluo-rot","status":"publish","type":"product","link":"https:\/\/moto-oprema.com\/de\/Artikel\/dainese-stiefel-axial-d1-air-schwarz-fluo-rot\/","title":{"rendered":"DAINESE Stiefel AXIAL D1 AIR SCHWARZ\/FLUO ROT"},"content":{"rendered":"<div class=\"rte\">\n<div class=\"rte\">\n<div class=\"rte\">\n<p>Der Dainese Axail D1 Luftstiefel bietet dem Fahrer das h\u00f6chstm\u00f6gliche Ma\u00df an Schutz, Komfort und Funktionalit\u00e4t w\u00e4hrend der Fahrt. Er wurde entwickelt, um das Risiko von Kn\u00f6chelverstauchungen zu reduzieren und im Falle eines Aufpralls maximale Sicherheit zu bieten. Schieber aus rostfreiem Stahl. Der Zehenbereich und die Sohle des Stiefels sind mit Nylon verst\u00e4rkt und bieten dem Reiter ein zus\u00e4tzliches Element der Sicherheit.   <\/p>\n<p>Zusammensetzung des Rohmaterials: Kunstleder, Mikrofasern<\/p>\n<\/p>\n<p><strong><span style=\"font-size:12px;\">Allgemeine Merkmale:<\/span><\/strong><\/p>\n<ul>\n<li>Schaltkn\u00fcppelschutz<\/li>\n<li>Gummisohle mit differenziertem Design<\/li>\n<li>Gewindestiftschl\u00fcssel mitgeliefert<\/li>\n<\/ul>\n<p><strong>Ergonomie:<\/strong><\/p>\n<ul>\n<li>mit Rei\u00dfverschluss auf der R\u00fcckseite zu schlie\u00dfen<\/li>\n<li>elastische Eins\u00e4tze<\/li>\n<li>Schnellschn\u00fcrsystem<\/li>\n<li>Anzug zum Schuhbefestigungssystem<\/li>\n<\/ul>\n<p><strong>Wichtigste Materialien:<\/strong><\/p>\n<ul>\n<li>D-Stone\u2122 Stoff<\/li>\n<li>Eins\u00e4tze aus gespaltenem Rindsleder<\/li>\n<li>Obermaterial aus Mikrofaser<\/li>\n<\/ul>\n<p><strong>Leistungsschock:<\/strong><\/p>\n<ul>\n<li>zugelassen nach Kat. II &#8211; Norm EN 13634 <\/li>\n<li>D-Axiales System in Kohlenstoff- und Aramidfasern<\/li>\n<li>Metalleinlagen<\/li>\n<li>Nylon Ferse<\/li>\n<li>Verst\u00e4rkte Nylon-Spitze<\/li>\n<li>austauschbarer Magnesiumschieber (1999885 Kit Stiefelschieber Edelstahl; 1996252 Kit Stiefelschieber Kunststoff 08; 1999954 Kit Stiefelschieber Kunststoff 16)<\/li>\n<li>TPU-Inneneinsatz hinten<\/li>\n<\/ul>\n<p><strong>Temperaturregelung:<\/strong><\/p>\n<ul>\n<li>Double Jersey Airgap Liner<\/li>\n<\/ul>\n<\/div>\n<\/div>\n<\/div>\n","protected":false},"excerpt":{"rendered":"<p>Der Axial D1 Air ist eine bel\u00fcftete Version des hochmodernen Rennschuhs von Dainese, der auch von&#8230;<\/p>\n","protected":false},"featured_media":17311,"comment_status":"open","ping_status":"open","template":"","meta":{"_acf_changed":false},"brand":[2113],"gender":[],"product_brand":[],"product_cat":[1357,2043,2051],"product_tag":[],"class_list":{"0":"post-110111","1":"product","2":"type-product","3":"status-publish","4":"has-post-thumbnail","6":"brand-dainese-de","7":"product_cat-ausrustung-fur-motorradfahrer","8":"product_cat-schuhe","9":"product_cat-sportliches-schuhwerk","10":"pa_size-40-de","11":"pa_size-41-de","12":"pa_size-42-de","13":"pa_size-43-de","14":"pa_size-44-de","15":"pa_size-45-de","16":"pa_size-46-de","17":"pa_size-47-de","19":"first","20":"onbackorder","21":"taxable","22":"shipping-taxable","23":"purchasable","24":"product-type-variable"},"acf":[],"_links":{"self":[{"href":"https:\/\/moto-oprema.com\/de\/wp-json\/wp\/v2\/product\/110111","targetHints":{"allow":["GET"]}}],"collection":[{"href":"https:\/\/moto-oprema.com\/de\/wp-json\/wp\/v2\/product"}],"about":[{"href":"https:\/\/moto-oprema.com\/de\/wp-json\/wp\/v2\/types\/product"}],"replies":[{"embeddable":true,"href":"https:\/\/moto-oprema.com\/de\/wp-json\/wp\/v2\/comments?post=110111"}],"wp:featuredmedia":[{"embeddable":true,"href":"https:\/\/moto-oprema.com\/de\/wp-json\/wp\/v2\/media\/17311"}],"wp:attachment":[{"href":"https:\/\/moto-oprema.com\/de\/wp-json\/wp\/v2\/media?parent=110111"}],"wp:term":[{"taxonomy":"brand","embeddable":true,"href":"https:\/\/moto-oprema.com\/de\/wp-json\/wp\/v2\/brand?post=110111"},{"taxonomy":"gender","embeddable":true,"href":"https:\/\/moto-oprema.com\/de\/wp-json\/wp\/v2\/gender?post=110111"},{"taxonomy":"product_brand","embeddable":true,"href":"https:\/\/moto-oprema.com\/de\/wp-json\/wp\/v2\/product_brand?post=110111"},{"taxonomy":"product_cat","embeddable":true,"href":"https:\/\/moto-oprema.com\/de\/wp-json\/wp\/v2\/product_cat?post=110111"},{"taxonomy":"product_tag","embeddable":true,"href":"https:\/\/moto-oprema.com\/de\/wp-json\/wp\/v2\/product_tag?post=110111"}],"curies":[{"name":"wp","href":"https:\/\/api.w.org\/{rel}","templated":true}]}}