{"id":110016,"date":"2022-05-09T10:32:14","date_gmt":"2022-05-09T10:32:14","guid":{"rendered":"https:\/\/moto-oprema.com\/Artikel\/interphone-u-com-16-kommunikation-einzeln\/"},"modified":"2022-05-09T10:32:14","modified_gmt":"2022-05-09T10:32:14","slug":"interphone-u-com-16-kommunikation-einzeln","status":"publish","type":"product","link":"https:\/\/moto-oprema.com\/de\/Artikel\/interphone-u-com-16-kommunikation-einzeln\/","title":{"rendered":"INTERPHONE U-COM 16 KOMMUNIKATION EINZELN"},"content":{"rendered":"<p>U-com 16 Bluetooth Gegensprechanlage Einzelset<\/p>\n<p>Das U-com 16 ist das schlankste Intercom mit MESH-Netzwerktechnologie auf dem Markt. Dank dieser fortschrittlichen Technologie k\u00f6nnen Sie mit einem einfachen Klick eine zuverl\u00e4ssigere Verbindung und eine Gruppenverbindung mit anderen Intercoms (bis zu 24) herstellen. Aber das ist noch nicht alles: Die volle Kompatibilit\u00e4t mit allen Sena-, TFT-, GPS- und OEM-Systemen der wichtigsten Helmhersteller auf dem Markt macht es zum perfekten Abenteuerbegleiter. Das U-com 16 bietet auch eine sehr hohe Audioleistung, wenn Sie Radio oder Ihre Lieblingsplaylists h\u00f6ren, sogar im Hintergrund w\u00e4hrend eines Gespr\u00e4chs, dank der neuen 40 mm HD-Lautsprecher f\u00fcr tiefe und umarmende B\u00e4sse. Eine weitere Besonderheit dieses Modells ist das sto\u00dffreie Helmdesign. Die praktische, separate Batterie an der R\u00fcckseite des Helms ist nie sichtbar und kann ausgetauscht werden, um die Dauer und Leistung der Gegensprechanlage zu verdoppeln.     <\/p>\n<p>Merkmale:<\/p>\n<p>  Mesh 2.0 Technologie und Bluetooth\u00ae 5.0<br \/> Intercom-Verbindung bis zu 1,6 km<br \/> Mesh-Kommunikation in Gruppen f\u00fcr bis zu 24 Intercoms<br \/> Mesh Bridge: M\u00f6glichkeit, eine andere Bluetooth-Gegensprechanlage in ein Mesh-Gespr\u00e4ch zu schalten<br \/> Ein-Klick-Verbindung zwischen Gegensprechanlagen<br \/> Men\u00fc mit mehrsprachiger Sprachf\u00fchrung<br \/> Smartphone-Verbindung<br \/> Musik h\u00f6ren\/freigeben, Telefonanrufe<br \/> Wasserdicht IP 67<br \/> Gespr\u00e4ch von Gegensprechanlage zu Gegensprechanlage mit Audiohintergrund von Radio\/GPS\/Musikfunktionen<br \/> Konfigurieren Sie das Ger\u00e4t im Home- oder Advanced-Modus<br \/> Erweiterte Kompatibilit\u00e4t mit allen handels\u00fcblichen Sena-, TFT- und GPS-Systemen<br \/> Integrierte Sprachbefehle zur Steuerung der Ger\u00e4tefunktionen.<br \/> Aktualisieren und Konfigurieren des Ger\u00e4ts \u00fcber den PC (Windows und MacO)<\/p>\n<p>Spezifikationen:<\/p>\n<p>App:<\/p>\n<p>  Neue iOS- und Android-App<br \/> Volle Kontrolle \u00fcber die Intercom-Funktionen<br \/> Anzeige der verbleibenden Autonomiezeit<br \/> Anzeige der installierten Firmware-Version und der Verf\u00fcgbarkeit neuer Versionen<br \/> Anzeige des Ladezustands in Prozent<br \/> Einfachere Erstellung von Intercom-Gruppen<br \/> Smart Intercom Pairing: Kopplung mit der Gegensprechanlage \u00fcber QR-Code<br \/> Auswahl von Audio-Equalizer-Voreinstellungen.<\/p>\n<p>TON:<\/p>\n<p>  Ger\u00e4testeuerung mit mehrsprachigen Sprachbefehlen<br \/> Voreingestellte Sprachnachrichten<br \/> Gerichtetes Windschutzmikrofon<br \/> Automatische Lautst\u00e4rkeregelung (abschaltbar) in 3 Stufen<br \/> Neue Premium-HD-Lautsprecher mit bis zu 40 mm<br \/> Vox Intercom Sound-Equalizer einstellbar in 5 Stufen<\/p>\n<p>POLLINNIK:<\/p>\n<p>  Vollst\u00e4ndige Aufladung in 1 Stunde<br \/> Schnellladung: Laden Sie Ihre Gegensprechanlage mit H\u00f6chstgeschwindigkeit auf. Mit einer Ladezeit von ca. 20 Minuten erhalten Sie bis zu 6 Stunden Sprechzeit \u00fcber Bluetooth\u00ae und 3 Stunden \u00fcber Mesh<br \/> Mikrobuchse f\u00fcr Mikrofon und Lautsprecher<br \/> USB Typ C zum Laden und zur Daten\u00fcbertragung<br \/> Akkulaufzeit in der Gegensprechanlage nur bis zu 8 Stunden in Mesh und 15 Stunden in Bluetooth\u00ae (Dauer h\u00e4ngt von Hintergrundmusik\/GPS\/Radio ab)<br \/> M\u00f6glichkeit, die Gegensprechanlage w\u00e4hrend des Gebrauchs zu laden <\/p>\n<p>GPS:<\/p>\n<p>  Kompatibel mit den wichtigsten Bluetooth\u00ae-Navigationssystemen f\u00fcr Motorr\u00e4der<br \/> GPS-Sprachf\u00fchrung, auch im Hintergrund bei Gespr\u00e4chen \u00fcber die Gegensprechanlage<br \/> Kompatibel mit den wichtigsten Smartphone-Navigations-Apps, auch im Hintergrund f\u00fcr die Sprachf\u00fchrung.<\/p>\n<p>FM-RADIO:<\/p>\n<p>  Empfang von 76,0MHz bis 108MHz<br \/> RDS-Funktion (w\u00e4hlt die besten Frequenzen je nach Gebiet)<br \/> 10 Voreinstellungen f\u00fcr Radiosender<br \/> Speichert automatisch die ersten 10 Sender mit dem besten Empfang<br \/> Schaltet eingehende Anrufe automatisch stumm.<\/p>\n<p>KOMPATIBILIT\u00c4T:<\/p>\n<p>  Kompatibel mit allen Smartphones mit Bluetooth\u00ae-Technologie<br \/> GPS-Navigationssysteme mit Bluetooth\u00ae-Technologie und HFP-Profil<br \/> Volle Integration mit allen Sena-Systemen und Helmen mit integriertem Kommunikationssystem<br \/> Verbindung mit Gegensprechanlagen anderer Marken im Anycom-Modus<br \/> Kompatibel mit allen TFT- und GPS-Systemen.<br \/> Geeignet f\u00fcr die meisten Helme<\/p>\n<p>MOBILTELEFON:<\/p>\n<p>  Double Point: M\u00f6glichkeit, zwei Smartphones gleichzeitig mit der Steuereinheit zu verbinden<br \/> Sprachsteuerung<br \/> Sprachsteuerung von Apple und Android<br \/> Kurzwahl: M\u00f6glichkeit, 3 Telefonnummern zu speichern<br \/> Wahlwiederholung des letzten Anrufs<br \/> Teilen Sie einen Telefonanruf mit einer anderen Gegensprechanlage.<\/p>\n<p>MUSIK:<\/p>\n<p>  Audiowiedergabe (A2DP\/AVRCP) von Smartphones, Fahrzeug-Multimediasystemen (TFT), MP3-Playern und anderen Bluetooth\u00ae-Playern<br \/> Song-Sharing: gemeinsame Nutzung von Musik durch Fahrer und Beifahrer.<\/p>\n<p>Abmessungen:<\/p>\n<p>  Gewicht: 60 g<br \/> L\u00e4nge: 85 mm<br \/> H\u00f6he: 48 mm<br \/> Dicke: 12 mm<\/p>\n<p>Enthalten:<\/p>\n<p>  1x Interphone U-com 16 Hauptger\u00e4t<br \/> 1x Klebehalterung<br \/> 1x Klettverschluss f\u00fcr Helmmontage<br \/> 1x Halterung mit Clip<br \/> 1x Lautsprecher auch 40 mm TS<br \/> 1x B\u00fcgelmikrofon (offene und modulare Helme) und mit Klebehalterung (Integralhelme)<br \/> 1x herausnehmbarer Akku mit Helmhalterung<br \/> 1x USB Type-C Kabel f\u00fcr Daten und Laden<\/p>\n","protected":false},"excerpt":{"rendered":"<p>U-com 16 Bluetooth Gegensprechanlage Einzelset Das U-com 16 ist das schlankste Intercom mit MESH-Netzwerktechnologie auf dem&#8230;<\/p>\n","protected":false},"featured_media":110017,"comment_status":"open","ping_status":"open","template":"","meta":{"_acf_changed":false},"brand":[2669],"gender":[],"product_brand":[],"product_cat":[1357,1360,2064],"product_tag":[],"class_list":{"0":"post-110016","1":"product","2":"type-product","3":"status-publish","4":"has-post-thumbnail","6":"brand-interphone-de","7":"product_cat-ausrustung-fur-motorradfahrer","8":"product_cat-helme","9":"product_cat-kommunikation","11":"first","12":"onbackorder","13":"taxable","14":"shipping-taxable","15":"purchasable","16":"product-type-simple"},"acf":[],"_links":{"self":[{"href":"https:\/\/moto-oprema.com\/de\/wp-json\/wp\/v2\/product\/110016","targetHints":{"allow":["GET"]}}],"collection":[{"href":"https:\/\/moto-oprema.com\/de\/wp-json\/wp\/v2\/product"}],"about":[{"href":"https:\/\/moto-oprema.com\/de\/wp-json\/wp\/v2\/types\/product"}],"replies":[{"embeddable":true,"href":"https:\/\/moto-oprema.com\/de\/wp-json\/wp\/v2\/comments?post=110016"}],"wp:featuredmedia":[{"embeddable":true,"href":"https:\/\/moto-oprema.com\/de\/wp-json\/wp\/v2\/media\/110017"}],"wp:attachment":[{"href":"https:\/\/moto-oprema.com\/de\/wp-json\/wp\/v2\/media?parent=110016"}],"wp:term":[{"taxonomy":"brand","embeddable":true,"href":"https:\/\/moto-oprema.com\/de\/wp-json\/wp\/v2\/brand?post=110016"},{"taxonomy":"gender","embeddable":true,"href":"https:\/\/moto-oprema.com\/de\/wp-json\/wp\/v2\/gender?post=110016"},{"taxonomy":"product_brand","embeddable":true,"href":"https:\/\/moto-oprema.com\/de\/wp-json\/wp\/v2\/product_brand?post=110016"},{"taxonomy":"product_cat","embeddable":true,"href":"https:\/\/moto-oprema.com\/de\/wp-json\/wp\/v2\/product_cat?post=110016"},{"taxonomy":"product_tag","embeddable":true,"href":"https:\/\/moto-oprema.com\/de\/wp-json\/wp\/v2\/product_tag?post=110016"}],"curies":[{"name":"wp","href":"https:\/\/api.w.org\/{rel}","templated":true}]}}