{"id":109986,"date":"2022-06-09T12:13:08","date_gmt":"2022-06-09T12:13:08","guid":{"rendered":"https:\/\/moto-oprema.com\/Artikel\/alpinestars-missile-v3-black-lange-lederhose\/"},"modified":"2022-06-09T12:13:08","modified_gmt":"2022-06-09T12:13:08","slug":"alpinestars-missile-v3-black-lange-lederhose","status":"publish","type":"product","link":"https:\/\/moto-oprema.com\/de\/Artikel\/alpinestars-missile-v3-black-lange-lederhose\/","title":{"rendered":"ALPINESTARS MISSILE V3 BLACK LANGE Lederhose"},"content":{"rendered":"<div class=\"rte\">Die beliebte Missile v3 Lederhose von Alpinestars ist aus 1,3 mm dickem Rindsleder gefertigt und verf\u00fcgt \u00fcber Akkordeon-Stretcheins\u00e4tze oberhalb des Knies f\u00fcr optimalen Komfort. Sie verf\u00fcgt \u00fcber einen verl\u00e4ngerten R\u00fcckenbund f\u00fcr mehr Bewegungsfreiheit sowie eine verbesserte Passform, verbesserte Bel\u00fcftung, einen Verbindungsrei\u00dfverschluss im Bund und einen verst\u00e4rkten Sitzbereich. Ein Mesh-Innenfutter optimiert zus\u00e4tzliche Stretcheins\u00e4tze und erweiterte Stretcheins\u00e4tze an den H\u00fcften machen die Missile Tech 10 Lederhose einsatzbereit. Die Hose enth\u00e4lt Alpinestars GP-R Lite Knieschoner f\u00fcr optimalen Schutz und ist mit Nucleon KR-H H\u00fcftpolstern kompatibel. Die SPORT Knieschleifer sind austauschbar und vollst\u00e4ndig CE-zertifiziert nach der CE-Kategorie II Norm EN 17092 &#8211; Klasse AA.    <\/div>\n","protected":false},"excerpt":{"rendered":"<p>Erweitertes Modell !!<\/p>\n","protected":false},"featured_media":109994,"comment_status":"open","ping_status":"closed","template":"","meta":{"_acf_changed":false},"brand":[2111],"gender":[],"product_brand":[],"product_cat":[1357,2189,2509],"product_tag":[],"class_list":{"0":"post-109986","1":"product","2":"type-product","3":"status-publish","4":"has-post-thumbnail","6":"brand-alpinestars-de","7":"product_cat-ausrustung-fur-motorradfahrer","8":"product_cat-hose","9":"product_cat-lederhose","10":"pa_size-48-de","11":"pa_size-50-de","12":"pa_size-52-de","13":"pa_size-54-de","14":"pa_size-56-de","15":"pa_size-58-de","16":"pa_size-60-de","18":"first","19":"onbackorder","20":"sale","21":"taxable","22":"shipping-taxable","23":"purchasable","24":"product-type-variable"},"acf":[],"_links":{"self":[{"href":"https:\/\/moto-oprema.com\/de\/wp-json\/wp\/v2\/product\/109986","targetHints":{"allow":["GET"]}}],"collection":[{"href":"https:\/\/moto-oprema.com\/de\/wp-json\/wp\/v2\/product"}],"about":[{"href":"https:\/\/moto-oprema.com\/de\/wp-json\/wp\/v2\/types\/product"}],"replies":[{"embeddable":true,"href":"https:\/\/moto-oprema.com\/de\/wp-json\/wp\/v2\/comments?post=109986"}],"wp:featuredmedia":[{"embeddable":true,"href":"https:\/\/moto-oprema.com\/de\/wp-json\/wp\/v2\/media\/109994"}],"wp:attachment":[{"href":"https:\/\/moto-oprema.com\/de\/wp-json\/wp\/v2\/media?parent=109986"}],"wp:term":[{"taxonomy":"brand","embeddable":true,"href":"https:\/\/moto-oprema.com\/de\/wp-json\/wp\/v2\/brand?post=109986"},{"taxonomy":"gender","embeddable":true,"href":"https:\/\/moto-oprema.com\/de\/wp-json\/wp\/v2\/gender?post=109986"},{"taxonomy":"product_brand","embeddable":true,"href":"https:\/\/moto-oprema.com\/de\/wp-json\/wp\/v2\/product_brand?post=109986"},{"taxonomy":"product_cat","embeddable":true,"href":"https:\/\/moto-oprema.com\/de\/wp-json\/wp\/v2\/product_cat?post=109986"},{"taxonomy":"product_tag","embeddable":true,"href":"https:\/\/moto-oprema.com\/de\/wp-json\/wp\/v2\/product_tag?post=109986"}],"curies":[{"name":"wp","href":"https:\/\/api.w.org\/{rel}","templated":true}]}}