{"id":109954,"date":"2022-07-13T10:47:51","date_gmt":"2022-07-13T10:47:51","guid":{"rendered":"https:\/\/moto-oprema.com\/Artikel\/sena-3s-plus-universelle-kommunikation\/"},"modified":"2022-07-13T10:47:51","modified_gmt":"2022-07-13T10:47:51","slug":"sena-3s-plus-universelle-kommunikation","status":"publish","type":"product","link":"https:\/\/moto-oprema.com\/de\/Artikel\/sena-3s-plus-universelle-kommunikation\/","title":{"rendered":"SENA 3S PLUS UNIVERSELLE KOMMUNIKATION"},"content":{"rendered":"<p>Das Sena 3S Plus nutzt Bluetooth 4.1 f\u00fcr die universelle Kommunikation, um eingehende und ausgehende Audiosignale, Musik, Telefonanrufe, GPS-Anweisungen und Gespr\u00e4che \u00fcber die Gegensprechanlage mit einem Beifahrer in einer Entfernung von bis zu 400 Metern zu \u00fcbertragen. Sprachbenachrichtigungen in 11 Sprachen halten Sie au\u00dferdem \u00fcber aktivierte Funktionen auf dem Laufenden. Einfach, elegant und leistungsstark &#8211; das 3S Plus konzentriert sich auf alles, was Sie wirklich brauchen.  <\/p>\n<p>Der 3S Plus Universal ist f\u00fcr eine schnelle und einfache Montage konzipiert und gl\u00e4nzt mit seinem minimalistischen Design. Welchen Helm Sie auch immer verwenden, der Zwei-Tasten-Controller wird einfach an der Au\u00dfenseite des Helms angebracht und bietet schnellen Zugriff auf die verschiedenen Funktionen. Um alle M\u00f6glichkeiten abzudecken, sind ein kabelgebundenes Mikrofon und ein kabelgebundenes Stabmikrofon im Lieferumfang enthalten.  <\/p>\n<p>Das 3S Plus verf\u00fcgt \u00fcber eine HD-Gegensprechanlage, die HD-Qualit\u00e4t f\u00fcr Zwei-Wege-Anrufe \u00fcber die Gegensprechanlage bietet. Die fortschrittliche Noise Control-Technologie filtert Umgebungs- und Windger\u00e4usche heraus und sorgt so f\u00fcr kristallklaren Klang. Das winzige Bluetooth-Headset kann \u00fcber den USB-C-Anschluss aufgeladen werden und bietet mit einer einzigen Ladung bis zu acht Stunden Sprechzeit und sieben Tage Standby-Zeit.  <\/p>\n<p>Mit der Sena Utility App k\u00f6nnen Sie Ihr 3S Plus Universal ganz einfach einrichten: \u00c4ndern Sie die Funktionseinstellungen, stellen Sie Ihre Lieblings-FM-Sender ein oder \u00f6ffnen Sie den digitalen Guide f\u00fcr einen schnellen Start. Mit der App haben Sie auch Zugriff auf das Smart Intercom Pairing, das die Kopplung mit einem Freund so einfach macht wie das Scannen eines QR-Codes auf Ihrem Telefon.  <\/p>\n<p>Merkmale:<\/p>\n<p>Abmessungen:<\/p>\n<p>  Hauptmodul: 23 mm &#8211; 4,3 mm dick<br \/> Mikrofon auf Halterung: L\u00e4nge 120 mm<br \/> Mikrofonkabel: L\u00e4nge 180 mm<br \/> Gewicht: 48g<br \/> Betriebstemperatur: -10\u02daC &#8211; 55\u02daC<\/p>\n<p>Bluetooth:<\/p>\n<p>  Bluetooth 4.1<br \/> Kopfh\u00f6rerprofil (HSP)<br \/> Freisprechprofil (HFP)<br \/> Advanced Audio Output Profile (A2DP)<br \/> Audio- oder Video-Fernbedienungsprofil (AVRCP)<\/p>\n<p>Gegensprechanlage:<\/p>\n<p>  Reichweite: bis zu 400 Meter im offenen Gel\u00e4nde<br \/> Unterst\u00fctzt bis zu 2 Fahrer<\/p>\n<p>Audio:<\/p>\n<p>  Ger\u00e4uschunterdr\u00fcckung: Advanced Noise Control\u2122<br \/> Codec: integrierter SBC-Codec<\/p>\n<p>Akku-Pack:<\/p>\n<p>  Sprechzeit: bis zu 8 Stunden<br \/> Ladezeit: 3 Stunden<br \/> Typ: Lithium-Polymer-Akku<\/p>\n<p>Enthalten:<\/p>\n<p>  1X Bluetooth Kommunikationssystem Sena 3S Plus <br \/> 1x Mikrofon auf einem Stick<br \/> 1x kabelgebundenes Mikrofon<br \/> 1x USB Strom- und Datenkabel<br \/> 1x Mikrofonschwamm<\/p>\n","protected":false},"excerpt":{"rendered":"<p>Das Sena 3S Plus nutzt Bluetooth 4.1 f\u00fcr die universelle Kommunikation, um eingehende und ausgehende Audiosignale,&#8230;<\/p>\n","protected":false},"featured_media":17773,"comment_status":"open","ping_status":"closed","template":"","meta":{"_acf_changed":false},"brand":[2151],"gender":[],"product_brand":[],"product_cat":[1357,1360,2064],"product_tag":[],"class_list":{"0":"post-109954","1":"product","2":"type-product","3":"status-publish","4":"has-post-thumbnail","6":"brand-sena-de","7":"product_cat-ausrustung-fur-motorradfahrer","8":"product_cat-helme","9":"product_cat-kommunikation","11":"first","12":"instock","13":"sale","14":"taxable","15":"shipping-taxable","16":"purchasable","17":"product-type-simple"},"acf":[],"_links":{"self":[{"href":"https:\/\/moto-oprema.com\/de\/wp-json\/wp\/v2\/product\/109954","targetHints":{"allow":["GET"]}}],"collection":[{"href":"https:\/\/moto-oprema.com\/de\/wp-json\/wp\/v2\/product"}],"about":[{"href":"https:\/\/moto-oprema.com\/de\/wp-json\/wp\/v2\/types\/product"}],"replies":[{"embeddable":true,"href":"https:\/\/moto-oprema.com\/de\/wp-json\/wp\/v2\/comments?post=109954"}],"wp:featuredmedia":[{"embeddable":true,"href":"https:\/\/moto-oprema.com\/de\/wp-json\/wp\/v2\/media\/17773"}],"wp:attachment":[{"href":"https:\/\/moto-oprema.com\/de\/wp-json\/wp\/v2\/media?parent=109954"}],"wp:term":[{"taxonomy":"brand","embeddable":true,"href":"https:\/\/moto-oprema.com\/de\/wp-json\/wp\/v2\/brand?post=109954"},{"taxonomy":"gender","embeddable":true,"href":"https:\/\/moto-oprema.com\/de\/wp-json\/wp\/v2\/gender?post=109954"},{"taxonomy":"product_brand","embeddable":true,"href":"https:\/\/moto-oprema.com\/de\/wp-json\/wp\/v2\/product_brand?post=109954"},{"taxonomy":"product_cat","embeddable":true,"href":"https:\/\/moto-oprema.com\/de\/wp-json\/wp\/v2\/product_cat?post=109954"},{"taxonomy":"product_tag","embeddable":true,"href":"https:\/\/moto-oprema.com\/de\/wp-json\/wp\/v2\/product_tag?post=109954"}],"curies":[{"name":"wp","href":"https:\/\/api.w.org\/{rel}","templated":true}]}}