{"id":109917,"date":"2022-08-04T11:33:13","date_gmt":"2022-08-04T11:33:13","guid":{"rendered":"https:\/\/moto-oprema.com\/Artikel\/spidi-carbo-7-handschuhe-schwarz\/"},"modified":"2022-08-04T11:33:13","modified_gmt":"2022-08-04T11:33:13","slug":"spidi-carbo-7-handschuhe-schwarz","status":"publish","type":"product","link":"https:\/\/moto-oprema.com\/de\/Artikel\/spidi-carbo-7-handschuhe-schwarz\/","title":{"rendered":"SPIDI CARBO 7 HANDSCHUHE SCHWARZ"},"content":{"rendered":"<p>Der SPIDI Carbo 7 ist die neueste Erg\u00e4nzung unserer Carbo-Serie hochentwickelter Sporthandschuhe; ebenfalls mit EN 13594:2015 KP CE Level 1-Zertifizierung. Jeder einzelne Handschuh ist aus 0,6 bis 0,8 mm dickem Ziegenleder gefertigt und wird besonders f\u00fcr seine leichte Konstruktion trotz seiner enormen Abrieb- und Durchstichfestigkeit gesch\u00e4tzt. Schutz aus Kohlefaser \u00fcber den Fingerkn\u00f6cheln und zus\u00e4tzlicher Schutz durch HDF-Polsterung auf der Handfl\u00e4che, dem Handr\u00fccken und den Handkanten. Der Carbo 7 verf\u00fcgt \u00fcber ein starkes Handgelenkband, das ein Verrutschen verhindert, und einige Perforationen im Leder, die eine hervorragende Luftzirkulation erm\u00f6glichen. SPIDI bietet dieses Handschuhmodell in den Gr\u00f6\u00dfen S bis 3XL und in 4 Farben an.     <\/p>\n","protected":false},"excerpt":{"rendered":"<p>Der SPIDI Carbo 7 ist die neueste Erg\u00e4nzung unserer Carbo-Serie hochentwickelter Sporthandschuhe; ebenfalls mit EN 13594:2015&#8230;<\/p>\n","protected":false},"featured_media":17890,"comment_status":"open","ping_status":"closed","template":"","meta":{"_acf_changed":false},"brand":[2124],"gender":[],"product_brand":[],"product_cat":[1357,2086,2188],"product_tag":[],"class_list":{"0":"post-109917","1":"product","2":"type-product","3":"status-publish","4":"has-post-thumbnail","6":"brand-spidi-de","7":"product_cat-ausrustung-fur-motorradfahrer","8":"product_cat-handschuhe","9":"product_cat-lederhandschuhe","10":"pa_size-l-de","11":"pa_size-m-de","12":"pa_size-s-de","13":"pa_size-xl-de","14":"pa_size-xxl-de","15":"pa_size-xxxl-de","17":"first","18":"outofstock","19":"taxable","20":"shipping-taxable","21":"purchasable","22":"product-type-variable"},"acf":[],"_links":{"self":[{"href":"https:\/\/moto-oprema.com\/de\/wp-json\/wp\/v2\/product\/109917","targetHints":{"allow":["GET"]}}],"collection":[{"href":"https:\/\/moto-oprema.com\/de\/wp-json\/wp\/v2\/product"}],"about":[{"href":"https:\/\/moto-oprema.com\/de\/wp-json\/wp\/v2\/types\/product"}],"replies":[{"embeddable":true,"href":"https:\/\/moto-oprema.com\/de\/wp-json\/wp\/v2\/comments?post=109917"}],"wp:featuredmedia":[{"embeddable":true,"href":"https:\/\/moto-oprema.com\/de\/wp-json\/wp\/v2\/media\/17890"}],"wp:attachment":[{"href":"https:\/\/moto-oprema.com\/de\/wp-json\/wp\/v2\/media?parent=109917"}],"wp:term":[{"taxonomy":"brand","embeddable":true,"href":"https:\/\/moto-oprema.com\/de\/wp-json\/wp\/v2\/brand?post=109917"},{"taxonomy":"gender","embeddable":true,"href":"https:\/\/moto-oprema.com\/de\/wp-json\/wp\/v2\/gender?post=109917"},{"taxonomy":"product_brand","embeddable":true,"href":"https:\/\/moto-oprema.com\/de\/wp-json\/wp\/v2\/product_brand?post=109917"},{"taxonomy":"product_cat","embeddable":true,"href":"https:\/\/moto-oprema.com\/de\/wp-json\/wp\/v2\/product_cat?post=109917"},{"taxonomy":"product_tag","embeddable":true,"href":"https:\/\/moto-oprema.com\/de\/wp-json\/wp\/v2\/product_tag?post=109917"}],"curies":[{"name":"wp","href":"https:\/\/api.w.org\/{rel}","templated":true}]}}